{"id":53417,"date":"2026-04-20T03:10:18","date_gmt":"2026-04-20T02:10:18","guid":{"rendered":"https:\/\/davhonmeble.pl\/?post_type=product&#038;p=53417"},"modified":"2026-04-20T09:47:49","modified_gmt":"2026-04-20T08:47:49","slug":"lozko-tapicerowane-90x200-bez-zaglowka-z-pojemnikiem","status":"publish","type":"product","link":"https:\/\/davhonmeble.pl\/de\/produkt\/lozko-tapicerowane-90x200-bez-zaglowka-z-pojemnikiem\/","title":{"rendered":"\u0141\u00f3\u017cko tapicerowane 90&#215;200 bez zag\u0142\u00f3wka z pojemnikiem"},"content":{"rendered":"<h2>\u0141\u00f3\u017cko tapicerowane 90&#215;200 bez zag\u0142\u00f3wka z pojemnikiem<\/h2>\n<p>\u0141\u00f3\u017cko tapicerowane 90&#215;200 bez zag\u0142\u00f3wka z pojemnikiem na po\u015bciel to nowoczesne i funkcjonalne rozwi\u0105zanie do ka\u017cdej sypialni. Model \u015bwietnie sprawdzi si\u0119 we wn\u0119trzach minimalistycznych oraz w pomieszczeniach, w kt\u00f3rych nie ma miejsca na tradycyjne wezg\u0142owie. To tak\u017ce dobry wyb\u00f3r dla os\u00f3b planuj\u0105cych monta\u017c paneli \u015bciennych lub w\u0142asnego zag\u0142\u00f3wka. Solidna konstrukcja wykonana z podw\u00f3jnej p\u0142yty meblowej zapewnia trwa\u0142o\u015b\u0107 i wygod\u0119 u\u017cytkowania przez lata.<\/p>\n<p>W\u00e4hlen Sie ein Polsterbett ohne Kopfteil und bestellen Sie ein Modell, das zu Ihrem Schlafzimmer passt - direkt beim Hersteller DAVHON.<\/p>\n<p><strong><\/p>\n<p>Produkt-Highlights:<\/strong>.<\/p>\n<p>- hebbarer Metallrahmen<\/p>\n<p>- Gestell ausgestattet mit Gasautomaten (Gasflaschen) + M\u00f6belplatte<\/p>\n<p>- Streubeh\u00e4lter (keine H\u00f6chstlast!)<\/p>\n<p>- die M\u00f6glichkeit, die Farbe oder den Stoff Ihrer Tr\u00e4ume zu w\u00e4hlen<\/p>\n<p>- Der Basis-Metallrahmen ist mit 1000N Automatik-\/Gasantrieben und 34 Holzlatten im Set (17 pro Seite) ausgestattet. Es besteht die M\u00f6glichkeit, einen HEAVY-Rahmen mit 24 Latten auf einer Seite (48 Latten im gesamten Rahmen) zu kaufen, dessen Tragf\u00e4higkeit um \u00fcber 100 kg h\u00f6her ist und dessen Matratze sich durch eine h\u00f6here Dichte der Federleisten noch besser an den K\u00f6rper anpasst.<\/p>\n<p>- Das Bett ist ohne Matratze im Set enthalten. F\u00fcr maximalen Schlafkomfort empfehlen wir, ein passendes Modell aus unserem Sortiment zu w\u00e4hlen:<em> <a style=\"font-weight: normal;\" href=\"https:\/\/davhonmeble.pl\/de\/produkt-kategorie\/materace\/\" target=\"_blank\" rel=\"noopener\">siehe passende Matratzen 90\u00d7200 f\u00fcr Polsterbetten<\/a><\/em><\/p>\n<p>- einfache und schnelle Montage. Jedes Bett und jeder Rahmen wird mit einem Montagesatz und einer Anleitung geliefert<\/p>\n<p><strong><\/p>\n<p>Rahmenoptionen zur Auswahl: <\/strong>.<\/p>\n<p>- ein Holzbett (nicht erh\u00f6ht), bestehend aus 32 gefederten Latten - 300 PLN billiger<\/p>\n<p>- verst\u00e4rktes Holzbett (nicht anhebbar), bestehend aus 48 Federleisten - 150 PLN billiger<\/p>\n<p>- h\u00f6lzerner (gefederter) Lifter, bestehend aus 32 gefederten Latten, einschlie\u00dflich eines Bettzeugbeh\u00e4lters - 100 PLN billiger<\/p>\n<p>- Metall (mit Gasflaschen erh\u00f6ht), bestehend aus 34 gefederten Latten, einschlie\u00dflich eines Bettzeugbeh\u00e4lters - INKLUSIVE<\/p>\n<p>- Verst\u00e4rktes Metall (mit Gasflaschen erh\u00f6ht), bestehend aus 48 Federleisten, einschlie\u00dflich eines Bettungsbeh\u00e4lters - Aufpreis 100 PLN<\/p>\n<p><strong><\/p>\n<p>Zus\u00e4tzliche Optionen<\/strong>. (kostenpflichtig) - rufen Sie an und erfahren Sie mehr:<\/p>\n<p>- \u00c4nderung der Abmessungen der Box<\/p>\n<p>- Verwendung eines aufklappbaren Metallrahmens an der L\u00e4ngsseite (links\/rechts)<\/p>\n<p>- REINFORCED-Rahmen mit 48 Latten im gesamten Bett (der Abstand zwischen den Federleisten betr\u00e4gt beim verst\u00e4rkten Rahmen 2,5 cm, bei der Basisversion 6 cm)<\/p>\n<p><strong><\/p>\n<p>Abmessungen des Bettes:<\/strong>.<\/p>\n<p>- Gesamtl\u00e4nge 209 Zentimeter<\/p>\n<p>- Gesamtbreite 98\/128\/148\/168\/188\/208 (je nach gew\u00e4hlter Gr\u00f6\u00dfe)<\/p>\n<p>- H\u00f6he des Rahmens vom Boden 30 cm<\/p>\n<p><strong><\/p>\n<p>Versand und Erf\u00fcllung:<\/strong>.<\/p>\n<p>- landesweit in H\u00f6he von 160 PLN<\/p>\n<p>- Nachnahme (Zahlung erst bei Erhalt der Ware)<\/p>\n<p>- pers\u00f6nliche Abholung m\u00f6glich<\/p>\n<p>&nbsp;<\/p>\n<p>\u0141\u00f3\u017cko 90&#215;200 wysy\u0142ane jest w paczkach do samodzielnego monta\u017cu, a sam monta\u017c jest bardzo prosty i szybki. Realizacje dostawy wykonuje prywatny przewo\u017anik, dzi\u0119ki czemu gwarantujemy, \u017ce \u0142\u00f3\u017cko zostanie dostarczone bez jakichkolwiek uszkodze\u0144 podczas transportu.<\/p>\n<p>Bitte beachten Sie: Der Fahrer ist nicht verpflichtet, die M\u00f6bel in das Haus\/die Wohnung zu bringen!<\/p>","protected":false},"excerpt":{"rendered":"<p>\u0141\u00f3\u017cko tapicerowane 90&#215;200 bez zag\u0142\u00f3wka z pojemnikiem na po\u015bciel. Idealne do nowoczesnych sypialni, pod panele \u015bcienne lub w\u0142asne wezg\u0142owie. Solidna konstrukcja, estetyczne wykonanie i praktyczny schowek na po\u015bciel.<\/p>","protected":false},"featured_media":52728,"comment_status":"open","ping_status":"closed","template":"","meta":{"_acf_changed":false},"product_brand":[],"product_cat":[1290],"product_tag":[],"class_list":{"0":"post-53417","1":"product","2":"type-product","3":"status-publish","4":"has-post-thumbnail","6":"product_cat-lozka-tapicerowane-90x200","7":"tm-has-options","9":"first","10":"instock","11":"shipping-taxable","12":"purchasable","13":"product-type-simple"},"acf":[],"_links":{"self":[{"href":"https:\/\/davhonmeble.pl\/de\/wp-json\/wp\/v2\/product\/53417","targetHints":{"allow":["GET"]}}],"collection":[{"href":"https:\/\/davhonmeble.pl\/de\/wp-json\/wp\/v2\/product"}],"about":[{"href":"https:\/\/davhonmeble.pl\/de\/wp-json\/wp\/v2\/types\/product"}],"replies":[{"embeddable":true,"href":"https:\/\/davhonmeble.pl\/de\/wp-json\/wp\/v2\/comments?post=53417"}],"wp:featuredmedia":[{"embeddable":true,"href":"https:\/\/davhonmeble.pl\/de\/wp-json\/wp\/v2\/media\/52728"}],"wp:attachment":[{"href":"https:\/\/davhonmeble.pl\/de\/wp-json\/wp\/v2\/media?parent=53417"}],"wp:term":[{"taxonomy":"product_brand","embeddable":true,"href":"https:\/\/davhonmeble.pl\/de\/wp-json\/wp\/v2\/product_brand?post=53417"},{"taxonomy":"product_cat","embeddable":true,"href":"https:\/\/davhonmeble.pl\/de\/wp-json\/wp\/v2\/product_cat?post=53417"},{"taxonomy":"product_tag","embeddable":true,"href":"https:\/\/davhonmeble.pl\/de\/wp-json\/wp\/v2\/product_tag?post=53417"}],"curies":[{"name":"wp","href":"https:\/\/api.w.org\/{rel}","templated":true}]}}