{"id":53415,"date":"2026-04-20T03:10:18","date_gmt":"2026-04-20T02:10:18","guid":{"rendered":"https:\/\/davhonmeble.pl\/?post_type=product&#038;p=53415"},"modified":"2026-04-20T09:47:49","modified_gmt":"2026-04-20T08:47:49","slug":"lozko-tapicerowane-180x200-leo-z-pojemnikiem","status":"publish","type":"product","link":"https:\/\/davhonmeble.pl\/de\/produkt\/lozko-tapicerowane-180x200-leo-z-pojemnikiem\/","title":{"rendered":"Gepolstertes Bett 180\u00d7200 LEO mit Container"},"content":{"rendered":"<h2>Gepolstertes Bett 180\u00d7200 LEO mit Container<\/h2>\n<p> <strong>Bett 180\u00d7200 LEO <\/strong>ist ein au\u00dfergew\u00f6hnliches Schlafzimmerm\u00f6bel, das sich durch seinen au\u00dfergew\u00f6hnlichen Komfort und sein erhabenes Design auszeichnet. Die schlichte, aber raffinierte Form, deren reicher Charakter mit der Textur der Samtpolsterung in einer edlen Farbe kontrastiert, schafft ein Bett mit au\u00dfergew\u00f6hnlichen Nutzungs- und Gestaltungsm\u00f6glichkeiten.<\/p>\n<p><strong><\/p>\n<p>AUSF\u00dcHRUNG:<\/strong>.<\/p>\n<p>- Bettkopf mit Kristallen gesteppt<\/p>\n<p>- Bettkonstruktion aus Holz und Spanplatten<\/p>\n<p>- anhebbarer 32-schichtiger Holzrahmen mit Federn zum leichteren Anheben<\/p>\n<p>- die M\u00f6glichkeit, die Farbe oder den Stoff Ihrer Tr\u00e4ume zu w\u00e4hlen<\/p>\n<p>- Bettzeugbeh\u00e4lter aus M\u00f6belplatten<\/p>\n<p>- Das Bett ist ohne Matratze im Set enthalten. F\u00fcr maximalen Schlafkomfort empfehlen wir, ein passendes Modell aus unserem Sortiment zu w\u00e4hlen:<em> <a style=\"font-weight: normal;\" href=\"https:\/\/davhonmeble.pl\/de\/produkt-kategorie\/materace\/\" target=\"_blank\" rel=\"noopener\">siehe passende Matratzen 180\u00d7200 f\u00fcr Polsterbetten<\/a><\/em><\/p>\n<p>- einfache und schnelle Montage. Jedes Bett und jeder Rahmen wird mit einem Montagesatz und einer Anleitung geliefert<\/p>\n<p><strong><\/p>\n<p>ZUS\u00c4TZLICHE OPTIONEN<\/strong>. (zahlbar):<\/p>\n<p>- es besteht die M\u00f6glichkeit, einen REINFORCED-Rahmen mit 48 Latten im ganzen Bett zu kaufen (der Abstand zwischen den Federleisten betr\u00e4gt beim verst\u00e4rkten Rahmen 2,5 cm und bei der Basisversion 6 cm)<\/p>\n<p>- M\u00f6glichkeit der Anhebung der Kopfst\u00fctze<\/p>\n<p><strong><\/p>\n<p>ABMESSUNGEN<\/strong>.:<\/p>\n<p>- Gesamtl\u00e4nge 218 cm<\/p>\n<p>- Gesamtbreite 135\/155\/175\/195\/215 (je nach gew\u00e4hlter Gr\u00f6\u00dfe)<\/p>\n<p>- H\u00f6he der Kopfst\u00fctze \u00fcber dem Boden 100 cm<\/p>\n<p>- H\u00f6he des Rahmens vom Boden 35 cm<\/p>\n<p><strong><\/p>\n<p>VERSAND:<\/strong>.<\/p>\n<p>- landesweiter Versand in H\u00f6he von 160 PLN<\/p>\n<p>- Nachnahme (Zahlung erst bei Erhalt der Ware)<\/p>\n<p>- pers\u00f6nliche Abholung m\u00f6glich<\/p>\n<p>&nbsp;<\/p>\n<p>Das Bett 180\u00d7200 wird in Paketen zur Selbstmontage verschickt und die Montage selbst ist sehr einfach und schnell. Die Lieferung erfolgt durch eine private Spedition, wodurch wir garantieren, dass das Bett ohne Transportsch\u00e4den geliefert wird.<\/p>\n<p>Bitte beachten Sie: Der Fahrer ist nicht verpflichtet, die M\u00f6bel in das Haus\/die Wohnung zu bringen!<\/p>","protected":false},"excerpt":{"rendered":"<p>\u0141\u00f3\u017cko tapicerowane 180&#215;200 LEO z pojemnikiem \u0141\u00f3\u017cko 180&#215;200 LEO to wyj\u0105tkowy mebel sypialniany wyr\u00f3\u017cniaj\u0105cy si\u0119 wyj\u0105tkowym komfortem i wysublimowanym designem. Prosta, lecz wysmakowana forma, o bogatym charakterze zestawiona z faktur\u0105 welwetowej tapicerki w szlachetnym kolorze, tworzy \u0142\u00f3\u017cko o niezwyk\u0142ych mo\u017cliwo\u015bciach u\u017cytkowych i aran\u017cacyjnych. WYKONANIE: \u2013 wezg\u0142owie \u0142\u00f3\u017cka pikowane kryszta\u0142kami \u2013 konstrukcja \u0142\u00f3\u017cka wykonana z drewna [&hellip;]<\/p>\n","protected":false},"featured_media":51553,"comment_status":"open","ping_status":"closed","template":"","meta":{"_acf_changed":false},"product_brand":[],"product_cat":[1278],"product_tag":[],"class_list":{"0":"post-53415","1":"product","2":"type-product","3":"status-publish","4":"has-post-thumbnail","6":"product_cat-lozka-tapicerowane-180x200","7":"tm-has-options","9":"first","10":"instock","11":"shipping-taxable","12":"purchasable","13":"product-type-simple"},"acf":[],"_links":{"self":[{"href":"https:\/\/davhonmeble.pl\/de\/wp-json\/wp\/v2\/product\/53415","targetHints":{"allow":["GET"]}}],"collection":[{"href":"https:\/\/davhonmeble.pl\/de\/wp-json\/wp\/v2\/product"}],"about":[{"href":"https:\/\/davhonmeble.pl\/de\/wp-json\/wp\/v2\/types\/product"}],"replies":[{"embeddable":true,"href":"https:\/\/davhonmeble.pl\/de\/wp-json\/wp\/v2\/comments?post=53415"}],"wp:featuredmedia":[{"embeddable":true,"href":"https:\/\/davhonmeble.pl\/de\/wp-json\/wp\/v2\/media\/51553"}],"wp:attachment":[{"href":"https:\/\/davhonmeble.pl\/de\/wp-json\/wp\/v2\/media?parent=53415"}],"wp:term":[{"taxonomy":"product_brand","embeddable":true,"href":"https:\/\/davhonmeble.pl\/de\/wp-json\/wp\/v2\/product_brand?post=53415"},{"taxonomy":"product_cat","embeddable":true,"href":"https:\/\/davhonmeble.pl\/de\/wp-json\/wp\/v2\/product_cat?post=53415"},{"taxonomy":"product_tag","embeddable":true,"href":"https:\/\/davhonmeble.pl\/de\/wp-json\/wp\/v2\/product_tag?post=53415"}],"curies":[{"name":"wp","href":"https:\/\/api.w.org\/{rel}","templated":true}]}}