{"id":53410,"date":"2026-04-20T03:10:18","date_gmt":"2026-04-20T02:10:18","guid":{"rendered":"https:\/\/davhonmeble.pl\/?post_type=product&#038;p=53410"},"modified":"2026-04-20T09:47:49","modified_gmt":"2026-04-20T08:47:49","slug":"lozko-tapicerowane-160x200-plaza-z-pojemnikiem","status":"publish","type":"product","link":"https:\/\/davhonmeble.pl\/de\/produkt\/lozko-tapicerowane-160x200-plaza-z-pojemnikiem\/","title":{"rendered":"Polsterbett 160\u00d7200 PLAZA mit Container"},"content":{"rendered":"<h2>Polsterbett 160\u00d7200 PLAZA mit Container<\/h2>\n<p> <strong>Bett 160\u00d7200 Plaza <\/strong>ist ein \u00e4u\u00dferst stilvolles und n\u00fctzliches Bett, das eine ausgezeichnete L\u00f6sung f\u00fcr jedes Schlafzimmer darstellt. Die solide Verarbeitung und die hochwertigen Materialien machen es leicht, dass ein solches Polsterbett uns viele Jahre lang treu dienen wird. Dank der gepolsterten Ablage und der LED-Beleuchtung (kalte Farbe) handelt es sich zweifelsohne um ein Produkt, das Eleganz mit vielen n\u00fctzlichen Eigenschaften verbindet.<\/p>\n<p><strong><\/p>\n<p>AUSF\u00dcHRUNG:<\/strong>.<\/p>\n<p>- gepolstertes Regal mit LED-Beleuchtung (Farbe kaltwei\u00df)<b><\/b><\/p>\n<p>- Bettkonstruktion aus Holz und Spanplatten<\/p>\n<p>- anhebbarer 32-schichtiger Holzrahmen mit Federn zum leichteren Anheben<\/p>\n<p>- die M\u00f6glichkeit, die Farbe oder den Stoff Ihrer Tr\u00e4ume zu w\u00e4hlen<\/p>\n<p>- Bettzeugbeh\u00e4lter aus M\u00f6belplatten<\/p>\n<p>- Das Bett ist ohne Matratze im Set enthalten. F\u00fcr maximalen Schlafkomfort empfehlen wir, ein passendes Modell aus unserem Sortiment zu w\u00e4hlen:<em> <a style=\"font-weight: normal;\" href=\"https:\/\/davhonmeble.pl\/de\/produkt-kategorie\/materace\/\" target=\"_blank\" rel=\"noopener\">siehe passende Matratzen 160\u00d7200 f\u00fcr Polsterbetten<\/a><\/em><\/p>\n<p>- einfache und schnelle Montage. Jedes Bett und jeder Rahmen wird mit einem Montagesatz und einer Anleitung geliefert<\/p>\n<p><strong><\/p>\n<p>ZUS\u00c4TZLICHE OPTIONEN<\/strong>. (zahlbar):<\/p>\n<p>- es besteht die M\u00f6glichkeit, einen REINFORCED-Rahmen mit 48 Latten im ganzen Bett zu kaufen (der Abstand zwischen den Federleisten betr\u00e4gt beim verst\u00e4rkten Rahmen 2,5 cm und bei der Basisversion 6 cm)<\/p>\n<p><strong><\/p>\n<p>ABMESSUNGEN<\/strong>.:<\/p>\n<p>- Gesamtl\u00e4nge 223 cm<\/p>\n<p>- Gesamtbreite 155\/175\/195 (je nach gew\u00e4hlter Gr\u00f6\u00dfe)<\/p>\n<p>- H\u00f6he der Kopfst\u00fctze \u00fcber dem Boden 103 cm<\/p>\n<p>- H\u00f6he des Rahmens vom Boden 35 cm<\/p>\n<p><strong><\/p>\n<p>VERSAND:<\/strong>.<b><\/b><\/p>\n<p>- landesweiter Versand in H\u00f6he von 160 PLN<\/p>\n<p>- Nachnahme (Zahlung erst bei Erhalt der Ware)<\/p>\n<p>- pers\u00f6nliche Abholung m\u00f6glich<\/p>\n<p>&nbsp;<\/p>\n<p>Das Bett 160\u00d7200 wird in Paketen zur Selbstmontage verschickt und die Montage selbst ist sehr einfach und schnell. Die Lieferung erfolgt durch eine private Spedition, wodurch wir garantieren, dass das Bett ohne Transportsch\u00e4den geliefert wird.<\/p>\n<p>Bitte beachten Sie: Der Fahrer ist nicht verpflichtet, die M\u00f6bel in das Haus\/die Wohnung zu bringen!<\/p>","protected":false},"excerpt":{"rendered":"<p>\u0141\u00f3\u017cko tapicerowane 160&#215;200 PLAZA z pojemnikiem \u0141\u00f3\u017cko 160&#215;200 Plaza to niezwykle stylowe i u\u017cyteczne \u0142\u00f3\u017cko, kt\u00f3re b\u0119dzie znakomitym rozwi\u0105zaniem dla ka\u017cdej sypialni. Solidno\u015b\u0107 wykonania oraz wysokiej jako\u015bci materia\u0142y sprawiaj\u0105, \u017ce bez problemu takie \u0142\u00f3\u017cko tapicerowane b\u0119dzie nam niezmiennie s\u0142u\u017cy\u0107 przez wiele lat. Dzi\u0119ki tapicerowanej p\u00f3\u0142ce oraz o\u015bwietleniem LED (zimnej barwy) jest to niew\u0105tpliwie produkt, kt\u00f3ry [&hellip;]<\/p>\n","protected":false},"featured_media":51602,"comment_status":"open","ping_status":"closed","template":"","meta":{"_acf_changed":false},"product_brand":[],"product_cat":[1277],"product_tag":[],"class_list":{"0":"post-53410","1":"product","2":"type-product","3":"status-publish","4":"has-post-thumbnail","6":"product_cat-lozka-tapicerowane-160x200","7":"tm-has-options","9":"first","10":"instock","11":"shipping-taxable","12":"purchasable","13":"product-type-simple"},"acf":[],"_links":{"self":[{"href":"https:\/\/davhonmeble.pl\/de\/wp-json\/wp\/v2\/product\/53410","targetHints":{"allow":["GET"]}}],"collection":[{"href":"https:\/\/davhonmeble.pl\/de\/wp-json\/wp\/v2\/product"}],"about":[{"href":"https:\/\/davhonmeble.pl\/de\/wp-json\/wp\/v2\/types\/product"}],"replies":[{"embeddable":true,"href":"https:\/\/davhonmeble.pl\/de\/wp-json\/wp\/v2\/comments?post=53410"}],"wp:featuredmedia":[{"embeddable":true,"href":"https:\/\/davhonmeble.pl\/de\/wp-json\/wp\/v2\/media\/51602"}],"wp:attachment":[{"href":"https:\/\/davhonmeble.pl\/de\/wp-json\/wp\/v2\/media?parent=53410"}],"wp:term":[{"taxonomy":"product_brand","embeddable":true,"href":"https:\/\/davhonmeble.pl\/de\/wp-json\/wp\/v2\/product_brand?post=53410"},{"taxonomy":"product_cat","embeddable":true,"href":"https:\/\/davhonmeble.pl\/de\/wp-json\/wp\/v2\/product_cat?post=53410"},{"taxonomy":"product_tag","embeddable":true,"href":"https:\/\/davhonmeble.pl\/de\/wp-json\/wp\/v2\/product_tag?post=53410"}],"curies":[{"name":"wp","href":"https:\/\/api.w.org\/{rel}","templated":true}]}}