{"id":53382,"date":"2026-04-20T03:10:14","date_gmt":"2026-04-20T02:10:14","guid":{"rendered":"https:\/\/davhonmeble.pl\/?post_type=product&#038;p=53382"},"modified":"2026-04-20T09:47:48","modified_gmt":"2026-04-20T08:47:48","slug":"materac-120x200-ankara-premium","status":"publish","type":"product","link":"https:\/\/davhonmeble.pl\/de\/produkt\/materac-120x200-ankara-premium\/","title":{"rendered":"Matratze 120\u00d7200 Ankara Premium"},"content":{"rendered":"<h2>Matratze 120\u00d7200 Ankara Premium<\/h2>\n<p style=\"text-align: left;\"><strong>Matratze 120\u00d7200 Ankara Premium<\/strong> wird aus erstklassigen Rohstoffen hergestellt, darunter Polyurethanschaum T3550 mit sehr hoher Dichte, was sie sehr langlebig macht. Der profilierte Sieben-Zonen-Schaum macht die Matratze sehr bequem und sorgt f\u00fcr ein massierendes Gef\u00fchl und vor allem f\u00fcr eine optimale Positionierung des K\u00f6rpers w\u00e4hrend des Schlafs - so werden R\u00fcckenprobleme weitestgehend vermieden. Die Matratze 120\u00d7200 mit sieben H\u00e4rtezonen ist eine Matratze, deren Inneres in mehrere solcher \u201eStufen\u201d, Fragmente mit unterschiedlichem H\u00e4rtegrad, unterteilt ist. Dies soll eine ergonomischere Positionierung des K\u00f6rpers auf der Matratze erm\u00f6glichen.<\/p>\n<p><img fetchpriority=\"high\" decoding=\"async\" class=\"alignnone wp-image-1463\" src=\"https:\/\/srv104004.seohost.com.pl\/wp-content\/uploads\/2020\/10\/strefy_3.jpg\" alt=\"\" width=\"757\" height=\"476\" \/><\/p>\n<p><strong><\/p>\n<p>AUSF\u00dcHRUNG:<\/strong>.<\/p>\n<p>\u2013 <em>T3550 PROFILSCHAUM 7 ZONEN 4 cm<\/em> - sorgt f\u00fcr die richtige Anpassung an die K\u00f6rperform. Die Sieben-Zonen-Profilierung sorgt f\u00fcr eine optimale Schlafposition und Ausrichtung der Wirbels\u00e4ule.<\/p>\n<p>\u2013 <em>Kokosnussmatte 1 cm<\/em> - Rohstoff in 100% organischen, aus Kokosnussschalen abgeleitet. Es hat antiallergene Eigenschaften, sch\u00fctzt perfekt gegen das Wachstum von Hausstaubmilben und Mikroorganismen, und ist elastisch und flexibel. Die Matratze 120x200e mit Kokosfasern ist langlebig, feuchtigkeits- und verformungsbest\u00e4ndig.<\/p>\n<p>\u2013 <em>POLYURETAN-Schaumstoff T3550 13 cm<\/em> - Der Kern der Matratze besteht aus zertifiziertem Polyurethanschaum mit erh\u00f6htem H\u00e4rtegrad und Raumgewicht T3550. Dies ist einer der dichtesten Schaumstoffe, die auf dem Markt verwendet werden. Dieser Schaumstoff wurde speziell f\u00fcr Matratzen entwickelt und sorgt mit seiner por\u00f6sen Struktur f\u00fcr ausreichende Elastizit\u00e4t und Luftzirkulation, was die Entwicklung von Hausstaubmilben und Allergenen verhindert.<\/p>\n<p>\u2013 <em>COVER<\/em> - Enth\u00e4lt keine allergenen Stoffe, aus gestepptem Stoff. Es hat einen Rei\u00dfverschluss zum einfachen Abnehmen des Bezugs und kann bei bis zu 40\u00b0 C gewaschen werden.<\/p>\n<p><strong><\/p>\n<p>HARDNESS:<\/strong>.<\/p>\n<p>&nbsp;<\/p>\n<p><img decoding=\"async\" class=\"alignnone size-full wp-image-1468\" src=\"https:\/\/srv104004.seohost.com.pl\/wp-content\/uploads\/2020\/10\/h3h3.jpg\" alt=\"\" width=\"607\" height=\"134\" \/><\/p>\n<p><strong><\/p>\n<p>VERSAND:<\/strong>.<\/p>\n<p>- kostenloser bundesweiter Versand<\/p>\n<p>- Nachnahme (Zahlung erst bei Erhalt der Ware)<\/p>\n<p>- pers\u00f6nliche Abholung m\u00f6glich<\/p>\n<p>- Die Matratzen 120\u00d7200 werden im Ganzen geliefert, so dass sie nicht durch Rollen besch\u00e4digt werden k\u00f6nnen.<\/p>\n<p>&nbsp;<\/p>\n<p>Die Lieferung erfolgt durch einen privaten Spediteur, so dass wir garantieren, dass die Ware ohne Transportsch\u00e4den geliefert wird.<\/p>\n<p>Bitte beachten Sie: Der Fahrer ist nicht verpflichtet, die Ware ins Haus\/zur Wohnung zu bringen!<\/p>","protected":false},"excerpt":{"rendered":"<p>Materac 120&#215;200 Ankara Premium Materac 120&#215;200 Ankara Premium zosta\u0142 wykonany z surowc\u00f3w pierwszego gatunku, m.in z pianki poliuretanowej T3550 o bardzo du\u017cej g\u0119sto\u015bci, co sprawia, \u017ce jest bardzo wytrzyma\u0142y. Profilowana pianka siedmiostrefowa sprawia, \u017ce materac jest bardzo wygodny i daje uczucie masa\u017cu, a przede wszystkim zapewnia najlepsze u\u0142o\u017cenie cia\u0142a podczas snu &#8211; maksymalnie eliminuj\u0105c problemy [&hellip;]<\/p>\n","protected":false},"featured_media":51700,"comment_status":"open","ping_status":"closed","template":"","meta":{"_acf_changed":false},"product_brand":[],"product_cat":[1281],"product_tag":[],"class_list":{"0":"post-53382","1":"product","2":"type-product","3":"status-publish","4":"has-post-thumbnail","6":"product_cat-materace-120x200","7":"tm-has-options","9":"first","10":"instock","11":"sale","12":"shipping-taxable","13":"purchasable","14":"product-type-simple"},"acf":[],"_links":{"self":[{"href":"https:\/\/davhonmeble.pl\/de\/wp-json\/wp\/v2\/product\/53382","targetHints":{"allow":["GET"]}}],"collection":[{"href":"https:\/\/davhonmeble.pl\/de\/wp-json\/wp\/v2\/product"}],"about":[{"href":"https:\/\/davhonmeble.pl\/de\/wp-json\/wp\/v2\/types\/product"}],"replies":[{"embeddable":true,"href":"https:\/\/davhonmeble.pl\/de\/wp-json\/wp\/v2\/comments?post=53382"}],"wp:featuredmedia":[{"embeddable":true,"href":"https:\/\/davhonmeble.pl\/de\/wp-json\/wp\/v2\/media\/51700"}],"wp:attachment":[{"href":"https:\/\/davhonmeble.pl\/de\/wp-json\/wp\/v2\/media?parent=53382"}],"wp:term":[{"taxonomy":"product_brand","embeddable":true,"href":"https:\/\/davhonmeble.pl\/de\/wp-json\/wp\/v2\/product_brand?post=53382"},{"taxonomy":"product_cat","embeddable":true,"href":"https:\/\/davhonmeble.pl\/de\/wp-json\/wp\/v2\/product_cat?post=53382"},{"taxonomy":"product_tag","embeddable":true,"href":"https:\/\/davhonmeble.pl\/de\/wp-json\/wp\/v2\/product_tag?post=53382"}],"curies":[{"name":"wp","href":"https:\/\/api.w.org\/{rel}","templated":true}]}}