{"id":53350,"date":"2026-04-20T03:10:10","date_gmt":"2026-04-20T02:10:10","guid":{"rendered":"https:\/\/davhonmeble.pl\/?post_type=product&#038;p=53350"},"modified":"2026-04-20T09:47:47","modified_gmt":"2026-04-20T08:47:47","slug":"materac-200x200-tirana","status":"publish","type":"product","link":"https:\/\/davhonmeble.pl\/de\/produkt\/materac-200x200-tirana\/","title":{"rendered":"Matratze 200\u00d7200 Tirana"},"content":{"rendered":"<h2>Matratze 200\u00d7200 Tirana<\/h2>\n<p> <strong>Matratze 200\u00d7200 TIRANA<\/strong> ist eine Kombination aus einem attraktiven Preis, der guten Qualit\u00e4t der verwendeten Komponenten und der Sorgfalt der Verarbeitung. Die hier vorgestellte Matratze passt sich der Form und dem Gewicht des K\u00f6rpers an und bietet eine Punktverschiebung. Die Matratze 200\u00d7200 hat einen gesteppten, hypoallergenen Bezug, der mit einem Rei\u00dfverschluss versehen ist, der ein leichtes Abnehmen f\u00fcr eine einfache Pflege erm\u00f6glicht. Diese 200\u00d7200 Matratze hat eine Dicke von 18 cm, es ist auch m\u00f6glich, dieses Modell mit einer Dicke von 24 cm zu kaufen.<\/p>\n<p><strong><\/p>\n<p>AUSF\u00dcHRUNG:<\/strong>.<\/p>\n<p>- mit Schafsfell gesteppter Stoff und Fiseline (2 cm)<\/p>\n<p>- Schaumstoffpolsterung (2cm)<\/p>\n<p>- Polstervlies (1 mm)<\/p>\n<p>- Taschenfedern 272 Federn\/m2 (12cm)<\/p>\n<p>- Polstermaterial (1mm)<\/p>\n<p>- Schaumstoffpolsterung (2cm)<\/p>\n<p><strong><\/p>\n<p>HARDNESS:<\/strong>.<\/p>\n<p>&nbsp;<\/p>\n<p><img fetchpriority=\"high\" decoding=\"async\" class=\"alignnone size-full wp-image-1438\" src=\"https:\/\/srv104004.seohost.com.pl\/wp-content\/uploads\/2020\/10\/h2-h2.jpg\" alt=\"\" width=\"595\" height=\"131\" \/><\/p>\n<p><strong><\/p>\n<p>VERSAND:<\/strong>.<\/p>\n<p>- kostenloser bundesweiter Versand<\/p>\n<p>- Nachnahme (Zahlung erst bei Erhalt der Ware)<\/p>\n<p>- pers\u00f6nliche Abholung m\u00f6glich<\/p>\n<p>- 200\u00d7200 Matratzen werden im Ganzen geliefert, d.h. sie sind nicht anf\u00e4llig f\u00fcr Besch\u00e4digungen durch Rollen<\/p>\n<p>&nbsp;<\/p>\n<p>Die Lieferung erfolgt durch einen privaten Spediteur, so dass wir garantieren, dass die Ware ohne Transportsch\u00e4den geliefert wird.<\/p>\n<p>Bitte beachten Sie: Der Fahrer ist nicht verpflichtet, die Ware ins Haus\/zur Wohnung zu bringen!<\/p>","protected":false},"excerpt":{"rendered":"<p>Materac 200&#215;200 Tirana Materac 200&#215;200 TIRANA to po\u0142\u0105czenie atrakcyjnej ceny, dobrej jako\u015bci u\u017cytych komponent\u00f3w oraz staranno\u015bci wykonania. Prezentowany materac dostosowuje si\u0119 do kszta\u0142tu i masy cia\u0142a oferuj\u0105c wyporno\u015b\u0107 punktow\u0105. Materac 200&#215;200 posiada pikowany pokrowiec hipoalergiczny posiadaj\u0105cy zamek b\u0142yskawiczny, umo\u017cliwiaj\u0105cy \u0142atwe zdejmowanie, kt\u00f3re u\u0142atwi utrzymanie czysto\u015bci. Materac 200&#215;200 ten posiada grubo\u015b\u0107 18 cm, istnieje r\u00f3wnie\u017c mo\u017cliwo\u015b\u0107 [&hellip;]<\/p>\n","protected":false},"featured_media":51727,"comment_status":"open","ping_status":"closed","template":"","meta":{"_acf_changed":false},"product_brand":[],"product_cat":[1285],"product_tag":[],"class_list":{"0":"post-53350","1":"product","2":"type-product","3":"status-publish","4":"has-post-thumbnail","6":"product_cat-materace-200x200","7":"tm-has-options","9":"first","10":"instock","11":"sale","12":"shipping-taxable","13":"purchasable","14":"product-type-simple"},"acf":[],"_links":{"self":[{"href":"https:\/\/davhonmeble.pl\/de\/wp-json\/wp\/v2\/product\/53350","targetHints":{"allow":["GET"]}}],"collection":[{"href":"https:\/\/davhonmeble.pl\/de\/wp-json\/wp\/v2\/product"}],"about":[{"href":"https:\/\/davhonmeble.pl\/de\/wp-json\/wp\/v2\/types\/product"}],"replies":[{"embeddable":true,"href":"https:\/\/davhonmeble.pl\/de\/wp-json\/wp\/v2\/comments?post=53350"}],"wp:featuredmedia":[{"embeddable":true,"href":"https:\/\/davhonmeble.pl\/de\/wp-json\/wp\/v2\/media\/51727"}],"wp:attachment":[{"href":"https:\/\/davhonmeble.pl\/de\/wp-json\/wp\/v2\/media?parent=53350"}],"wp:term":[{"taxonomy":"product_brand","embeddable":true,"href":"https:\/\/davhonmeble.pl\/de\/wp-json\/wp\/v2\/product_brand?post=53350"},{"taxonomy":"product_cat","embeddable":true,"href":"https:\/\/davhonmeble.pl\/de\/wp-json\/wp\/v2\/product_cat?post=53350"},{"taxonomy":"product_tag","embeddable":true,"href":"https:\/\/davhonmeble.pl\/de\/wp-json\/wp\/v2\/product_tag?post=53350"}],"curies":[{"name":"wp","href":"https:\/\/api.w.org\/{rel}","templated":true}]}}