{"id":53311,"date":"2026-04-20T03:10:05","date_gmt":"2026-04-20T02:10:05","guid":{"rendered":"https:\/\/davhonmeble.pl\/?post_type=product&#038;p=53311"},"modified":"2026-04-20T09:47:47","modified_gmt":"2026-04-20T08:47:47","slug":"lozko-tapicerowane-90x200-aloa-z-pojemnikiem","status":"publish","type":"product","link":"https:\/\/davhonmeble.pl\/de\/produkt\/lozko-tapicerowane-90x200-aloa-z-pojemnikiem\/","title":{"rendered":"\u0141\u00f3\u017cko tapicerowane 90&#215;200 ALOA z pojemnikiem"},"content":{"rendered":"<h2>\u0141\u00f3\u017cko tapicerowane 90&#215;200 ALOA z pojemnikiem<\/h2>\n<p> Bett 90\u00d7200 <strong>ALOA <\/strong>to wygodne i stylowe \u0142\u00f3\u017cko pasuj\u0105ce do ka\u017cdej sypialni. Wykonane zosta\u0142o z najwy\u017cszej jako\u015bci materia\u0142\u00f3w zapewniaj\u0105cych trwa\u0142o\u015b\u0107 i wielk\u0105 dba\u0142o\u015bci\u0105 o ka\u017cdy szczeg\u00f3\u0142y. Model ten posiada starannie wyprofilowane wezg\u0142owie, kt\u00f3re zapewni Ci wygod\u0119 podczas wypoczynku w \u0142\u00f3\u017cku &#8211; zar\u00f3wno podczas ulubionej lektury jak i seansu filmowego przed telewizorem. \u0141\u00f3\u017cko 90&#215;200 mo\u017ce zosta\u0107 obite tkanin\u0105 oraz kolorem wybranym przez Ciebie. Masz dzi\u0119ki temu gwarancj\u0119, \u017ce dopasujesz \u0142\u00f3\u017cko do wi\u0119kszo\u015bci aran\u017cacji oraz \u0142atwo dobierzesz do niego dodatki i dekoracje. Model ten w standardzie posiada podnoszony drewniany stela\u017c wyposa\u017conym w spr\u0119\u017cyny. Z uwagi na Pa\u0144stwa komfort wprowadzili\u015bmy mo\u017cliwo\u015b\u0107 zakupu stela\u017ca metalowego wraz z si\u0142ownikami gazowymi, kt\u00f3re znacznie u\u0142atwiaj\u0105 podnoszenie stela\u017ca wraz z materace 90x200m.<\/p>\n<p><strong><\/p>\n<p>AUSF\u00dcHRUNG:<\/strong>.<\/p>\n<p>- gestepptes Kopfteil<\/p>\n<p>- Bettkonstruktion aus Holz und Spanplatten<\/p>\n<p>- anhebbarer Holzrahmen mit 32 Latten, ausgestattet mit vier Federn, um das Anheben zu erleichtern<\/p>\n<p>- die M\u00f6glichkeit, die Farbe oder den Stoff Ihrer Tr\u00e4ume zu w\u00e4hlen<\/p>\n<p>- Streubeh\u00e4lter ohne H\u00f6chstlast!<\/p>\n<p>- Das Bett ist ohne Matratze im Set enthalten. F\u00fcr maximalen Schlafkomfort empfehlen wir, ein passendes Modell aus unserem Sortiment zu w\u00e4hlen:<em> <a style=\"font-weight: normal;\" href=\"https:\/\/davhonmeble.pl\/de\/produkt-kategorie\/materace\/\" target=\"_blank\" rel=\"noopener\">siehe passende Matratzen 90\u00d7200 f\u00fcr Polsterbetten<\/a><\/em><\/p>\n<p>- einfache und schnelle Montage. Jedes Bett und jeder Rahmen wird mit einem Montagesatz und einer Anleitung geliefert<\/p>\n<p><strong><\/p>\n<p>ZUS\u00c4TZLICHE OPTIONEN<\/strong>. (kostenpflichtig) - rufen Sie an und erfahren Sie mehr:<\/p>\n<p>- die M\u00f6glichkeit der Verwendung eines Metallrahmens (36 Lattenroste) mit Gasflaschen, die das \u00d6ffnen und Schlie\u00dfen des Bettes erheblich erleichtern<\/p>\n<p><strong><\/p>\n<p>ABMESSUNGEN<\/strong>.:<\/p>\n<p>- Gesamtl\u00e4nge 226 cm<\/p>\n<p>- Gesamtbreite 99\/129\/149\/169\/189 ( je nach gew\u00e4hlter Gr\u00f6\u00dfe)<\/p>\n<p>- H\u00f6he der Kopfst\u00fctze \u00fcber dem Boden 99 cm<\/p>\n<p>- H\u00f6he des Rahmens vom Boden 31 cm<\/p>\n<p><strong><\/p>\n<p>VERSAND:<\/strong>.<\/p>\n<p>- landesweiter Versand in H\u00f6he von 160 PLN<\/p>\n<p>- Nachnahme (Zahlung erst bei Erhalt der Ware)<\/p>\n<p>- pers\u00f6nliche Abholung m\u00f6glich<\/p>\n<p>&nbsp;<\/p>\n<p>Das Bett 90\u00d7200 wird in Paketen zur Selbstmontage versandt und die Montage selbst ist sehr einfach und schnell. Die Lieferung erfolgt durch eine private Spedition, wodurch wir garantieren, dass das Bett ohne Transportsch\u00e4den geliefert wird.<\/p>\n<p>Bitte beachten Sie: Der Fahrer ist nicht verpflichtet, die M\u00f6bel in das Haus\/die Wohnung zu bringen!<\/p>","protected":false},"excerpt":{"rendered":"<p>\u0141\u00f3\u017cko tapicerowane 90&#215;200 ALOA z pojemnikiem \u0141\u00f3\u017cko 90&#215;200 ALOA to wygodne i stylowe \u0142\u00f3\u017cko pasuj\u0105ce do ka\u017cdej sypialni. Wykonane zosta\u0142o z najwy\u017cszej jako\u015bci materia\u0142\u00f3w zapewniaj\u0105cych trwa\u0142o\u015b\u0107 i wielk\u0105 dba\u0142o\u015bci\u0105 o ka\u017cdy szczeg\u00f3\u0142y. Model ten posiada starannie wyprofilowane wezg\u0142owie, kt\u00f3re zapewni Ci wygod\u0119 podczas wypoczynku w \u0142\u00f3\u017cku &#8211; zar\u00f3wno podczas ulubionej lektury jak i seansu filmowego [&hellip;]<\/p>\n","protected":false},"featured_media":49534,"comment_status":"open","ping_status":"closed","template":"","meta":{"_acf_changed":false},"product_brand":[],"product_cat":[1290],"product_tag":[],"class_list":{"0":"post-53311","1":"product","2":"type-product","3":"status-publish","4":"has-post-thumbnail","6":"product_cat-lozka-tapicerowane-90x200","7":"tm-has-options","9":"first","10":"instock","11":"shipping-taxable","12":"purchasable","13":"product-type-simple"},"acf":[],"_links":{"self":[{"href":"https:\/\/davhonmeble.pl\/de\/wp-json\/wp\/v2\/product\/53311","targetHints":{"allow":["GET"]}}],"collection":[{"href":"https:\/\/davhonmeble.pl\/de\/wp-json\/wp\/v2\/product"}],"about":[{"href":"https:\/\/davhonmeble.pl\/de\/wp-json\/wp\/v2\/types\/product"}],"replies":[{"embeddable":true,"href":"https:\/\/davhonmeble.pl\/de\/wp-json\/wp\/v2\/comments?post=53311"}],"wp:featuredmedia":[{"embeddable":true,"href":"https:\/\/davhonmeble.pl\/de\/wp-json\/wp\/v2\/media\/49534"}],"wp:attachment":[{"href":"https:\/\/davhonmeble.pl\/de\/wp-json\/wp\/v2\/media?parent=53311"}],"wp:term":[{"taxonomy":"product_brand","embeddable":true,"href":"https:\/\/davhonmeble.pl\/de\/wp-json\/wp\/v2\/product_brand?post=53311"},{"taxonomy":"product_cat","embeddable":true,"href":"https:\/\/davhonmeble.pl\/de\/wp-json\/wp\/v2\/product_cat?post=53311"},{"taxonomy":"product_tag","embeddable":true,"href":"https:\/\/davhonmeble.pl\/de\/wp-json\/wp\/v2\/product_tag?post=53311"}],"curies":[{"name":"wp","href":"https:\/\/api.w.org\/{rel}","templated":true}]}}