{"id":53303,"date":"2026-04-20T03:10:05","date_gmt":"2026-04-20T02:10:05","guid":{"rendered":"https:\/\/davhonmeble.pl\/?post_type=product&#038;p=53303"},"modified":"2026-04-20T09:47:47","modified_gmt":"2026-04-20T08:47:47","slug":"lozko-tapicerowane-140x200-venna-z-pojemnikiem","status":"publish","type":"product","link":"https:\/\/davhonmeble.pl\/de\/produkt\/lozko-tapicerowane-140x200-venna-z-pojemnikiem\/","title":{"rendered":"Polsterbett 140\u00d7200 VENNA mit Staukasten"},"content":{"rendered":"<h2>Polsterbett 140\u00d7200 VENNA mit Staukasten<\/h2>\n<p> <strong>Bett 140\u00d7200 Venna<\/strong> ist ein einzigartiger Vorschlag f\u00fcr Ihr Schlafzimmer. Es zeichnet sich durch seine \u00c4sthetik und sein elegantes Design sowie seine raffinierten Details aus - die Nachbildung der quadratischen Form des Dekors auf dem Kopfteil gibt einen etwas r\u00e4tselhaften und anregenden Effekt. Venna verleiht der Einrichtung Charakter und unterstreicht ihren Stil. Die R\u00fcckwand bietet au\u00dferdem eine bequeme R\u00fcckenlehne beim Lesen. Das Bett 140\u00d7200 ist in vielen Farben und Bezugsstoffen erh\u00e4ltlich. Jeder kann f\u00fcr sich selbst eine einzigartige Kombination zusammenstellen, die am besten zur Atmosph\u00e4re des Schlafzimmers passt. Eine Version dieses Produkts ist mit einem Bettzeugbeh\u00e4lter ausgestattet.<\/p>\n<p><strong><\/p>\n<p>AUSF\u00dcHRUNG:<\/strong>.<\/p>\n<p>- gestepptes Kopfteil<\/p>\n<p>- Bettkonstruktion aus Holz und Spanplatten<\/p>\n<p>- anhebbarer Holzrahmen mit 32 Latten, ausgestattet mit vier Federn, um das Anheben zu erleichtern<\/p>\n<p>- die M\u00f6glichkeit, die Farbe oder den Stoff Ihrer Tr\u00e4ume zu w\u00e4hlen<\/p>\n<p>- Streubeh\u00e4lter ohne H\u00f6chstlast!<\/p>\n<p>- Das Bett ist ohne Matratze im Set enthalten. F\u00fcr maximalen Schlafkomfort empfehlen wir, ein passendes Modell aus unserem Sortiment zu w\u00e4hlen:<em> <a style=\"font-weight: normal;\" href=\"https:\/\/davhonmeble.pl\/de\/produkt-kategorie\/materace\/\" target=\"_blank\" rel=\"noopener\">siehe passende 140\u00d7200 Matratzen f\u00fcr Polsterbetten<\/a><\/em><\/p>\n<p>- einfache und schnelle Montage. Jedes Bett und jeder Rahmen wird mit einem Montagesatz und einer Anleitung geliefert<\/p>\n<p><strong><\/p>\n<p>ZUS\u00c4TZLICHE OPTIONEN<\/strong>. (kostenpflichtig) - rufen Sie an und erfahren Sie mehr:<\/p>\n<p>- die M\u00f6glichkeit der Verwendung eines Metallrahmens (36 Lattenroste) mit Gasflaschen, die das \u00d6ffnen und Schlie\u00dfen des Bettes erheblich erleichtern<\/p>\n<p>- \u00c4nderung der Gr\u00f6\u00dfe des Kopfteils<\/p>\n<p><strong><\/p>\n<p>ABMESSUNGEN<\/strong>.:<\/p>\n<p>- Gesamtl\u00e4nge 214 cm<\/p>\n<p>- Gesamtbreite 99\/129\/149\/169\/189 ( je nach gew\u00e4hlter Gr\u00f6\u00dfe)<\/p>\n<p>- H\u00f6he der Kopfst\u00fctze \u00fcber dem Boden 89 cm<\/p>\n<p>- H\u00f6he des Rahmens vom Boden 31 cm<\/p>\n<p><strong><\/p>\n<p>VERSAND:<\/strong>.<\/p>\n<p>- landesweiter Versand in H\u00f6he von 160 PLN<\/p>\n<p>- Nachnahme (Zahlung erst bei Erhalt der Ware)<\/p>\n<p>- pers\u00f6nliche Abholung m\u00f6glich<\/p>\n<p>&nbsp;<\/p>\n<p>Das Bett 140\u00d7200 wird in Paketen zur Selbstmontage versandt und die Montage selbst ist sehr einfach und schnell. Die Lieferung erfolgt durch eine private Spedition, wodurch wir garantieren, dass das Bett ohne Transportsch\u00e4den geliefert wird.<\/p>\n<p>Bitte beachten Sie: Der Fahrer ist nicht verpflichtet, die M\u00f6bel in das Haus\/die Wohnung zu bringen!<\/p>","protected":false},"excerpt":{"rendered":"<p>\u0141\u00f3\u017cko tapicerowane 140&#215;200 VENNA z pojemnikiem \u0141\u00f3\u017cko 140&#215;200 Venna to wyj\u0105tkowa propozycja do Twojej sypialni. Wyr\u00f3\u017cnia je estetyka i elegancki wygl\u0105d, oraz dopracowane detale &#8211; powielenie kwadratowego kszta\u0142tu zdobie\u0144 na wezg\u0142owiu daje nieco zagadkowy i inspiruj\u0105cy efekt. Venna nada wn\u0119trzu charakteru i podkre\u015bli jego styl. Panel tylny stanowi tak\u017ce wygodne oparcie podczas czytania. \u0141\u00f3\u017cko 140&#215;200 [&hellip;]<\/p>\n","protected":false},"featured_media":51679,"comment_status":"open","ping_status":"closed","template":"","meta":{"_acf_changed":false},"product_brand":[],"product_cat":[1276],"product_tag":[],"class_list":{"0":"post-53303","1":"product","2":"type-product","3":"status-publish","4":"has-post-thumbnail","6":"product_cat-lozka-tapicerowane-140x200","7":"tm-has-options","9":"first","10":"instock","11":"shipping-taxable","12":"purchasable","13":"product-type-simple"},"acf":[],"_links":{"self":[{"href":"https:\/\/davhonmeble.pl\/de\/wp-json\/wp\/v2\/product\/53303","targetHints":{"allow":["GET"]}}],"collection":[{"href":"https:\/\/davhonmeble.pl\/de\/wp-json\/wp\/v2\/product"}],"about":[{"href":"https:\/\/davhonmeble.pl\/de\/wp-json\/wp\/v2\/types\/product"}],"replies":[{"embeddable":true,"href":"https:\/\/davhonmeble.pl\/de\/wp-json\/wp\/v2\/comments?post=53303"}],"wp:featuredmedia":[{"embeddable":true,"href":"https:\/\/davhonmeble.pl\/de\/wp-json\/wp\/v2\/media\/51679"}],"wp:attachment":[{"href":"https:\/\/davhonmeble.pl\/de\/wp-json\/wp\/v2\/media?parent=53303"}],"wp:term":[{"taxonomy":"product_brand","embeddable":true,"href":"https:\/\/davhonmeble.pl\/de\/wp-json\/wp\/v2\/product_brand?post=53303"},{"taxonomy":"product_cat","embeddable":true,"href":"https:\/\/davhonmeble.pl\/de\/wp-json\/wp\/v2\/product_cat?post=53303"},{"taxonomy":"product_tag","embeddable":true,"href":"https:\/\/davhonmeble.pl\/de\/wp-json\/wp\/v2\/product_tag?post=53303"}],"curies":[{"name":"wp","href":"https:\/\/api.w.org\/{rel}","templated":true}]}}