{"id":53301,"date":"2026-04-20T03:10:05","date_gmt":"2026-04-20T02:10:05","guid":{"rendered":"https:\/\/davhonmeble.pl\/?post_type=product&#038;p=53301"},"modified":"2026-04-20T09:47:47","modified_gmt":"2026-04-20T08:47:47","slug":"lozko-tapicerowane-90x200-venna-z-pojemnikiem","status":"publish","type":"product","link":"https:\/\/davhonmeble.pl\/de\/produkt\/lozko-tapicerowane-90x200-venna-z-pojemnikiem\/","title":{"rendered":"\u0141\u00f3\u017cko tapicerowane 90&#215;200 VENNA z pojemnikiem"},"content":{"rendered":"<h2>\u0141\u00f3\u017cko tapicerowane 90&#215;200 VENNA z pojemnikiem<\/h2>\n<p> <strong>\u0141\u00f3\u017cko 90&#215;200 Venna<\/strong> to wyj\u0105tkowa propozycja do Twojej sypialni. Wyr\u00f3\u017cnia je estetyka i elegancki wygl\u0105d, oraz dopracowane detale &#8211; powielenie kwadratowego kszta\u0142tu zdobie\u0144 na wezg\u0142owiu daje nieco zagadkowy i inspiruj\u0105cy efekt. Venna nada wn\u0119trzu charakteru i podkre\u015bli jego styl. Panel tylny stanowi tak\u017ce wygodne oparcie podczas czytania. \u0141\u00f3\u017cko 90&#215;200 jest dost\u0119pne w wielu kolorach i rodzajach tkanin obiciowych. Ka\u017cdy mo\u017ce stworzy\u0107 sobie unikatow\u0105 kombinacj\u0119, kt\u00f3ra najlepiej wpasuje si\u0119 w klimat sypialni. Wersja tego produktu jest wyposa\u017cona w pojemnik na po\u015bciel.<\/p>\n<p><strong><\/p>\n<p>AUSF\u00dcHRUNG:<\/strong>.<\/p>\n<p>- gestepptes Kopfteil<\/p>\n<p>- Bettkonstruktion aus Holz und Spanplatten<\/p>\n<p>- anhebbarer Holzrahmen mit 32 Latten, ausgestattet mit vier Federn, um das Anheben zu erleichtern<\/p>\n<p>- die M\u00f6glichkeit, die Farbe oder den Stoff Ihrer Tr\u00e4ume zu w\u00e4hlen<\/p>\n<p>- Streubeh\u00e4lter ohne H\u00f6chstlast!<\/p>\n<p>- Das Bett ist ohne Matratze im Set enthalten. F\u00fcr maximalen Schlafkomfort empfehlen wir, ein passendes Modell aus unserem Sortiment zu w\u00e4hlen:<em> <a style=\"font-weight: normal;\" href=\"https:\/\/davhonmeble.pl\/de\/produkt-kategorie\/materace\/\" target=\"_blank\" rel=\"noopener\">siehe passende Matratzen 90\u00d7200 f\u00fcr Polsterbetten<\/a><\/em><\/p>\n<p>- einfache und schnelle Montage. Jedes Bett und jeder Rahmen wird mit einem Montagesatz und einer Anleitung geliefert<\/p>\n<p><strong><\/p>\n<p>ZUS\u00c4TZLICHE OPTIONEN<\/strong>. (kostenpflichtig) - rufen Sie an und erfahren Sie mehr:<\/p>\n<p>- die M\u00f6glichkeit der Verwendung eines Metallrahmens (36 Lattenroste) mit Gasflaschen, die das \u00d6ffnen und Schlie\u00dfen des Bettes erheblich erleichtern<\/p>\n<p>- \u00c4nderung der Gr\u00f6\u00dfe des Kopfteils<\/p>\n<p><strong><\/p>\n<p>ABMESSUNGEN<\/strong>.:<\/p>\n<p>- Gesamtl\u00e4nge 214 cm<\/p>\n<p>- Gesamtbreite 99\/129\/149\/169\/189 ( je nach gew\u00e4hlter Gr\u00f6\u00dfe)<\/p>\n<p>- H\u00f6he der Kopfst\u00fctze \u00fcber dem Boden 89 cm<\/p>\n<p>- H\u00f6he des Rahmens vom Boden 31 cm<\/p>\n<p><strong><\/p>\n<p>VERSAND:<\/strong>.<\/p>\n<p>- landesweiter Versand in H\u00f6he von 160 PLN<\/p>\n<p>- Nachnahme (Zahlung erst bei Erhalt der Ware)<\/p>\n<p>- pers\u00f6nliche Abholung m\u00f6glich<\/p>\n<p>&nbsp;<\/p>\n<p>Das Bett 90\u00d7200 wird in Paketen zur Selbstmontage versandt und die Montage selbst ist sehr einfach und schnell. Die Lieferung erfolgt durch eine private Spedition, wodurch wir garantieren, dass das Bett ohne Transportsch\u00e4den geliefert wird.<\/p>\n<p>Bitte beachten Sie: Der Fahrer ist nicht verpflichtet, die M\u00f6bel in das Haus\/die Wohnung zu bringen!<\/p>","protected":false},"excerpt":{"rendered":"<p>\u0141\u00f3\u017cko tapicerowane 90&#215;200 VENNA z pojemnikiem \u0141\u00f3\u017cko 90&#215;200 Venna to wyj\u0105tkowa propozycja do Twojej sypialni. Wyr\u00f3\u017cnia je estetyka i elegancki wygl\u0105d, oraz dopracowane detale &#8211; powielenie kwadratowego kszta\u0142tu zdobie\u0144 na wezg\u0142owiu daje nieco zagadkowy i inspiruj\u0105cy efekt. Venna nada wn\u0119trzu charakteru i podkre\u015bli jego styl. Panel tylny stanowi tak\u017ce wygodne oparcie podczas czytania. \u0141\u00f3\u017cko 90&#215;200 [&hellip;]<\/p>\n","protected":false},"featured_media":51679,"comment_status":"open","ping_status":"closed","template":"","meta":{"_acf_changed":false},"product_brand":[],"product_cat":[1290],"product_tag":[],"class_list":{"0":"post-53301","1":"product","2":"type-product","3":"status-publish","4":"has-post-thumbnail","6":"product_cat-lozka-tapicerowane-90x200","7":"tm-has-options","9":"first","10":"instock","11":"shipping-taxable","12":"purchasable","13":"product-type-simple"},"acf":[],"_links":{"self":[{"href":"https:\/\/davhonmeble.pl\/de\/wp-json\/wp\/v2\/product\/53301","targetHints":{"allow":["GET"]}}],"collection":[{"href":"https:\/\/davhonmeble.pl\/de\/wp-json\/wp\/v2\/product"}],"about":[{"href":"https:\/\/davhonmeble.pl\/de\/wp-json\/wp\/v2\/types\/product"}],"replies":[{"embeddable":true,"href":"https:\/\/davhonmeble.pl\/de\/wp-json\/wp\/v2\/comments?post=53301"}],"wp:featuredmedia":[{"embeddable":true,"href":"https:\/\/davhonmeble.pl\/de\/wp-json\/wp\/v2\/media\/51679"}],"wp:attachment":[{"href":"https:\/\/davhonmeble.pl\/de\/wp-json\/wp\/v2\/media?parent=53301"}],"wp:term":[{"taxonomy":"product_brand","embeddable":true,"href":"https:\/\/davhonmeble.pl\/de\/wp-json\/wp\/v2\/product_brand?post=53301"},{"taxonomy":"product_cat","embeddable":true,"href":"https:\/\/davhonmeble.pl\/de\/wp-json\/wp\/v2\/product_cat?post=53301"},{"taxonomy":"product_tag","embeddable":true,"href":"https:\/\/davhonmeble.pl\/de\/wp-json\/wp\/v2\/product_tag?post=53301"}],"curies":[{"name":"wp","href":"https:\/\/api.w.org\/{rel}","templated":true}]}}