{"id":52858,"date":"2026-03-04T21:03:43","date_gmt":"2026-03-04T20:03:43","guid":{"rendered":"https:\/\/davhonmeble.pl\/?post_type=product&#038;p=52858"},"modified":"2026-03-08T19:49:23","modified_gmt":"2026-03-08T18:49:23","slug":"sofa-cortado-z-funkcja-spania-pojemnik","status":"publish","type":"product","link":"https:\/\/davhonmeble.pl\/de\/produkt\/sofa-cortado-z-funkcja-spania-pojemnik\/","title":{"rendered":"CORTADO Sofa mit Schlaffunktion"},"content":{"rendered":"<p><strong>Sofa CORTADO<\/strong> ist eine Kombination aus Eleganz, Funktionalit\u00e4t und gem\u00fctlichem Design. Seine weichen, abgerundeten Formen verleihen dem Interieur Subtilit\u00e4t und Modernit\u00e4t, w\u00e4hrend sein hoher Komfort daf\u00fcr sorgt, dass er schnell zu einem beliebten Ruheplatz in Ihrem Zuhause wird. Ausgestattet mit einer Schlaffunktion l\u00e4sst es sich leicht in einen bequemen Schlafplatz f\u00fcr G\u00e4ste oder f\u00fcr den t\u00e4glichen Gebrauch verwandeln. Der im Design des Sofas versteckte Bettzeugbeh\u00e4lter bietet praktischen Stauraum und sorgt f\u00fcr Ordnung im Wohnzimmer. Au\u00dferdem unterstreichen die charakteristischen runden Kissen die runde Form des M\u00f6bels und verleihen ihm einen einzigartigen Charme. Das Modell ist aus hochwertigem Lambi-Stoff (Qualit\u00e4t: Boucle) gefertigt, der abriebfest ist und sich besonders angenehm anf\u00fchlt. Der Komfort wird durch eine Kombination aus T30-Schaumstoff (10 cm) und einer gewellten Feder im Sitz und in der R\u00fcckenlehne gew\u00e4hrleistet, die f\u00fcr Komfort, Langlebigkeit und guten Halt im Alltag sorgt.<\/p>\n<p><strong><br \/>\nPRODUKTMERKMALE:<\/strong><\/p>\n<p>- modernes und stilvolles Sofa mit abgerundeter Form<\/p>\n<p>- bequemer Sitz und R\u00fcckenlehne mit 10 cm hochwertigem T30-Polyurethanschaum und gewellter Feder<\/p>\n<p>- Sofa mit Schlaffunktion und Schlafgelegenheit<\/p>\n<p>- DL\u201e-Entfaltungssystem\u201d<\/p>\n<p>- Liegefl\u00e4che von 200 x 134 cm<\/p>\n<p>- dekorative runde Kissen, die den Charakter der Kollektion unterstreichen<\/p>\n<p>- hochwertiger Boucl\u00e9-Stoff\u201e<\/p>\n<p>- R\u00fcckenlehne des Sofas mit demselben Stoff gepolstert<\/p>\n<p>- ideal f\u00fcr moderne und gem\u00fctliche Innenr\u00e4ume<\/p>\n<p>- einfache Montage<\/p>\n<p><strong><br \/>\nABMESSUNGEN <\/strong>(Abmessungstoleranz: +\/- 3 cm)<strong>:<\/strong><\/p>\n<p>- Gesamtbreite: 260 cm<\/p>\n<p>- Sitzbreite: 200 cm<\/p>\n<p>- Gesamttiefe: 106 cm<\/p>\n<p>- Sitztiefe: 83 cm<\/p>\n<p>- Sitzh\u00f6he 41 cm<\/p>\n<p>- Gesamth\u00f6he (ohne Kissen): 71,5 cm<\/p>\n<p>- Gesamth\u00f6he (mit Polstern): 81,5 cm<\/p>\n<p>- Liegefl\u00e4che: 200 x 134 cm<\/p>\n<p><strong><br \/>\nVERSAND:<\/strong><\/p>\n<p>- landesweiter Versand von \u00a3200<\/p>\n<p>- Nachnahme (Zahlung erst bei Erhalt der Ware)<\/p>\n<p>- pers\u00f6nliche Abholung m\u00f6glich<\/p>\n<p>&nbsp;<\/p>\n<p>Die Lieferung erfolgt durch einen privaten Spediteur, so dass wir garantieren k\u00f6nnen, dass das Produkt ohne Transportsch\u00e4den geliefert wird.<br \/>\nBitte beachten Sie: Der Fahrer ist nicht verpflichtet, die M\u00f6bel in das Haus\/die Wohnung zu bringen!<\/p>","protected":false},"excerpt":{"rendered":"<p>Sofa CORTADO z funkcj\u0105 spania i pojemnikiem na po\u015bciel to po\u0142\u0105czenie elegancji, komfortu i nowoczesnego designu. Zaokr\u0105glona forma oraz mi\u0119kka tkanina typu boucle sprawiaj\u0105, \u017ce sofa doskonale wpisuje si\u0119 w nowoczesne i przytulne wn\u0119trza. Dzi\u0119ki systemowi DL w kilka chwil zamienisz j\u0105 w wygodne miejsce do spania.<\/p>\n<p>Najwa\u017cniejsze ceny:<br \/>\n&#8211; funkcja spania DL<br \/>\n&#8211; pojemnik na po\u015bciel<br \/>\n&#8211; pianka T30 + spr\u0119\u017cyna falista<br \/>\n&#8211; powierzchnia spania 200&#215;134<br \/>\n&#8211; dekoracyjne, okr\u0105g\u0142e poduszki w zestawie<\/p>","protected":false},"featured_media":52859,"comment_status":"closed","ping_status":"closed","template":"","meta":{"_acf_changed":false},"product_brand":[],"product_cat":[1257],"product_tag":[],"class_list":{"0":"post-52858","1":"product","2":"type-product","3":"status-publish","4":"has-post-thumbnail","6":"product_cat-narozniki-sofy-i-fotele","7":"tm-has-options","9":"first","10":"instock","11":"sale","12":"shipping-taxable","13":"purchasable","14":"product-type-simple"},"acf":[],"_links":{"self":[{"href":"https:\/\/davhonmeble.pl\/de\/wp-json\/wp\/v2\/product\/52858","targetHints":{"allow":["GET"]}}],"collection":[{"href":"https:\/\/davhonmeble.pl\/de\/wp-json\/wp\/v2\/product"}],"about":[{"href":"https:\/\/davhonmeble.pl\/de\/wp-json\/wp\/v2\/types\/product"}],"replies":[{"embeddable":true,"href":"https:\/\/davhonmeble.pl\/de\/wp-json\/wp\/v2\/comments?post=52858"}],"wp:featuredmedia":[{"embeddable":true,"href":"https:\/\/davhonmeble.pl\/de\/wp-json\/wp\/v2\/media\/52859"}],"wp:attachment":[{"href":"https:\/\/davhonmeble.pl\/de\/wp-json\/wp\/v2\/media?parent=52858"}],"wp:term":[{"taxonomy":"product_brand","embeddable":true,"href":"https:\/\/davhonmeble.pl\/de\/wp-json\/wp\/v2\/product_brand?post=52858"},{"taxonomy":"product_cat","embeddable":true,"href":"https:\/\/davhonmeble.pl\/de\/wp-json\/wp\/v2\/product_cat?post=52858"},{"taxonomy":"product_tag","embeddable":true,"href":"https:\/\/davhonmeble.pl\/de\/wp-json\/wp\/v2\/product_tag?post=52858"}],"curies":[{"name":"wp","href":"https:\/\/api.w.org\/{rel}","templated":true}]}}