{"id":51323,"date":"2026-01-17T01:17:38","date_gmt":"2026-01-16T23:17:38","guid":{"rendered":"https:\/\/davhonmeble.pl\/?post_type=product&#038;p=51323"},"modified":"2026-03-11T20:09:06","modified_gmt":"2026-03-11T19:09:06","slug":"lozko-tapicerowane-senvi-z-pojemnikiem","status":"publish","type":"product","link":"https:\/\/davhonmeble.pl\/de\/produkt\/lozko-tapicerowane-senvi-z-pojemnikiem\/","title":{"rendered":"Polsterbett SENVI mit Staukasten"},"content":{"rendered":"<h2 style=\"text-align: center;\"><span style=\"font-family: Roboto;\">SENVI-Polsterbett - Komfort und Funktionalit\u00e4t!<\/span><\/h2>\n<p><span style=\"font-family: Roboto;\">Bett <strong>SENVI <\/strong>ist ein Klassiker des Genres. Die beiden gro\u00dfen Paneele am Kopfteil sind eine visuelle Behandlung, die den Benutzer mit einer einfachen und raffinierten Ansicht der Innen\u00e4sthetik anzieht.<\/span><span style=\"font-family: Roboto;\"> Dieses einzigartige Modell wird auch die Bed\u00fcrfnisse der anspruchsvollsten Benutzer befriedigen und gleichzeitig den Ort, an dem er oder sie sich ausruht, auf subtile Weise schm\u00fccken. <\/span>Eine Version dieses Produkts ist mit einem Bettzeugbeh\u00e4lter ausgestattet.<\/p>\n<p>W\u00e4hlen Sie das SENVI-Polsterbett und bestellen Sie ein Modell, das zu Ihrem Schlafzimmer passt - direkt beim Hersteller DAVHON Furniture.<\/p>\n<p><strong><br \/>\nSENVI-Polsterbett - solide Verarbeitung:<\/strong><\/p>\n<p>- Bettkopfteil mit zwei gepolsterten Paneelen<\/p>\n<p>- Bettkonstruktion aus Holz und M\u00f6belplatte<\/p>\n<p>- anhebbarer Holzrahmen mit 32 Latten, ausgestattet mit vier Federn, um das Anheben zu erleichtern<\/p>\n<p>- die M\u00f6glichkeit, die Farbe oder den Stoff Ihrer Tr\u00e4ume zu w\u00e4hlen<\/p>\n<p>- Streubeh\u00e4lter ohne H\u00f6chstlast!<\/p>\n<p>- Das Bett ist ohne Matratze im Set enthalten. F\u00fcr maximalen Schlafkomfort empfehlen wir, ein passendes Modell aus unserem Sortiment zu w\u00e4hlen:<em> <a style=\"font-weight: normal;\" href=\"https:\/\/davhonmeble.pl\/de\/produkt-kategorie\/materace\/\" target=\"_blank\" rel=\"noopener\">siehe passende Matratzen f\u00fcr Polsterbetten<\/a><\/em><\/p>\n<p>- einfache und schnelle Montage. Jedes Bett und jeder Rahmen wird mit einem Montagesatz und einer Anleitung geliefert<\/p>\n<p><strong><br \/>\nZus\u00e4tzliche Optionen <\/strong>(kostenpflichtig) - rufen Sie an und erfahren Sie mehr:<\/p>\n<p>- Metallrahmen (36 Lattenroste) mit Gasdruckfedern, die das \u00d6ffnen und Schlie\u00dfen des Bettes erleichtern<\/p>\n<p>- \u00c4nderung der Gr\u00f6\u00dfe des Kopfteils<\/p>\n<p><strong><br \/>\nAbmessungen des Polsterbettes<\/strong>:<\/p>\n<p>- Gesamtl\u00e4nge 214 cm<\/p>\n<p>- Gesamtbreite 129\/149\/169\/189 (je nach gew\u00e4hlter Gr\u00f6\u00dfe)<\/p>\n<p>- H\u00f6he der Kopfst\u00fctze \u00fcber dem Boden 89 cm<\/p>\n<p>- H\u00f6he des Rahmens vom Boden 31 cm<\/p>\n<p><strong><br \/>\nVersand und Erf\u00fcllung:<\/strong><\/p>\n<p>- landesweiter Versand in H\u00f6he von 160 PLN<\/p>\n<p>- Nachnahme (Zahlung erst bei Erhalt der Ware)<\/p>\n<p>- pers\u00f6nliche Abholung m\u00f6glich<\/p>\n<p>&nbsp;<\/p>\n<p>Das Bett wird in Paketen zur Selbstmontage versandt und die Montage selbst ist sehr einfach und schnell. Die Lieferung erfolgt durch eine private Spedition, so dass wir garantieren, dass das Bett ohne Transportsch\u00e4den geliefert wird.<br \/>\nBitte beachten Sie: Der Fahrer ist nicht verpflichtet, die M\u00f6bel in das Haus\/die Wohnung zu bringen!<\/p>","protected":false},"excerpt":{"rendered":"<p>\u0141\u00f3\u017cko tapicerowane SENVI z pojemnikiem.<\/p>\n<p>Produkt polskiego producenta DAVHON Meble.<\/p>\n<p>Mo\u017cliwo\u015b\u0107 wyboru wymiaru, stela\u017ca tkaniny oraz personalizacji wymiar\u00f3w.<\/p>","protected":false},"featured_media":52433,"comment_status":"closed","ping_status":"closed","template":"","meta":{"_acf_changed":false},"product_brand":[],"product_cat":[1259,1289,1276,1277,1278],"product_tag":[],"class_list":{"0":"post-51323","1":"product","2":"type-product","3":"status-publish","4":"has-post-thumbnail","6":"product_cat-lozka-tapicerowane","7":"product_cat-lozka-tapicerowane-120x200","8":"product_cat-lozka-tapicerowane-140x200","9":"product_cat-lozka-tapicerowane-160x200","10":"product_cat-lozka-tapicerowane-180x200","11":"tm-has-options","13":"first","14":"instock","15":"shipping-taxable","16":"purchasable","17":"product-type-simple"},"acf":[],"_links":{"self":[{"href":"https:\/\/davhonmeble.pl\/de\/wp-json\/wp\/v2\/product\/51323","targetHints":{"allow":["GET"]}}],"collection":[{"href":"https:\/\/davhonmeble.pl\/de\/wp-json\/wp\/v2\/product"}],"about":[{"href":"https:\/\/davhonmeble.pl\/de\/wp-json\/wp\/v2\/types\/product"}],"replies":[{"embeddable":true,"href":"https:\/\/davhonmeble.pl\/de\/wp-json\/wp\/v2\/comments?post=51323"}],"wp:featuredmedia":[{"embeddable":true,"href":"https:\/\/davhonmeble.pl\/de\/wp-json\/wp\/v2\/media\/52433"}],"wp:attachment":[{"href":"https:\/\/davhonmeble.pl\/de\/wp-json\/wp\/v2\/media?parent=51323"}],"wp:term":[{"taxonomy":"product_brand","embeddable":true,"href":"https:\/\/davhonmeble.pl\/de\/wp-json\/wp\/v2\/product_brand?post=51323"},{"taxonomy":"product_cat","embeddable":true,"href":"https:\/\/davhonmeble.pl\/de\/wp-json\/wp\/v2\/product_cat?post=51323"},{"taxonomy":"product_tag","embeddable":true,"href":"https:\/\/davhonmeble.pl\/de\/wp-json\/wp\/v2\/product_tag?post=51323"}],"curies":[{"name":"wp","href":"https:\/\/api.w.org\/{rel}","templated":true}]}}