{"id":51318,"date":"2026-01-17T01:17:38","date_gmt":"2026-01-16T23:17:38","guid":{"rendered":"https:\/\/davhonmeble.pl\/?post_type=product&#038;p=51318"},"modified":"2026-03-11T20:07:24","modified_gmt":"2026-03-11T19:07:24","slug":"lozko-tapicerowane-hessa-slim-z-dwoma-pojemnikami","status":"publish","type":"product","link":"https:\/\/davhonmeble.pl\/de\/produkt\/lozko-tapicerowane-hessa-slim-z-dwoma-pojemnikami\/","title":{"rendered":"Polsterbett HESSA SLIM mit zwei Containern"},"content":{"rendered":"<p>Gepolstertes Bett <strong>HESSA SLIM <\/strong>ist ein Modell, das f\u00fcr Liebhaber von komfortablen und stilvollen R\u00e4umen geschaffen wurde. Hessa ist ein Modell, das f\u00fcr sich genommen so auff\u00e4llig ist, dass es keinen gro\u00dfen Rahmen braucht, um zu einer raffinierten Einrichtung beizutragen. Es wird zweifellos die perfekte Dominante in einem ger\u00e4umigen Schlafzimmer sein. Der gr\u00f6\u00dfte Vorteil dieses Modells ist die Tatsache, dass die Matratze auf einem eingebauten Holzrahmen ruht, so dass das Bett nicht breiter ist als die verwendete Matratze! Der Rahmen ist mit einer rutschfesten Matte ausgestattet, die ein Verrutschen der Matratze verhindert, und verf\u00fcgt \u00fcber Gasflaschen, mit denen sich der Container sehr leicht \u00f6ffnen l\u00e4sst.<\/p>\n<p><strong><br \/>\nAUSF\u00dcHRUNG:<\/strong><\/p>\n<p>- gestepptes Kopfteil<\/p>\n<p>- Bettkonstruktion aus Holz und M\u00f6belplatte<\/p>\n<p>- anhebbarer Holzrahmen mit Gasflaschen zum leichteren Anheben und einer Anti-Rutsch-Matte<\/p>\n<p>- die M\u00f6glichkeit, die Farbe oder den Stoff Ihrer Tr\u00e4ume zu w\u00e4hlen<\/p>\n<p>- Bettzeugbeh\u00e4lter aus MDF<\/p>\n<p>- Das Bett ist ohne Matratze im Set enthalten. F\u00fcr maximalen Schlafkomfort empfehlen wir, ein passendes Modell aus unserem Sortiment zu w\u00e4hlen:<em> <a style=\"font-weight: normal;\" href=\"https:\/\/davhonmeble.pl\/de\/produkt-kategorie\/materace\/\" target=\"_blank\" rel=\"noopener\">siehe passende Matratzen f\u00fcr Polsterbetten<\/a><\/em><\/p>\n<p>- einfache und schnelle Montage. Jedes Bett und jeder Rahmen wird mit einem Montagesatz und einer Anleitung geliefert<\/p>\n<p><strong><br \/>\nZUS\u00c4TZLICHE OPTIONEN<\/strong> (zahlbar):<\/p>\n<p>- \u00c4nderung des Kopfst\u00fctzenma\u00dfes auf 115 Zentimeter<\/p>\n<p><strong><br \/>\nABMESSUNGEN<\/strong>:<\/p>\n<p>- Gesamtl\u00e4nge 210 cm<\/p>\n<p>- Gesamtbreite 140\/160\/180 (je nach gew\u00e4hlter Gr\u00f6\u00dfe)<\/p>\n<p>- H\u00f6he der Kopfst\u00fctze \u00fcber dem Boden 100 cm (kann auf 115 cm ge\u00e4ndert werden)<\/p>\n<p>- H\u00f6he des Rahmens ohne Matratze 33 cm<\/p>\n<p><strong><br \/>\nVERSAND:<\/strong><\/p>\n<p>- landesweiter Versand in H\u00f6he von 160 PLN<\/p>\n<p>- Nachnahme (Zahlung erst bei Erhalt der Ware)<\/p>\n<p>- pers\u00f6nliche Abholung m\u00f6glich<\/p>\n<p>&nbsp;<\/p>\n<p>Das Bett wird in Paketen zur Selbstmontage versandt und die Montage selbst ist sehr einfach und schnell. Die Lieferung erfolgt durch eine private Spedition, so dass wir garantieren, dass das Bett ohne Transportsch\u00e4den geliefert wird.<br \/>\nBitte beachten Sie: Der Fahrer ist nicht verpflichtet, die M\u00f6bel in das Haus\/die Wohnung zu bringen!<\/p>","protected":false},"excerpt":{"rendered":"<p>\u0141\u00f3\u017cko tapicerowane HESSA SLIM to model stworzony dla mi\u0142o\u015bnik\u00f3w komfortowych i stylowych przestrzeni. Hessa to model, kt\u00f3ry sam w sobie jest tak efektowny, \u017ce nie potrzebuje wielkiej oprawy, \u017ceby wsp\u00f3\u0142tworzy\u0107 dopracowan\u0105 aran\u017cacj\u0119. Bez w\u0105tpienia b\u0119dzie doskona\u0142\u0105 dominat\u0105 przestronnej sypialni. Najwi\u0119ksz\u0105 zalet\u0105 tego modelu jest fakt, i\u017c materac uk\u0142ada si\u0119 na zabudowanym, drewnianym stela\u017cu dzi\u0119ki czemu [&hellip;]<\/p>\n","protected":false},"featured_media":51499,"comment_status":"closed","ping_status":"closed","template":"","meta":{"_acf_changed":false},"product_brand":[],"product_cat":[1259,1289,1276,1277,1278],"product_tag":[],"class_list":{"0":"post-51318","1":"product","2":"type-product","3":"status-publish","4":"has-post-thumbnail","6":"product_cat-lozka-tapicerowane","7":"product_cat-lozka-tapicerowane-120x200","8":"product_cat-lozka-tapicerowane-140x200","9":"product_cat-lozka-tapicerowane-160x200","10":"product_cat-lozka-tapicerowane-180x200","11":"tm-has-options","13":"first","14":"instock","15":"shipping-taxable","16":"purchasable","17":"product-type-simple"},"acf":[],"_links":{"self":[{"href":"https:\/\/davhonmeble.pl\/de\/wp-json\/wp\/v2\/product\/51318","targetHints":{"allow":["GET"]}}],"collection":[{"href":"https:\/\/davhonmeble.pl\/de\/wp-json\/wp\/v2\/product"}],"about":[{"href":"https:\/\/davhonmeble.pl\/de\/wp-json\/wp\/v2\/types\/product"}],"replies":[{"embeddable":true,"href":"https:\/\/davhonmeble.pl\/de\/wp-json\/wp\/v2\/comments?post=51318"}],"wp:featuredmedia":[{"embeddable":true,"href":"https:\/\/davhonmeble.pl\/de\/wp-json\/wp\/v2\/media\/51499"}],"wp:attachment":[{"href":"https:\/\/davhonmeble.pl\/de\/wp-json\/wp\/v2\/media?parent=51318"}],"wp:term":[{"taxonomy":"product_brand","embeddable":true,"href":"https:\/\/davhonmeble.pl\/de\/wp-json\/wp\/v2\/product_brand?post=51318"},{"taxonomy":"product_cat","embeddable":true,"href":"https:\/\/davhonmeble.pl\/de\/wp-json\/wp\/v2\/product_cat?post=51318"},{"taxonomy":"product_tag","embeddable":true,"href":"https:\/\/davhonmeble.pl\/de\/wp-json\/wp\/v2\/product_tag?post=51318"}],"curies":[{"name":"wp","href":"https:\/\/api.w.org\/{rel}","templated":true}]}}