{"id":51316,"date":"2026-01-17T01:17:38","date_gmt":"2026-01-16T23:17:38","guid":{"rendered":"https:\/\/davhonmeble.pl\/?post_type=product&#038;p=51316"},"modified":"2026-03-11T20:00:10","modified_gmt":"2026-03-11T19:00:10","slug":"lozko-kontynentalne-soul-na-metalowych-nogach-i-z-dwoma-pojemnikami","status":"publish","type":"product","link":"https:\/\/davhonmeble.pl\/de\/produkt\/lozko-kontynentalne-soul-na-metalowych-nogach-i-z-dwoma-pojemnikami\/","title":{"rendered":"SOUL Kontinentalbett mit Metallf\u00fc\u00dfen und zwei K\u00e4sten"},"content":{"rendered":"<p>Kontinentales Bett <strong>SOUL <\/strong>Das Bett ist mit zwei Bettk\u00e4sten und einem bequemen, hohen Kopfteil ausgestattet, das mit dekorativen, gepolsterten Paneelen verziert ist, die dem Ganzen ein elegantes Aussehen verleihen, und wird von schlanken, 11 cm hohen Metallf\u00fc\u00dfen in Schwarz getragen. Das Bett wird standardm\u00e4\u00dfig mit einer sehr hochwertigen Matratze mit Bonellfedern geliefert.<\/p>\n<p><strong><br \/>\nAUSF\u00dcHRUNG:<\/strong><\/p>\n<p>- das Bett hat zwei seitlich zu \u00f6ffnende Bettzeugbeh\u00e4lter<\/p>\n<p>- automatischer Bett\u00f6ffner<\/p>\n<p>- Untermatratze aus Bonellfedern und T-25-Schaum, H\u00f6he ca. 22 cm<\/p>\n<p>- Rahmen: Holz + wei\u00dfe Tafel<\/p>\n<p>- 11 cm Metallf\u00fc\u00dfe<\/p>\n<p><strong><br \/>\nZUS\u00c4TZLICHE OPTIONEN (kostenpflichtig):<\/strong><\/p>\n<p>- Austausch einer Bonellmatratze gegen eine Taschenfederkernmatratze (eine Taschenfederkernmatratze, auch Pouch-Matratze genannt, besteht aus herk\u00f6mmlichen Federn, die in separaten Taschen aus Stoff untergebracht sind. Durch diese Konstruktion arbeiten die Federn v\u00f6llig unabh\u00e4ngig voneinander - Druck auf eine Feder f\u00fchrt nicht automatisch zu einer Verformung der anderen. Dadurch ist die Matratze leise, passt sich perfekt an die K\u00f6rperform an und die Positionierung einer anderen Person auf dem Bett ist praktisch nicht wahrnehmbar. Eine Bonellmatratze hingegen ist ein System aus einzelnen Federn, die durch einen Spiraldraht miteinander verbunden sind. Dadurch wird das Gewicht der schlafenden Person, das auf die Matratze einwirkt, auf die gesamte Fl\u00e4che verteilt. So kann die Matratze verschiedenen Menschen mit unterschiedlichem K\u00f6rpergewicht und Schlafgewohnheiten gerecht werden. Dies hat jedoch auch den Effekt, dass, wenn zwei Personen auf der Matratze schlafen, jede Positionsver\u00e4nderung der einen Person von der anderen stark wahrgenommen wird).<\/p>\n<p>- Obere Matratze (Topper) gesteppt mit T25-Schaum<\/p>\n<p>- Eine Matratzenauflage (Topper) mit VISCO-Schaum (auch thermoelastischer Schaum genannt) ist oft ein grundlegendes Element moderner Matratzen. Denn seine innovativen Eigenschaften sorgen f\u00fcr einen gesunden und gleichzeitig sehr angenehmen Schlaf.)<\/p>\n<p><strong><br \/>\nABMESSUNGEN:<\/strong><\/p>\n<p>- Gesamtl\u00e4nge 215 cm<\/p>\n<p>- Gesamtbreite 122\/142\/162\/182 (je nach gew\u00e4hlter Gr\u00f6\u00dfe)<\/p>\n<p>- H\u00f6he der Kopfst\u00fctze \u00fcber dem Boden 130 cm<\/p>\n<p>- H\u00f6he der Bettseite einschlie\u00dflich F\u00fc\u00dfe (Liegefl\u00e4che) 56 cm<\/p>\n<p>- F\u00fc\u00dfe 10 cm<\/p>\n<p><strong><br \/>\nVERSAND:<\/strong><\/p>\n<p>- landesweiter Versand in H\u00f6he von 200 PLN<\/p>\n<p>- Nachnahme (Zahlung erst bei Erhalt der Ware)<\/p>\n<p>- pers\u00f6nliche Abholung m\u00f6glich<\/p>\n<p>&nbsp;<\/p>\n<p>Das Bett wird in Paketen zur Selbstmontage versandt und die Montage selbst ist sehr einfach und schnell. Die Lieferung erfolgt durch eine private Spedition, so dass wir garantieren, dass das Bett ohne Transportsch\u00e4den geliefert wird.<br \/>\nBitte beachten Sie: Der Fahrer ist nicht verpflichtet, die M\u00f6bel in das Haus\/die Wohnung zu bringen!<\/p>","protected":false},"excerpt":{"rendered":"<p>\u0141\u00f3\u017cko kontynentalne SOUL z dwoma pojemnikami na po\u015bciel, a do tego z komfortowym wysokim zag\u0142\u00f3wkiem ozdobionym dekoracyjnymi panelami tapicerowanymi, dzi\u0119ki kt\u00f3rym ca\u0142o\u015b\u0107 prezentuje si\u0119 niezwykle elegancko.Ca\u0142o\u015b\u0107 oparta jest na smuk\u0142ych, metalowych 11 cm n\u00f3\u017ckach w czarnym kolorze. \u0141\u00f3\u017cko posiada w standardzie bardzo wysokiej jako\u015bci materac ze spr\u0119\u017cynami bonell. WYKONANIE: &#8211; \u0142\u00f3\u017cko posiada dwa pojemniki na [&hellip;]<\/p>\n","protected":false},"featured_media":51408,"comment_status":"closed","ping_status":"closed","template":"","meta":{"_acf_changed":false},"product_brand":[],"product_cat":[1258,1288,1272,1273,1274],"product_tag":[],"class_list":{"0":"post-51316","1":"product","2":"type-product","3":"status-publish","4":"has-post-thumbnail","6":"product_cat-lozka-kontynentalne","7":"product_cat-lozka-kontynentalne-120x200","8":"product_cat-lozka-kontynentalne-140x200","9":"product_cat-lozka-kontynentalne-160x200","10":"product_cat-lozka-kontynentalne-180x200","11":"tm-has-options","13":"first","14":"instock","15":"shipping-taxable","16":"purchasable","17":"product-type-simple"},"acf":[],"_links":{"self":[{"href":"https:\/\/davhonmeble.pl\/de\/wp-json\/wp\/v2\/product\/51316","targetHints":{"allow":["GET"]}}],"collection":[{"href":"https:\/\/davhonmeble.pl\/de\/wp-json\/wp\/v2\/product"}],"about":[{"href":"https:\/\/davhonmeble.pl\/de\/wp-json\/wp\/v2\/types\/product"}],"replies":[{"embeddable":true,"href":"https:\/\/davhonmeble.pl\/de\/wp-json\/wp\/v2\/comments?post=51316"}],"wp:featuredmedia":[{"embeddable":true,"href":"https:\/\/davhonmeble.pl\/de\/wp-json\/wp\/v2\/media\/51408"}],"wp:attachment":[{"href":"https:\/\/davhonmeble.pl\/de\/wp-json\/wp\/v2\/media?parent=51316"}],"wp:term":[{"taxonomy":"product_brand","embeddable":true,"href":"https:\/\/davhonmeble.pl\/de\/wp-json\/wp\/v2\/product_brand?post=51316"},{"taxonomy":"product_cat","embeddable":true,"href":"https:\/\/davhonmeble.pl\/de\/wp-json\/wp\/v2\/product_cat?post=51316"},{"taxonomy":"product_tag","embeddable":true,"href":"https:\/\/davhonmeble.pl\/de\/wp-json\/wp\/v2\/product_tag?post=51316"}],"curies":[{"name":"wp","href":"https:\/\/api.w.org\/{rel}","templated":true}]}}