{"id":51313,"date":"2026-01-17T01:17:38","date_gmt":"2026-01-16T23:17:38","guid":{"rendered":"https:\/\/davhonmeble.pl\/?post_type=product&#038;p=51313"},"modified":"2026-03-11T19:59:34","modified_gmt":"2026-03-11T18:59:34","slug":"lozko-kontynentalne-antos-z-dwoma-pojemnikami","status":"publish","type":"product","link":"https:\/\/davhonmeble.pl\/de\/produkt\/lozko-kontynentalne-antos-z-dwoma-pojemnikami\/","title":{"rendered":"ANTOS Kontinentalbett mit zwei Containern"},"content":{"rendered":"<p>Kontinentales Bett <strong>ANTOS <\/strong>wird die moderne Komposition in Ihrem Schlafzimmer perfekt erg\u00e4nzen. Dieses Bett mit einem hohen und weichen Kopfteil ist mit zwei LED-Lampen ausgestattet, die einen einzigartigen Stil zu jedem Interieur hinzuf\u00fcgen wird. Dar\u00fcber hinaus sind sie ideal f\u00fcr Liebhaber der Lekt\u00fcre von B\u00fcchern, sondern auch, zum Beispiel, f\u00fcr die Abendarbeit mit einem Laptop. Die Lampen werden durch Ber\u00fchrung aktiviert und funktionieren in zwei Versionen: diffuses Licht oder Spotbeleuchtung auf einem schwenkbaren Lager, das es Ihnen erm\u00f6glicht, den Lichtstrahl dorthin zu lenken, wo Sie ihn brauchen. Das Bett hat eine sehr hochwertige Matratze mit Bonellfedern als Standard.<\/p>\n<p><strong><br \/>\nAUSF\u00dcHRUNG:<\/strong><\/p>\n<p>- das Bett hat zwei seitlich zu \u00f6ffnende Bettzeugbeh\u00e4lter<\/p>\n<p>- automatischer Bett\u00f6ffner<\/p>\n<p>- Untermatratze aus Bonellfedern und T-25-Schaum, H\u00f6he ca. 18 cm<\/p>\n<p>- Rahmen: Holz + wei\u00dfe Tafel<\/p>\n<p><strong><br \/>\nZUS\u00c4TZLICHE OPTIONEN (kostenpflichtig):<\/strong><\/p>\n<p>- Austausch einer Bonellmatratze gegen eine Taschenfederkernmatratze (eine Taschenfederkernmatratze, auch Pouch-Matratze genannt, besteht aus herk\u00f6mmlichen Federn, die in separaten Taschen aus Stoff untergebracht sind. Durch diese Konstruktion arbeiten die Federn v\u00f6llig unabh\u00e4ngig voneinander - Druck auf eine Feder f\u00fchrt nicht automatisch zu einer Verformung der anderen. Dadurch ist die Matratze leise, passt sich perfekt an die K\u00f6rperform an und die Positionierung einer anderen Person auf dem Bett ist praktisch nicht wahrnehmbar. Eine Bonellmatratze hingegen ist ein System aus einzelnen Federn, die durch einen Spiraldraht miteinander verbunden sind. Dadurch wird das Gewicht der schlafenden Person, das auf die Matratze einwirkt, auf die gesamte Fl\u00e4che verteilt. So kann die Matratze verschiedenen Menschen mit unterschiedlichem K\u00f6rpergewicht und Schlafgewohnheiten gerecht werden. Dies hat jedoch auch den Effekt, dass, wenn zwei Personen auf der Matratze schlafen, jede Positionsver\u00e4nderung der einen Person von der anderen stark wahrgenommen wird).<\/p>\n<p>- Obere Matratze (Topper) gesteppt mit T25-Schaum<\/p>\n<p>- Eine Matratzenauflage (Topper) mit VISCO-Schaum (auch thermoelastischer Schaum genannt) ist oft ein grundlegendes Element moderner Matratzen. Denn seine innovativen Eigenschaften sorgen f\u00fcr einen gesunden und gleichzeitig sehr angenehmen Schlaf.)<\/p>\n<p><strong><br \/>\nABMESSUNGEN:<\/strong><\/p>\n<p>- Gesamtl\u00e4nge 210 cm<\/p>\n<p>- Gesamtbreite 140\/160\/180 (je nach gew\u00e4hlter Gr\u00f6\u00dfe)<\/p>\n<p>- H\u00f6he der Kopfst\u00fctze \u00fcber dem Boden 112 cm<\/p>\n<p>- H\u00f6he der Bettseite (Liegefl\u00e4che) 46 cm<\/p>\n<p><strong><br \/>\nVERSAND:<\/strong><\/p>\n<p>- landesweiter Versand in H\u00f6he von 200 PLN<\/p>\n<p>- Nachnahme (Zahlung erst bei Erhalt der Ware)<\/p>\n<p>- pers\u00f6nliche Abholung m\u00f6glich<\/p>\n<p>&nbsp;<\/p>\n<p>Das Bett wird in Paketen zur Selbstmontage versandt und die Montage selbst ist sehr einfach und schnell. Die Lieferung erfolgt durch eine private Spedition, so dass wir garantieren, dass das Bett ohne Transportsch\u00e4den geliefert wird.<br \/>\nBitte beachten Sie: Der Fahrer ist nicht verpflichtet, die M\u00f6bel in das Haus\/die Wohnung zu bringen!<\/p>","protected":false},"excerpt":{"rendered":"<p>\u0141\u00f3\u017cko kontynentalne ANTOS idealnie uzupe\u0142ni nowoczesn\u0105 kompozycj\u0119 w Twojej sypialni. To \u0142\u00f3\u017cko z wysokim i mi\u0119kkim wezg\u0142owiem wyposa\u017conym w dwie lampy LED, kt\u00f3re dodadz\u0105 niepowtarzalnego stylu w ka\u017cdym wn\u0119trzu. Dodatkowo s\u0105 idealnym rozwi\u0105zaniem dla mi\u0142o\u015bnik\u00f3w czytania ksi\u0105\u017cek, ale tak\u017ce np. do wieczornej pracy z laptopem. Lampy uruchamiane s\u0105 dotykowo i dzia\u0142aj\u0105 w dw\u00f3ch wersjach: \u015bwiat\u0142o [&hellip;]<\/p>\n","protected":false},"featured_media":51356,"comment_status":"closed","ping_status":"closed","template":"","meta":{"_acf_changed":false},"product_brand":[],"product_cat":[1258,1272,1273,1274],"product_tag":[],"class_list":{"0":"post-51313","1":"product","2":"type-product","3":"status-publish","4":"has-post-thumbnail","6":"product_cat-lozka-kontynentalne","7":"product_cat-lozka-kontynentalne-140x200","8":"product_cat-lozka-kontynentalne-160x200","9":"product_cat-lozka-kontynentalne-180x200","10":"tm-has-options","12":"first","13":"instock","14":"shipping-taxable","15":"purchasable","16":"product-type-simple"},"acf":[],"_links":{"self":[{"href":"https:\/\/davhonmeble.pl\/de\/wp-json\/wp\/v2\/product\/51313","targetHints":{"allow":["GET"]}}],"collection":[{"href":"https:\/\/davhonmeble.pl\/de\/wp-json\/wp\/v2\/product"}],"about":[{"href":"https:\/\/davhonmeble.pl\/de\/wp-json\/wp\/v2\/types\/product"}],"replies":[{"embeddable":true,"href":"https:\/\/davhonmeble.pl\/de\/wp-json\/wp\/v2\/comments?post=51313"}],"wp:featuredmedia":[{"embeddable":true,"href":"https:\/\/davhonmeble.pl\/de\/wp-json\/wp\/v2\/media\/51356"}],"wp:attachment":[{"href":"https:\/\/davhonmeble.pl\/de\/wp-json\/wp\/v2\/media?parent=51313"}],"wp:term":[{"taxonomy":"product_brand","embeddable":true,"href":"https:\/\/davhonmeble.pl\/de\/wp-json\/wp\/v2\/product_brand?post=51313"},{"taxonomy":"product_cat","embeddable":true,"href":"https:\/\/davhonmeble.pl\/de\/wp-json\/wp\/v2\/product_cat?post=51313"},{"taxonomy":"product_tag","embeddable":true,"href":"https:\/\/davhonmeble.pl\/de\/wp-json\/wp\/v2\/product_tag?post=51313"}],"curies":[{"name":"wp","href":"https:\/\/api.w.org\/{rel}","templated":true}]}}