{"id":51308,"date":"2026-01-17T01:17:38","date_gmt":"2026-01-16T23:17:38","guid":{"rendered":"https:\/\/davhonmeble.pl\/?post_type=product&#038;p=51308"},"modified":"2026-04-19T19:26:52","modified_gmt":"2026-04-19T18:26:52","slug":"fotel-dina-w-stylu-skandynawskim","status":"publish","type":"product","link":"https:\/\/davhonmeble.pl\/de\/produkt\/fotel-dina-w-stylu-skandynawskim\/","title":{"rendered":"DINA Sessel im skandinavischen Stil"},"content":{"rendered":"<p>Ein absoluter Preis- und Optik-Hit! <strong>Dina Sessel<\/strong> ist ideal f\u00fcr das Wohnzimmer, das B\u00fcro oder ein Caf\u00e9. Er passt in jede Umgebung und die hohe Qualit\u00e4t der f\u00fcr seine Herstellung verwendeten Materialien sorgt daf\u00fcr, dass ihn jeder in seinem Zuhause haben m\u00f6chte.<\/p>\n<p><strong><br \/>\nPRODUKTMERKMALE:<\/strong><\/p>\n<p>- gewellte Feder auf dem Sitz<\/p>\n<p>- R\u00fcckenlehne des Sofas mit demselben Stoff gepolstert<\/p>\n<p>- bequemer Sitz<\/p>\n<p>- robuste Holzbeine<\/p>\n<p>- einfacher und gem\u00fctlicher skandinavischer Stil<\/p>\n<p>- weiche R\u00fcckenlehne<\/p>\n<p>- bequeme Armlehnen<\/p>\n<p>- Universalgrau<\/p>\n<p>- abriebfest<\/p>\n<p>- die M\u00f6glichkeit, die Farbe oder den Stoff Ihrer Tr\u00e4ume zu w\u00e4hlen<\/p>\n<p><strong><br \/>\nABMESSUNGEN:<\/strong><\/p>\n<p>- Gesamtbreite: 80 cm<\/p>\n<p>- Gesamth\u00f6he: 75 cm<\/p>\n<p>- Gesamttiefe: 74 cm<\/p>\n<p>- Sitzbreite: 45 cm<\/p>\n<p>- Sitztiefe: 52 cm<\/p>\n<p>- H\u00f6he der R\u00fcckenlehne: 40 cm<\/p>\n<p>- H\u00f6he vom Boden bis zum Sitz: 43 cm<\/p>\n<p>- H\u00f6he der F\u00fc\u00dfe: 23 cm<\/p>\n<p>&nbsp;<\/p>\n<p><strong>VERSAND:<\/strong><\/p>\n<p>- landesweiter Versand von 80 PLN<\/p>\n<p>- Nachnahme (Zahlung erst bei Erhalt der Ware)<\/p>\n<p>- pers\u00f6nliche Abholung m\u00f6glich<\/p>\n<p>&nbsp;<\/p>\n<p>Der Sessel wird als Ganzes geliefert, die einzigen Teile, die angeschraubt werden m\u00fcssen, sind die Holzbeine. Die Lieferung erfolgt durch einen privaten Spediteur, so dass wir garantieren, dass es ohne Sch\u00e4den w\u00e4hrend des Transports geliefert wird.<br \/>\nBitte beachten Sie: Der Fahrer ist nicht verpflichtet, die M\u00f6bel in das Haus\/die Wohnung zu bringen!<\/p>","protected":false},"excerpt":{"rendered":"<p>Absolutny hit cenowy i wizualny! Fotel Dina jest idealny do salonu, biura czy te\u017c kawiarni. Sprawdzi si\u0119 w ka\u017cdej aran\u017cacji, a najwy\u017csza jako\u015b\u0107 materia\u0142\u00f3w stosowanych przy produkcji sprawia, \u017ce ka\u017cdy chce j\u0105 u siebie. CECHY PRODUKTU: \u2013\u00a0spr\u0119\u017cyna falista na siedzisku \u2013\u00a0ty\u0142 sofy obity w tym samym materiale \u2013\u00a0wygodne siedzisko \u2013\u00a0solidne n\u00f3\u017cki z drewna \u2013\u00a0prosty i [&hellip;]<\/p>\n","protected":false},"featured_media":52672,"comment_status":"closed","ping_status":"closed","template":"","meta":{"_acf_changed":false},"product_brand":[],"product_cat":[1270,1257],"product_tag":[1303],"class_list":{"0":"post-51308","1":"product","2":"type-product","3":"status-publish","4":"has-post-thumbnail","6":"product_cat-fotele","7":"product_cat-narozniki-sofy-i-fotele","8":"product_tag-davhon","9":"tm-has-options","11":"first","12":"instock","13":"sale","14":"shipping-taxable","15":"purchasable","16":"product-type-simple"},"acf":[],"_links":{"self":[{"href":"https:\/\/davhonmeble.pl\/de\/wp-json\/wp\/v2\/product\/51308","targetHints":{"allow":["GET"]}}],"collection":[{"href":"https:\/\/davhonmeble.pl\/de\/wp-json\/wp\/v2\/product"}],"about":[{"href":"https:\/\/davhonmeble.pl\/de\/wp-json\/wp\/v2\/types\/product"}],"replies":[{"embeddable":true,"href":"https:\/\/davhonmeble.pl\/de\/wp-json\/wp\/v2\/comments?post=51308"}],"wp:featuredmedia":[{"embeddable":true,"href":"https:\/\/davhonmeble.pl\/de\/wp-json\/wp\/v2\/media\/52672"}],"wp:attachment":[{"href":"https:\/\/davhonmeble.pl\/de\/wp-json\/wp\/v2\/media?parent=51308"}],"wp:term":[{"taxonomy":"product_brand","embeddable":true,"href":"https:\/\/davhonmeble.pl\/de\/wp-json\/wp\/v2\/product_brand?post=51308"},{"taxonomy":"product_cat","embeddable":true,"href":"https:\/\/davhonmeble.pl\/de\/wp-json\/wp\/v2\/product_cat?post=51308"},{"taxonomy":"product_tag","embeddable":true,"href":"https:\/\/davhonmeble.pl\/de\/wp-json\/wp\/v2\/product_tag?post=51308"}],"curies":[{"name":"wp","href":"https:\/\/api.w.org\/{rel}","templated":true}]}}