{"id":51307,"date":"2026-01-17T01:17:38","date_gmt":"2026-01-16T23:17:38","guid":{"rendered":"https:\/\/davhonmeble.pl\/?post_type=product&#038;p=51307"},"modified":"2026-03-20T20:08:52","modified_gmt":"2026-03-20T19:08:52","slug":"materac-panama-premium","status":"publish","type":"product","link":"https:\/\/davhonmeble.pl\/de\/produkt\/materac-panama-premium\/","title":{"rendered":"Panama Premium Matratze"},"content":{"rendered":"<p><strong>Panama Premium Matratze <\/strong>ist Menschen gewidmet, die ein Gleichgewicht zwischen idealer punktueller Unterst\u00fctzung des K\u00f6rpers und der Freiheit, die Position w\u00e4hrend des Schlafs zu ver\u00e4ndern, suchen. Das optimal ausgewogene Verh\u00e4ltnis der in der Matratze Panama Premium verwendeten Komponenten in Form von Polyurethanschaum und Latexschaum erm\u00f6glicht eine effektive Regeneration und Entspannung des K\u00f6rpers und garantiert so einen ruhigen, gesunden Schlaf und die Zufriedenheit des Kunden, der einen hohen Schlafkomfort genie\u00dft. Dieses 24-cm-Modell ist mit einem 7-Zonen-Profil-Multitaschenfederkern f\u00fcr optimale Punktflexibilit\u00e4t ausgestattet.<\/p>\n<p>Die in Standard-Taschenmatratzen verwendeten Taschenfedern enthalten etwa 272 Federn\/m2. Unsere Premium-Matratzen enthalten Taschenfedern des Multipocket-Typs, d.h. ca. 510 Federn\/m2, was die Lebensdauer der Matratze erheblich beeinflusst und den Schlafkomfort erh\u00f6ht, da es fast doppelt so viele St\u00fctzpunkte gibt.<strong><a href=\"https:\/\/davhonmeble.pl\/wp-content\/uploads\/2026\/01\/95AA7117-2263-4B67-964F-2964349D6F65.jpg\"><img fetchpriority=\"high\" decoding=\"async\" class=\"aligncenter wp-image-52666 size-large\" src=\"https:\/\/davhonmeble.pl\/wp-content\/uploads\/2026\/01\/95AA7117-2263-4B67-964F-2964349D6F65-1024x683.jpg\" alt=\"\" width=\"800\" height=\"534\" srcset=\"https:\/\/davhonmeble.pl\/wp-content\/uploads\/2026\/01\/95AA7117-2263-4B67-964F-2964349D6F65-1024x683.jpg 1024w, https:\/\/davhonmeble.pl\/wp-content\/uploads\/2026\/01\/95AA7117-2263-4B67-964F-2964349D6F65-300x200.jpg 300w, https:\/\/davhonmeble.pl\/wp-content\/uploads\/2026\/01\/95AA7117-2263-4B67-964F-2964349D6F65-768x512.jpg 768w, https:\/\/davhonmeble.pl\/wp-content\/uploads\/2026\/01\/95AA7117-2263-4B67-964F-2964349D6F65-18x12.jpg 18w, https:\/\/davhonmeble.pl\/wp-content\/uploads\/2026\/01\/95AA7117-2263-4B67-964F-2964349D6F65-250x167.jpg 250w, https:\/\/davhonmeble.pl\/wp-content\/uploads\/2026\/01\/95AA7117-2263-4B67-964F-2964349D6F65-1000x667.jpg 1000w, https:\/\/davhonmeble.pl\/wp-content\/uploads\/2026\/01\/95AA7117-2263-4B67-964F-2964349D6F65-64x43.jpg 64w, https:\/\/davhonmeble.pl\/wp-content\/uploads\/2026\/01\/95AA7117-2263-4B67-964F-2964349D6F65.jpg 1536w\" sizes=\"(max-width: 800px) 100vw, 800px\" \/><\/a>AUSF\u00dcHRUNG:<\/strong><\/p>\n<p><em>LATEX-KLAVIER 2 cm<\/em> - ist antiallergisch und zeichnet sich durch hohe Strapazierf\u00e4higkeit und Punktelastizit\u00e4t aus und passt sich der K\u00f6rperform an. Sie reduziert das Risiko von Hausstaubmilben. Dank der gro\u00dfen Anzahl von L\u00f6chern wird die Matratze kontinuierlich bel\u00fcftet.<\/p>\n<p><em>Kokosnussmatte 1 cm<\/em> - Rohstoff in 100% organisch, abgeleitet von Kokosnussschalen. Es hat antiallergische Eigenschaften, sch\u00fctzt perfekt vor dem Wachstum von Hausstaubmilben und Mikroorganismen und ist elastisch und flexibel. Matratzen mit Kokosfasern sind langlebig, feuchtigkeits- und verformungsbest\u00e4ndig. Die Matte hat eine sehr hohe Dichte, so dass der K\u00f6rper nicht in der Matratze einsinkt.<\/p>\n<p><em>T2552 POLYURETAN-Schaumstoff 2 cm<\/em> - Hochwertiger Schaumstoff ist die zus\u00e4tzliche F\u00fcllung der Matratze. Dieser Schaumstoff ist sehr widerstandsf\u00e4hig gegen Verformung und Faltenbildung. Er bietet eine angemessene Polsterung f\u00fcr den K\u00f6rper, hat eine atmungsaktive Struktur, ist flexibel und elastisch.<\/p>\n<p><em>Polstermaterial 1 mm<\/em> - Eine nat\u00fcrliche Zwischenschicht, die die Federschicht von der Schaumschicht trennt. Naturfilz kann die Lebensdauer der Matratze erheblich verl\u00e4ngern und st\u00e4rkt au\u00dferdem ihre Struktur. Filz hat au\u00dferdem den Vorteil, dass er sehr elastisch ist und an der Oberfl\u00e4che haftet. Er wird zwischen den Taschenfedern und der n\u00e4chsten Schicht verwendet. Er ist ein sehr wichtiges, verst\u00e4rkendes Element der Matratze.<\/p>\n<p><em>ZELLENFEDERN 12 cm<\/em> - Die Federn unterteilen die Matratze in 7 Zonen, die jeweils eine bestimmte K\u00f6rperpartie st\u00fctzen. Zusammen mit dem Profilschaum, der als oberste Schicht der Matratze verwendet wird, sorgen die in der Matratze verwendeten zonierten Taschenfedern f\u00fcr einen noch angenehmeren Schlaf. Die Federn arbeiten unabh\u00e4ngig voneinander, so dass zwei Personen, die nebeneinander schlafen, nicht durch das Zappeln der anderen Person gest\u00f6rt werden. Die Matratze eignet sich auch hervorragend f\u00fcr Personen mit unterschiedlichem K\u00f6rpergewicht, da die Taschenfedern daf\u00fcr sorgen, dass sich die Matratze nicht in Richtung der anderen Person biegt.<\/p>\n<p><em>Polstermaterial 1 mm<\/em> - Eine nat\u00fcrliche Zwischenschicht, die die Federschicht von der Schaumschicht trennt. Naturfilz kann die Lebensdauer der Matratze erheblich verl\u00e4ngern und st\u00e4rkt au\u00dferdem ihre Struktur. Filz hat au\u00dferdem den Vorteil, dass er sehr elastisch ist und an der Oberfl\u00e4che haftet. Er wird zwischen den Taschenfedern und der n\u00e4chsten Schicht verwendet. Er ist ein sehr wichtiges, verst\u00e4rkendes Element der Matratze.<\/p>\n<p><em>T2552 POLYURETAN-Schaumstoff 5 cm<\/em> - Hochwertiger Schaumstoff ist die zus\u00e4tzliche F\u00fcllung der Matratze. Dieser Schaumstoff ist sehr widerstandsf\u00e4hig gegen Verformung und Faltenbildung. Er bietet eine angemessene Polsterung f\u00fcr den K\u00f6rper, hat eine atmungsaktive Struktur, ist flexibel und elastisch.<\/p>\n<p><em>Kokosnussmatte 1 cm<\/em> - Rohstoff in 100% organisch, abgeleitet von Kokosnussschalen. Es hat antiallergische Eigenschaften, sch\u00fctzt perfekt vor dem Wachstum von Hausstaubmilben und Mikroorganismen und ist elastisch und flexibel. Matratzen mit Kokosfasern sind langlebig, feuchtigkeits- und verformungsbest\u00e4ndig. Die Matte hat eine sehr hohe Dichte, so dass der K\u00f6rper nicht in der Matratze einsinkt.<\/p>\n<p><em>SILBERNE BORFEAUX GESTEPPTE ABDECKUNG<\/em> - Gestepptes Gestrick mit Silberionen, hat Anti-Pilz-Eigenschaften. Antiallergisch und mit einem Rei\u00dfverschluss versehen, der zur Aufrechterhaltung der Hygiene beitr\u00e4gt. Verhindert das Eindringen von Schmutz in die Matratze, sch\u00fctzt vor dem Eindringen von Bakterien, Pilzen, Schimmel und Hausstaubmilben.<\/p>\n<p><strong><br \/>\nHALTEN SIE IHREN R\u00dcCKEN GESUND!<\/strong><\/p>\n<p>Es ist wichtig, eine sehr gute Matratze f\u00fcr die Wirbels\u00e4ule zu w\u00e4hlen, denn sie erm\u00f6glicht es uns, uns besser zu erholen und zu entspannen. Der H\u00e4rtegrad der Matratze sollte an das Gewicht, die K\u00f6rpergr\u00f6\u00dfe und die pers\u00f6nlichen Vorlieben der darauf schlafenden Person angepasst werden, um die Wirbels\u00e4ule zu entlasten, eine gute Durchblutung und Muskelentspannung zu gew\u00e4hrleisten. Aus diesem Grund hat unsere Matratze zwei H\u00e4rtegrade; Sie k\u00f6nnen die Seite Ihren Bed\u00fcrfnissen anpassen.<\/p>\n<p><strong><br \/>\n<\/strong><strong>HARDNESS:<\/strong><\/p>\n<p><a href=\"https:\/\/davhonmeble.pl\/wp-content\/uploads\/2026\/01\/B7B956D0-601E-494B-9D51-D524D247698B.png\"><img decoding=\"async\" class=\"alignleft wp-image-52667\" src=\"https:\/\/davhonmeble.pl\/wp-content\/uploads\/2026\/01\/B7B956D0-601E-494B-9D51-D524D247698B-1024x683.png\" alt=\"\" width=\"623\" height=\"416\" srcset=\"https:\/\/davhonmeble.pl\/wp-content\/uploads\/2026\/01\/B7B956D0-601E-494B-9D51-D524D247698B-1024x683.png 1024w, https:\/\/davhonmeble.pl\/wp-content\/uploads\/2026\/01\/B7B956D0-601E-494B-9D51-D524D247698B-300x200.png 300w, https:\/\/davhonmeble.pl\/wp-content\/uploads\/2026\/01\/B7B956D0-601E-494B-9D51-D524D247698B-768x512.png 768w, https:\/\/davhonmeble.pl\/wp-content\/uploads\/2026\/01\/B7B956D0-601E-494B-9D51-D524D247698B-18x12.png 18w, https:\/\/davhonmeble.pl\/wp-content\/uploads\/2026\/01\/B7B956D0-601E-494B-9D51-D524D247698B-250x167.png 250w, https:\/\/davhonmeble.pl\/wp-content\/uploads\/2026\/01\/B7B956D0-601E-494B-9D51-D524D247698B-1000x667.png 1000w, https:\/\/davhonmeble.pl\/wp-content\/uploads\/2026\/01\/B7B956D0-601E-494B-9D51-D524D247698B-64x43.png 64w, https:\/\/davhonmeble.pl\/wp-content\/uploads\/2026\/01\/B7B956D0-601E-494B-9D51-D524D247698B.png 1536w\" sizes=\"(max-width: 623px) 100vw, 623px\" \/><\/a><\/p>\n<p>&nbsp;<\/p>\n<p>&nbsp;<\/p>\n<p>&nbsp;<\/p>\n<p>&nbsp;<\/p>\n<p>&nbsp;<\/p>\n<p>&nbsp;<\/p>\n<p>&nbsp;<\/p>\n<p>&nbsp;<\/p>\n<p>&nbsp;<\/p>\n<p>&nbsp;<\/p>\n<p>&nbsp;<\/p>\n<p><strong>VERSAND:<\/strong><\/p>\n<p>- kostenloser bundesweiter Versand<\/p>\n<p>- Nachnahme (Zahlung erst bei Erhalt der Ware)<\/p>\n<p>- pers\u00f6nliche Abholung m\u00f6glich<\/p>\n<p>- die Matratzen werden im Ganzen geliefert, d.h. sie sind nicht anf\u00e4llig f\u00fcr Sch\u00e4den durch Rollen<\/p>\n<p>&nbsp;<\/p>\n<p>Die Lieferung erfolgt durch einen privaten Spediteur, so dass wir garantieren, dass die Ware ohne Transportsch\u00e4den geliefert wird.<br \/>\nBitte beachten Sie: Der Fahrer ist nicht verpflichtet, die Ware ins Haus\/zur Wohnung zu bringen!<\/p>","protected":false},"excerpt":{"rendered":"<p>Materac Panama Premium dedykowany jest osobom, kt\u00f3re poszukuj\u0105 r\u00f3wnowagi pomi\u0119dzy idealnym wsparciem punktowym cia\u0142a a swobod\u0105 w zmianie pozycji podczas snu. Optymalnie zbilansowane proporcje zastosowanych w materacu Panama Premium komponent\u00f3w w postaci pianki poliuretanowej oraz pianki lateksowej pozwala na skuteczn\u0105 regeneracj\u0119 i relaks organizmu, a co za tym idzie \u2013 gwarantuje spokojny, zdrowy sen oraz [&hellip;]<\/p>\n","protected":false},"featured_media":51714,"comment_status":"closed","ping_status":"closed","template":"","meta":{"_acf_changed":false},"product_brand":[],"product_cat":[1260,1281,1282,1283,1284,1285,1280,1292,1294,1291],"product_tag":[],"class_list":{"0":"post-51307","1":"product","2":"type-product","3":"status-publish","4":"has-post-thumbnail","6":"product_cat-materace","7":"product_cat-materace-120x200","8":"product_cat-materace-140x200","9":"product_cat-materace-160x200","10":"product_cat-materace-180x200","11":"product_cat-materace-200x200","12":"product_cat-materace-90x200","13":"product_cat-materace-srednio-miekkie-h2","14":"product_cat-materace-twarde-h4","15":"product_cat-twardosc-materaca","16":"tm-has-options","18":"first","19":"instock","20":"sale","21":"shipping-taxable","22":"purchasable","23":"product-type-simple"},"acf":[],"_links":{"self":[{"href":"https:\/\/davhonmeble.pl\/de\/wp-json\/wp\/v2\/product\/51307","targetHints":{"allow":["GET"]}}],"collection":[{"href":"https:\/\/davhonmeble.pl\/de\/wp-json\/wp\/v2\/product"}],"about":[{"href":"https:\/\/davhonmeble.pl\/de\/wp-json\/wp\/v2\/types\/product"}],"replies":[{"embeddable":true,"href":"https:\/\/davhonmeble.pl\/de\/wp-json\/wp\/v2\/comments?post=51307"}],"wp:featuredmedia":[{"embeddable":true,"href":"https:\/\/davhonmeble.pl\/de\/wp-json\/wp\/v2\/media\/51714"}],"wp:attachment":[{"href":"https:\/\/davhonmeble.pl\/de\/wp-json\/wp\/v2\/media?parent=51307"}],"wp:term":[{"taxonomy":"product_brand","embeddable":true,"href":"https:\/\/davhonmeble.pl\/de\/wp-json\/wp\/v2\/product_brand?post=51307"},{"taxonomy":"product_cat","embeddable":true,"href":"https:\/\/davhonmeble.pl\/de\/wp-json\/wp\/v2\/product_cat?post=51307"},{"taxonomy":"product_tag","embeddable":true,"href":"https:\/\/davhonmeble.pl\/de\/wp-json\/wp\/v2\/product_tag?post=51307"}],"curies":[{"name":"wp","href":"https:\/\/api.w.org\/{rel}","templated":true}]}}