{"id":51306,"date":"2026-01-17T01:17:38","date_gmt":"2026-01-16T23:17:38","guid":{"rendered":"https:\/\/davhonmeble.pl\/?post_type=product&#038;p=51306"},"modified":"2026-03-20T20:09:15","modified_gmt":"2026-03-20T19:09:15","slug":"materac-river-premium","status":"publish","type":"product","link":"https:\/\/davhonmeble.pl\/de\/produkt\/materac-river-premium\/","title":{"rendered":"River Premium Matratze"},"content":{"rendered":"<p><strong>River Premium Matratze <\/strong>ist ein Modell mit einem 7-Zonen-Multitaschenformat. Es verf\u00fcgt \u00fcber ca. 510 Federn pro m2 in seiner Struktur, die eine perfekte Anpassung an die Silhouette gew\u00e4hrleistet. Die Matratze ist auf beiden Seiten mit 2 cm dicken Schichten aus hochwertigem thermoelastischem Memory-Schaum ausgestattet. Das System der Taschenfedern ist in 7 H\u00e4rtezonen eingeteilt, die durch differenzierte H\u00e4rtegrade eine ideale Unterst\u00fctzung der einzelnen K\u00f6rperpartien gew\u00e4hrleisten. Die St\u00e4rke der Matratzeneinlage betr\u00e4gt 20 cm. Multipocket bietet eine optimale Punktelastizit\u00e4t, dank derer sie sich perfekt an das Gewicht, die K\u00f6rperform und die bevorzugte Position einer bestimmten Person anpassen kann, so dass sie in jedem Fall eine ungest\u00f6rte Ruhe unter Bedingungen bietet, die eine vollst\u00e4ndige Entspannung erm\u00f6glichen.<\/p>\n<p>Die in Standard-Taschenmatratzen verwendeten Taschenfedern enthalten etwa 272 Federn\/m2. Unsere Premium-Matratzen enthalten Taschenfedern des Multipocket-Typs, d.h. ca. 510 Federn\/m2, was die Lebensdauer der Matratze erheblich beeinflusst und den Schlafkomfort erh\u00f6ht, da es fast doppelt so viele St\u00fctzpunkte gibt.<\/p>\n<p>&nbsp;<\/p>\n<p><img fetchpriority=\"high\" decoding=\"async\" class=\"lazyloaded lazy-loaded alignnone wp-image-1620 size-full\" src=\"https:\/\/srv104004.seohost.com.pl\/wp-content\/uploads\/2021\/02\/Materac-Piankowy-Manhattan-PROFILOWANY-7-STREF-Rodzaj-materaca-Piankowy.jpg\" alt=\"\" width=\"864\" height=\"429\" data-srcset=\"https:\/\/srv104004.seohost.com.pl\/wp-content\/uploads\/2020\/10\/strefy_3.jpg 979w, https:\/\/srv104004.seohost.com.pl\/wp-content\/uploads\/2020\/10\/strefy_3-300x188.jpg 300w, https:\/\/srv104004.seohost.com.pl\/wp-content\/uploads\/2020\/10\/strefy_3-768x482.jpg 768w, https:\/\/srv104004.seohost.com.pl\/wp-content\/uploads\/2020\/10\/strefy_3-680x427.jpg 680w\" data-src=\"https:\/\/srv104004.seohost.com.pl\/wp-content\/uploads\/2020\/10\/strefy_3.jpg\" data-sizes=\"(max-width: 757px) 100vw, 757px\" \/><\/p>\n<p><strong><br \/>\nAUSF\u00dcHRUNG:<\/strong><\/p>\n<p><em>LATEX PERMANENT Schaumstoff 3 cm <\/em>- antiallergisch und hat eine hohe Strapazierf\u00e4higkeit und Punktelastizit\u00e4t, die sich den K\u00f6rperformen anpasst. Sie reduziert das Risiko von Hausstaubmilben. Dank der gro\u00dfen Anzahl von L\u00f6chern wird die Matratze kontinuierlich bel\u00fcftet.<\/p>\n<p><em>MEMORY THERMOELASTIC FOAM 2 cm<\/em> - reagiert auf Druck und K\u00f6rpertemperatur. Sie bildet die Form des K\u00f6rpers perfekt nach und erm\u00f6glicht es der Wirbels\u00e4ule, eine nat\u00fcrliche Position einzunehmen. Die Kokosmatte wird aus nat\u00fcrlichen Kokosfasern hergestellt. Sie sorgt f\u00fcr eine bessere Luftzirkulation und h\u00e4rtet die Matratze.<\/p>\n<p><em>POLSTERUNG FIL -<\/em> Versteift die gesamte Struktur und erh\u00f6ht die Haltbarkeit der Matratze. Sie trennt die Federeinlage vom Schaumstoff.<\/p>\n<p><em>TASCHENFEDERN<\/em> - besteht aus Federn, die in separaten Taschen untergebracht sind, so dass sie unabh\u00e4ngig voneinander und punktelastisch sind. Dar\u00fcber hinaus gibt sie unter dem Druck des K\u00f6rpergewichts keine metallischen Ger\u00e4usche ab. Das Format ist in 7 H\u00e4rtezonen unterteilt. Jede Zone ist an den jeweiligen K\u00f6rperteil angepasst.<\/p>\n<p><em>POLSTERM\u00d6BEL-FILZ <\/em>- Versteift die gesamte Struktur und erh\u00f6ht die Haltbarkeit der Matratze. Sie trennt die Federeinlage vom Schaumstoff.<\/p>\n<p><em>Polyurethanschaum 2 cm<\/em> - ist resistent gegen Verformungen. Dank seiner Eigenschaften ist er antiallergisch und sorgt f\u00fcr eine ausreichende Bel\u00fcftung um die Federn herum. Dar\u00fcber hinaus umgibt es die Matratze und bildet einen stabilen Rahmen.<\/p>\n<p><em>Kokosnussmatte 1 cm<\/em> - Hergestellt aus 100% nat\u00fcrlichen Kokosnussfasern. Es hat antimykotische und antiallergische Eigenschaften. Es leitet die Feuchtigkeit gut ab und verh\u00e4rtet die Matratze. Wohltuend f\u00fcr einen gesunden Schlaf.<\/p>\n<p><em>MEMORY THERMOELASTIC FOAM 2 cm<\/em> - passt sich perfekt an die Form und das Gewicht des K\u00f6rpers an und sorgt f\u00fcr die richtige Unterst\u00fctzung und Blutzirkulation. Unter dem Einfluss der K\u00f6rpertemperatur erh\u00f6ht er seine Elastizit\u00e4t und Spannkraft. Dieser Schaumstoff ist f\u00fcr Menschen mit verschiedenen Wirbels\u00e4ulenbeschwerden geeignet.<\/p>\n<p><strong><br \/>\nHALTEN SIE IHREN R\u00dcCKEN GESUND!<\/strong><\/p>\n<p>Es ist wichtig, eine sehr gute Matratze f\u00fcr die Wirbels\u00e4ule zu w\u00e4hlen, denn sie erm\u00f6glicht es uns, uns besser zu erholen und zu entspannen. Der H\u00e4rtegrad der Matratze sollte an das Gewicht, die K\u00f6rpergr\u00f6\u00dfe und die pers\u00f6nlichen Vorlieben der darauf schlafenden Person angepasst werden, um die Wirbels\u00e4ule zu entlasten, eine gute Durchblutung und Muskelentspannung zu gew\u00e4hrleisten. Aus diesem Grund hat unsere Matratze zwei H\u00e4rtegrade; Sie k\u00f6nnen die Seite Ihren Bed\u00fcrfnissen anpassen.<\/p>\n<p><strong><br \/>\nHARDNESS:<\/strong><\/p>\n<p>&nbsp;<\/p>\n<p><img decoding=\"async\" class=\"lazyloaded lazy-loaded alignnone wp-image-1440 size-full\" src=\"https:\/\/srv104004.seohost.com.pl\/wp-content\/uploads\/2020\/10\/h1-h2.jpg\" alt=\"\" width=\"609\" height=\"120\" data-srcset=\"https:\/\/srv104004.seohost.com.pl\/wp-content\/uploads\/2020\/10\/h3h3.jpg 607w, https:\/\/srv104004.seohost.com.pl\/wp-content\/uploads\/2020\/10\/h3h3-300x66.jpg 300w\" data-src=\"https:\/\/srv104004.seohost.com.pl\/wp-content\/uploads\/2020\/10\/h3h3.jpg\" data-sizes=\"(max-width: 607px) 100vw, 607px\" \/><\/p>\n<p><strong><br \/>\nVERSAND:<\/strong><\/p>\n<p>- kostenloser bundesweiter Versand<\/p>\n<p>- Nachnahme (Zahlung erst bei Erhalt der Ware)<\/p>\n<p>- pers\u00f6nliche Abholung m\u00f6glich<\/p>\n<p>- die Matratzen werden im Ganzen geliefert, d.h. sie sind nicht anf\u00e4llig f\u00fcr Sch\u00e4den durch Rollen<\/p>\n<p>&nbsp;<\/p>\n<p>Die Lieferung erfolgt durch einen privaten Spediteur, so dass wir garantieren, dass die Ware ohne Transportsch\u00e4den geliefert wird.<br \/>\nBitte beachten Sie: Der Fahrer ist nicht verpflichtet, die Ware ins Haus\/zur Wohnung zu bringen!<\/p>","protected":false},"excerpt":{"rendered":"<p>Materac River Premium to model zbudowany z formatki kieszeniowej multipocket 7 stref. Posiada on w swojej strukturze oko\u0142o 510 spr\u0119\u017cyn na m2, co zapewnia doskona\u0142e dopasowanie do sylwetki. Materac obustronnie zosta\u0142 wyposa\u017cony w warstwy z wysokiej jako\u015bci piank\u0119 termoelastyczn\u0105 memory o grubo\u015bci 2 cm. System spr\u0119\u017cyn kieszeniowych zosta\u0142 podzielony na 7 stref twardo\u015bci, kt\u00f3re poprzez [&hellip;]<\/p>\n","protected":false},"featured_media":51720,"comment_status":"closed","ping_status":"closed","template":"","meta":{"_acf_changed":false},"product_brand":[],"product_cat":[1260,1281,1282,1283,1284,1285,1280,1301,1292,1291],"product_tag":[],"class_list":{"0":"post-51306","1":"product","2":"type-product","3":"status-publish","4":"has-post-thumbnail","6":"product_cat-materace","7":"product_cat-materace-120x200","8":"product_cat-materace-140x200","9":"product_cat-materace-160x200","10":"product_cat-materace-180x200","11":"product_cat-materace-200x200","12":"product_cat-materace-90x200","13":"product_cat-materace-miekkie-h1","14":"product_cat-materace-srednio-miekkie-h2","15":"product_cat-twardosc-materaca","16":"tm-has-options","18":"first","19":"instock","20":"sale","21":"shipping-taxable","22":"purchasable","23":"product-type-simple"},"acf":[],"_links":{"self":[{"href":"https:\/\/davhonmeble.pl\/de\/wp-json\/wp\/v2\/product\/51306","targetHints":{"allow":["GET"]}}],"collection":[{"href":"https:\/\/davhonmeble.pl\/de\/wp-json\/wp\/v2\/product"}],"about":[{"href":"https:\/\/davhonmeble.pl\/de\/wp-json\/wp\/v2\/types\/product"}],"replies":[{"embeddable":true,"href":"https:\/\/davhonmeble.pl\/de\/wp-json\/wp\/v2\/comments?post=51306"}],"wp:featuredmedia":[{"embeddable":true,"href":"https:\/\/davhonmeble.pl\/de\/wp-json\/wp\/v2\/media\/51720"}],"wp:attachment":[{"href":"https:\/\/davhonmeble.pl\/de\/wp-json\/wp\/v2\/media?parent=51306"}],"wp:term":[{"taxonomy":"product_brand","embeddable":true,"href":"https:\/\/davhonmeble.pl\/de\/wp-json\/wp\/v2\/product_brand?post=51306"},{"taxonomy":"product_cat","embeddable":true,"href":"https:\/\/davhonmeble.pl\/de\/wp-json\/wp\/v2\/product_cat?post=51306"},{"taxonomy":"product_tag","embeddable":true,"href":"https:\/\/davhonmeble.pl\/de\/wp-json\/wp\/v2\/product_tag?post=51306"}],"curies":[{"name":"wp","href":"https:\/\/api.w.org\/{rel}","templated":true}]}}