{"id":51305,"date":"2026-01-17T01:17:38","date_gmt":"2026-01-16T23:17:38","guid":{"rendered":"https:\/\/davhonmeble.pl\/?post_type=product&#038;p=51305"},"modified":"2026-01-25T21:57:44","modified_gmt":"2026-01-25T19:57:44","slug":"lozko-dostepne-od-reki-meyn","status":"publish","type":"product","link":"https:\/\/davhonmeble.pl\/de\/produkt\/lozko-dostepne-od-reki-meyn\/","title":{"rendered":"MEYN-Polsterbett \u201eON HAND\u201d"},"content":{"rendered":"<p>&nbsp;<\/p>\n<figure id=\"attachment_17114\" aria-describedby=\"caption-attachment-17114\" style=\"width: 2560px\" class=\"wp-caption alignnone\"><img fetchpriority=\"high\" decoding=\"async\" class=\"size-full wp-image-17114\" src=\"https:\/\/srv104004.seohost.com.pl\/wp-content\/uploads\/2025\/05\/riv01-meyn-scaled.jpg\" alt=\"\" width=\"2560\" height=\"2560\" \/><figcaption id=\"caption-attachment-17114\" class=\"wp-caption-text\">Stoff: Riviera01<\/figcaption><\/figure>\n<p>&nbsp;<\/p>\n<p><span style=\"font-size: 36px;\"><strong>HOLZRAHMEN<\/strong>:<\/span><\/p>\n<p><img decoding=\"async\" class=\"alignnone wp-image-9232 size-full\" src=\"https:\/\/srv104004.seohost.com.pl\/wp-content\/uploads\/2024\/01\/stelaz_drewniany-scaled.jpg\" alt=\"\" width=\"2560\" height=\"2211\" \/><\/p>\n<p>Bettkasten mit Holzrahmen und elastischen Latten aus Birkenholz. Federaufz\u00fcge unterst\u00fctzen die \u00d6ffnung des Beh\u00e4lters und halten ihn in einer erh\u00f6hten Position.<\/p>\n<p>&nbsp;<\/p>\n<p><span style=\"font-size: 36px;\"><strong>METALLRAHMEN:<\/strong><\/span><\/p>\n<p>&nbsp;<\/p>\n<p><img decoding=\"async\" class=\"wp-image-9233 size-full\" src=\"https:\/\/srv104004.seohost.com.pl\/wp-content\/uploads\/2024\/01\/stelaz_metalowy-scaled.jpg\" alt=\"\" width=\"2560\" height=\"2211\" \/><\/p>\n<p>Der anhebbare Matratzenrahmen sorgt f\u00fcr einen leichten Zugang. Er arbeitet mit Gasflaschen, so dass nur wenig Kraft erforderlich ist, um ihn anzuheben. Der Rahmen ist aus Metall gefertigt, w\u00e4hrend die Federleisten aus Birkenholz bestehen und in Kunststoffhalterungen untergebracht sind. Diese L\u00f6sung sorgt daf\u00fcr, dass die gesamte Konstruktion leise ist und die vom Bett ausgehenden Vibrationen gut ged\u00e4mpft werden. Die richtige Verteilung der Latten \u00fcber die gesamte L\u00e4nge tr\u00e4gt zu einer guten Bel\u00fcftung der Matratze bei.<\/p>\n<p>&nbsp;<\/p>\n<p><span style=\"font-size: 36px;\"><strong>ABMESSUNGEN<\/strong>:<\/span><\/p>\n<p><img loading=\"lazy\" decoding=\"async\" class=\"alignnone wp-image-5862 size-full\" src=\"https:\/\/srv104004.seohost.com.pl\/wp-content\/uploads\/2020\/09\/katia-venna-szkuc-1-scaled.jpg\" alt=\"\" width=\"2560\" height=\"1951\" \/>Die Betten werden in Paketen zur Selbstmontage verschickt und die Montage selbst ist sehr einfach und schnell. Die Lieferung erfolgt durch eine private Spedition und wir garantieren, dass das Bett ohne Transportsch\u00e4den geliefert wird.<\/p>\n<p>Hinweis: Der Fahrer ist nicht verpflichtet, M\u00f6bel in das Haus\/die Wohnung zu bringen.<\/p>","protected":false},"excerpt":{"rendered":"<p>&nbsp; &nbsp; STELA\u017b DREWNIANY: Pojemnik na po\u015bciel ze stela\u017cem na ramie drewnianej i listew elastycznych z drewna brzozowego. Podno\u015bniki spr\u0119\u017cynowe wspomagaj\u0105 otwieranie pojemnika oraz utrzymuj\u0105 go w uniesionej pozycji. &nbsp; STELA\u017b METALOWY: &nbsp; \u0141atwy dost\u0119p zapewnia podnoszony stela\u017c pod materac. Zastosowane w nim si\u0142owniki gazowe sprawiaj\u0105, \u017ce nie trzeba wiele si\u0142y, aby unie\u015b\u0107 go do [&hellip;]<\/p>\n","protected":false},"featured_media":51572,"comment_status":"closed","ping_status":"closed","template":"","meta":{"_acf_changed":false},"product_brand":[],"product_cat":[1261],"product_tag":[],"class_list":{"0":"post-51305","1":"product","2":"type-product","3":"status-publish","4":"has-post-thumbnail","6":"product_cat-dostepne-od-reki","7":"tm-has-options","9":"first","10":"instock","11":"shipping-taxable","12":"purchasable","13":"product-type-simple"},"acf":[],"_links":{"self":[{"href":"https:\/\/davhonmeble.pl\/de\/wp-json\/wp\/v2\/product\/51305","targetHints":{"allow":["GET"]}}],"collection":[{"href":"https:\/\/davhonmeble.pl\/de\/wp-json\/wp\/v2\/product"}],"about":[{"href":"https:\/\/davhonmeble.pl\/de\/wp-json\/wp\/v2\/types\/product"}],"replies":[{"embeddable":true,"href":"https:\/\/davhonmeble.pl\/de\/wp-json\/wp\/v2\/comments?post=51305"}],"wp:featuredmedia":[{"embeddable":true,"href":"https:\/\/davhonmeble.pl\/de\/wp-json\/wp\/v2\/media\/51572"}],"wp:attachment":[{"href":"https:\/\/davhonmeble.pl\/de\/wp-json\/wp\/v2\/media?parent=51305"}],"wp:term":[{"taxonomy":"product_brand","embeddable":true,"href":"https:\/\/davhonmeble.pl\/de\/wp-json\/wp\/v2\/product_brand?post=51305"},{"taxonomy":"product_cat","embeddable":true,"href":"https:\/\/davhonmeble.pl\/de\/wp-json\/wp\/v2\/product_cat?post=51305"},{"taxonomy":"product_tag","embeddable":true,"href":"https:\/\/davhonmeble.pl\/de\/wp-json\/wp\/v2\/product_tag?post=51305"}],"curies":[{"name":"wp","href":"https:\/\/api.w.org\/{rel}","templated":true}]}}