{"id":51299,"date":"2026-01-17T01:17:37","date_gmt":"2026-01-16T23:17:37","guid":{"rendered":"https:\/\/davhonmeble.pl\/?post_type=product&#038;p=51299"},"modified":"2026-03-11T20:00:59","modified_gmt":"2026-03-11T19:00:59","slug":"lozko-kontynentalne-milano-z-dwoma-pojemnikami","status":"publish","type":"product","link":"https:\/\/davhonmeble.pl\/de\/produkt\/lozko-kontynentalne-milano-z-dwoma-pojemnikami\/","title":{"rendered":"MILANO kontinentales Bett mit zwei Containern"},"content":{"rendered":"<p>Kontinentales Bett <strong>MILANO <\/strong>ist eine Pro-Opposition f\u00fcr die anspruchsvollsten Menschen, die von ihren M\u00f6beln in jeder Hinsicht begeistert sein wollen. Dieses Modell gl\u00e4nzt mit einem klassischen, soliden Korpus, der durch ein hohes Kopfteil mit einem originellen Muster bereichert wird. So wird Ihr Bett nie langweilig! Das Bett wird serienm\u00e4\u00dfig mit einer sehr hochwertigen Matratze mit Bonellfedern geliefert.<\/p>\n<p><strong><br \/>\nAUSF\u00dcHRUNG:<\/strong><\/p>\n<p>- das Bett ist serienm\u00e4\u00dfig mit zwei seitlich zu \u00f6ffnenden Bettzeugbeh\u00e4ltern ausgestattet<\/p>\n<p>- automatischer Bett\u00f6ffner<\/p>\n<p>- Untermatratze aus Bonellfedern und T-25-Schaum, H\u00f6he ca. 18 cm<\/p>\n<p>- Rahmen: Holz + wei\u00dfe Tafel<\/p>\n<p><strong><br \/>\nZUS\u00c4TZLICHE OPTIONEN (kostenpflichtig):<\/strong><\/p>\n<p>- Austausch einer Bonellmatratze gegen eine Taschenfederkernmatratze (eine Taschenfederkernmatratze, auch Pouch-Matratze genannt, besteht aus herk\u00f6mmlichen Federn, die in separaten Taschen aus Stoff untergebracht sind. Durch diese Konstruktion arbeiten die Federn v\u00f6llig unabh\u00e4ngig voneinander - Druck auf eine Feder f\u00fchrt nicht automatisch zu einer Verformung der anderen. Dadurch ist die Matratze leise, passt sich perfekt an die K\u00f6rperform an und die Positionierung einer anderen Person auf dem Bett ist praktisch nicht wahrnehmbar. Eine Bonellmatratze hingegen ist ein System aus einzelnen Federn, die durch einen Spiraldraht miteinander verbunden sind. Dadurch wird das Gewicht der schlafenden Person, das auf die Matratze einwirkt, auf die gesamte Fl\u00e4che verteilt. So kann die Matratze verschiedenen Menschen mit unterschiedlichem K\u00f6rpergewicht und Schlafgewohnheiten gerecht werden. Dies hat jedoch auch den Effekt, dass, wenn zwei Personen auf der Matratze schlafen, jede Positionsver\u00e4nderung der einen Person von der anderen stark wahrgenommen wird).<\/p>\n<p>- Obere Matratze (Topper) gesteppt mit T25-Schaum<\/p>\n<p>- Eine Matratzenauflage (Topper) mit VISCO-Schaum (auch thermoelastischer Schaum genannt) ist oft ein grundlegendes Element moderner Matratzen. Denn seine innovativen Eigenschaften sorgen f\u00fcr einen gesunden und gleichzeitig sehr angenehmen Schlaf.)<\/p>\n<p><strong><br \/>\nABMESSUNGEN:<\/strong><\/p>\n<p>- Gesamtl\u00e4nge 210 cm<\/p>\n<p>- Gesamtbreite 80\/90\/140\/160\/180 (je nach gew\u00e4hlter Gr\u00f6\u00dfe)<\/p>\n<p>- H\u00f6he der Kopfst\u00fctze \u00fcber dem Boden 112 cm<\/p>\n<p>- H\u00f6he der Bettseite (Liegefl\u00e4che) 46 cm<\/p>\n<p><strong><br \/>\nVERSAND:<\/strong><\/p>\n<p>- landesweiter Versand in H\u00f6he von 200 PLN<\/p>\n<p>- Nachnahme (Zahlung erst bei Erhalt der Ware)<\/p>\n<p>- pers\u00f6nliche Abholung m\u00f6glich<\/p>\n<p>&nbsp;<\/p>\n<p>Das Bett wird in Paketen zur Selbstmontage versandt und die Montage selbst ist sehr einfach und schnell. Die Lieferung erfolgt durch eine private Spedition, so dass wir garantieren, dass das Bett ohne Transportsch\u00e4den geliefert wird.<br \/>\nBitte beachten Sie: Der Fahrer ist nicht verpflichtet, die M\u00f6bel in das Haus\/die Wohnung zu bringen!<\/p>","protected":false},"excerpt":{"rendered":"<p>\u0141\u00f3\u017cko kontynentalne MILANO to proopozycja dla najbardziej wymagaj\u0105cych os\u00f3b, kt\u00f3re chcia\u0142yby, aby ich meble zachwyca\u0142y w ka\u017cdym calu. Model ten ol\u015bniewa klasyczn\u0105, solidn\u0105 bry\u0142\u0105, kt\u00f3r\u0105 wzbogaca wysokie wezg\u0142owie z oryginalnym wzorem. Dzi\u0119ki niemu Twoje \u0142\u00f3\u017cko nigdy nie b\u0119dzie nudne! \u0141\u00f3\u017cko posiada w standardzie bardzo wysokiej jako\u015bci materac ze spr\u0119\u017cynami bonell. WYKONANIE: &#8211; \u0142\u00f3\u017cko w standardzie [&hellip;]<\/p>\n","protected":false},"featured_media":51390,"comment_status":"closed","ping_status":"closed","template":"","meta":{"_acf_changed":false},"product_brand":[],"product_cat":[1258,1286,1287,1272,1273,1274],"product_tag":[],"class_list":{"0":"post-51299","1":"product","2":"type-product","3":"status-publish","4":"has-post-thumbnail","6":"product_cat-lozka-kontynentalne","7":"product_cat-lozka-kontynentalne-80x200","8":"product_cat-lozka-kontynentalne-90x200","9":"product_cat-lozka-kontynentalne-140x200","10":"product_cat-lozka-kontynentalne-160x200","11":"product_cat-lozka-kontynentalne-180x200","12":"tm-has-options","14":"first","15":"instock","16":"shipping-taxable","17":"purchasable","18":"product-type-simple"},"acf":[],"_links":{"self":[{"href":"https:\/\/davhonmeble.pl\/de\/wp-json\/wp\/v2\/product\/51299","targetHints":{"allow":["GET"]}}],"collection":[{"href":"https:\/\/davhonmeble.pl\/de\/wp-json\/wp\/v2\/product"}],"about":[{"href":"https:\/\/davhonmeble.pl\/de\/wp-json\/wp\/v2\/types\/product"}],"replies":[{"embeddable":true,"href":"https:\/\/davhonmeble.pl\/de\/wp-json\/wp\/v2\/comments?post=51299"}],"wp:featuredmedia":[{"embeddable":true,"href":"https:\/\/davhonmeble.pl\/de\/wp-json\/wp\/v2\/media\/51390"}],"wp:attachment":[{"href":"https:\/\/davhonmeble.pl\/de\/wp-json\/wp\/v2\/media?parent=51299"}],"wp:term":[{"taxonomy":"product_brand","embeddable":true,"href":"https:\/\/davhonmeble.pl\/de\/wp-json\/wp\/v2\/product_brand?post=51299"},{"taxonomy":"product_cat","embeddable":true,"href":"https:\/\/davhonmeble.pl\/de\/wp-json\/wp\/v2\/product_cat?post=51299"},{"taxonomy":"product_tag","embeddable":true,"href":"https:\/\/davhonmeble.pl\/de\/wp-json\/wp\/v2\/product_tag?post=51299"}],"curies":[{"name":"wp","href":"https:\/\/api.w.org\/{rel}","templated":true}]}}