{"id":51298,"date":"2026-01-17T01:17:37","date_gmt":"2026-01-16T23:17:37","guid":{"rendered":"https:\/\/davhonmeble.pl\/?post_type=product&#038;p=51298"},"modified":"2026-03-20T20:08:24","modified_gmt":"2026-03-20T19:08:24","slug":"materac-grenada-premium","status":"publish","type":"product","link":"https:\/\/davhonmeble.pl\/de\/produkt\/materac-grenada-premium\/","title":{"rendered":"Grenada Premium Matratze"},"content":{"rendered":"<p><strong>Grenada Premium Matratze <\/strong>ist eine Matratze mit hohem Schlafkomfort. Dieses 24-cm-Modell ist mit einem 7-Zonen-Profil-Multitaschenfederkern ausgestattet, der eine optimale Punktflexibilit\u00e4t gew\u00e4hrleistet. In Kombination mit 4 cm T3550 7-Zonen-Profilschaum und 5 cm T2552 Polyurethanschaum passt sich die Matratze perfekt an den K\u00f6rper an und bietet eine sehr individuelle Unterst\u00fctzung. Dieses Produkt wird auch Allergikern und Besitzern von professionellen Rahmen mit verstellbaren Kopf- und Fu\u00dfteilwinkeln empfohlen.<\/p>\n<p>Die in Standard-Taschenmatratzen verwendeten Taschenfedern enthalten etwa 272 Federn\/m2. Unsere Premium-Matratzen enthalten Taschenfedern des Multipocket-Typs, d.h. ca. 510 Federn\/m2, was die Lebensdauer der Matratze erheblich beeinflusst und den Schlafkomfort erh\u00f6ht, da es fast doppelt so viele St\u00fctzpunkte gibt.<\/p>\n<p><img fetchpriority=\"high\" decoding=\"async\" class=\"lazyloaded lazy-loaded wp-image-1620 size-full aligncenter\" src=\"https:\/\/srv104004.seohost.com.pl\/wp-content\/uploads\/2021\/02\/Materac-Piankowy-Manhattan-PROFILOWANY-7-STREF-Rodzaj-materaca-Piankowy.jpg\" alt=\"\" width=\"864\" height=\"429\" data-srcset=\"https:\/\/srv104004.seohost.com.pl\/wp-content\/uploads\/2020\/10\/strefy_3.jpg 979w, https:\/\/srv104004.seohost.com.pl\/wp-content\/uploads\/2020\/10\/strefy_3-300x188.jpg 300w, https:\/\/srv104004.seohost.com.pl\/wp-content\/uploads\/2020\/10\/strefy_3-768x482.jpg 768w, https:\/\/srv104004.seohost.com.pl\/wp-content\/uploads\/2020\/10\/strefy_3-680x427.jpg 680w\" data-src=\"https:\/\/srv104004.seohost.com.pl\/wp-content\/uploads\/2020\/10\/strefy_3.jpg\" data-sizes=\"(max-width: 757px) 100vw, 757px\" \/><\/p>\n<p><strong>\u00a0<\/strong><\/p>\n<p><strong>AUSF\u00dcHRUNG:<\/strong><\/p>\n<p><em>T3550 PROFILSCHAUM 7 ZONEN 4 cm<\/em> - sorgt f\u00fcr die richtige Anpassung an die K\u00f6rperform. Der konturierte Sieben-Zonen-Schaumstoff sorgt f\u00fcr eine optimale Schlafposition und Ausrichtung der Wirbels\u00e4ule. Sie hat eine Massagefunktion. Dank des sehr hohen Raumgewichts des Schaums, aus dem die oberste Schicht besteht, bleibt das Schaumprofil \u00fcber viele Jahre hinweg erhalten.<\/p>\n<p><em>Kokosnussmatte 1 cm<\/em> - Rohstoff in 100% organisch, abgeleitet von Kokosnussschalen. Es hat antiallergische Eigenschaften, sch\u00fctzt perfekt vor dem Wachstum von Hausstaubmilben und Mikroorganismen und ist elastisch und flexibel. Matratzen mit Kokosfasern sind langlebig, feuchtigkeits- und verformungsbest\u00e4ndig. Die Matte hat eine sehr hohe Dichte, so dass der K\u00f6rper nicht in der Matratze einsinkt.<\/p>\n<p><em>Polstermaterial 1 mm<\/em> - Eine nat\u00fcrliche Zwischenschicht, die die Federschicht von der Schaumschicht trennt. Naturfilz kann die Lebensdauer der Matratze erheblich verl\u00e4ngern und st\u00e4rkt au\u00dferdem ihre Struktur. Filz hat au\u00dferdem den Vorteil, dass er sehr elastisch ist und an der Oberfl\u00e4che haftet. Er wird zwischen den Taschenfedern und der n\u00e4chsten Schicht verwendet. Er ist ein sehr wichtiges, verst\u00e4rkendes Element der Matratze.<\/p>\n<p><em>ZELLENFEDERN 12 cm<\/em> - Die Federn unterteilen die Matratze in 7 Zonen, die jeweils eine bestimmte K\u00f6rperpartie st\u00fctzen. Zusammen mit dem Profilschaum, der als oberste Schicht der Matratze verwendet wird, sorgen die in der Matratze verwendeten zonierten Taschenfedern f\u00fcr einen noch angenehmeren Schlaf. Die Federn arbeiten unabh\u00e4ngig voneinander, so dass zwei Personen, die nebeneinander schlafen, nicht durch das Zappeln der anderen Person gest\u00f6rt werden. Die Matratze eignet sich auch hervorragend f\u00fcr Personen mit unterschiedlichem K\u00f6rpergewicht, da die Taschenfedern daf\u00fcr sorgen, dass sich die Matratze nicht in Richtung der anderen Person biegt.<\/p>\n<p><em>Polstermaterial 1 mm<\/em> - Eine nat\u00fcrliche Zwischenschicht, die die Federschicht von der Schaumschicht trennt. Naturfilz kann die Lebensdauer der Matratze erheblich verl\u00e4ngern und st\u00e4rkt au\u00dferdem ihre Struktur. Filz hat au\u00dferdem den Vorteil, dass er sehr elastisch ist und an der Oberfl\u00e4che haftet. Er wird zwischen den Taschenfedern und der n\u00e4chsten Schicht verwendet. Er ist ein sehr wichtiges, verst\u00e4rkendes Element der Matratze.<\/p>\n<p><em>T2552 POLYURETAN-Schaumstoff 5 cm<\/em> - Hochwertiger Schaumstoff ist die zus\u00e4tzliche F\u00fcllung der Matratze. Dieser Schaumstoff ist sehr widerstandsf\u00e4hig gegen Verformung und Faltenbildung. Er bietet eine angemessene Polsterung f\u00fcr den K\u00f6rper, hat eine atmungsaktive Struktur, ist flexibel und elastisch.<\/p>\n<p><em>Kokosnussmatte 1 cm<\/em> - Rohstoff in 100% organisch, abgeleitet von Kokosnussschalen. Es hat antiallergische Eigenschaften, sch\u00fctzt perfekt vor dem Wachstum von Hausstaubmilben und Mikroorganismen und ist elastisch und flexibel. Matratzen mit Kokosfasern sind langlebig, feuchtigkeits- und verformungsbest\u00e4ndig. Die Matte hat eine sehr hohe Dichte, so dass der K\u00f6rper nicht in der Matratze einsinkt.<\/p>\n<p><em>SILBERNE BORFEAUX GESTEPPTE ABDECKUNG<\/em> - Gestepptes Gestrick mit Silberionen, hat Anti-Pilz-Eigenschaften. Antiallergisch und mit einem Rei\u00dfverschluss versehen, der zur Aufrechterhaltung der Hygiene beitr\u00e4gt. Verhindert das Eindringen von Schmutz in die Matratze, sch\u00fctzt vor dem Eindringen von Bakterien, Pilzen, Schimmel und Hausstaubmilben.<\/p>\n<p><strong><br \/>\nHALTEN SIE IHREN R\u00dcCKEN GESUND!<\/strong><\/p>\n<p>Es ist wichtig, eine sehr gute Matratze f\u00fcr die Wirbels\u00e4ule zu w\u00e4hlen, denn sie erm\u00f6glicht es uns, uns besser zu erholen und zu entspannen. Der H\u00e4rtegrad der Matratze sollte an das Gewicht, die K\u00f6rpergr\u00f6\u00dfe und die pers\u00f6nlichen Vorlieben der darauf schlafenden Person angepasst werden, um die Wirbels\u00e4ule zu entlasten, eine gute Durchblutung und Muskelentspannung zu gew\u00e4hrleisten. Aus diesem Grund hat unsere Matratze zwei H\u00e4rtegrade; Sie k\u00f6nnen die Seite Ihren Bed\u00fcrfnissen anpassen.<\/p>\n<p><strong><br \/>\nHARDNESS:<\/strong><\/p>\n<p>&nbsp;<\/p>\n<p><img decoding=\"async\" class=\"lazyloaded lazy-loaded alignnone wp-image-4178 size-full\" src=\"https:\/\/srv104004.seohost.com.pl\/wp-content\/uploads\/2022\/01\/H3-H3.jpg\" alt=\"\" width=\"607\" height=\"134\" data-srcset=\"https:\/\/srv104004.seohost.com.pl\/wp-content\/uploads\/2020\/10\/h3h3.jpg 607w, https:\/\/srv104004.seohost.com.pl\/wp-content\/uploads\/2020\/10\/h3h3-300x66.jpg 300w\" data-src=\"https:\/\/srv104004.seohost.com.pl\/wp-content\/uploads\/2020\/10\/h3h3.jpg\" data-sizes=\"(max-width: 607px) 100vw, 607px\" \/><\/p>\n<p><strong><br \/>\nVERSAND:<\/strong><\/p>\n<p>- kostenloser bundesweiter Versand<\/p>\n<p>- Nachnahme (Zahlung erst bei Erhalt der Ware)<\/p>\n<p>- pers\u00f6nliche Abholung m\u00f6glich<\/p>\n<p>- die Matratzen werden im Ganzen geliefert, d.h. sie sind nicht anf\u00e4llig f\u00fcr Sch\u00e4den durch Rollen<\/p>\n<p>&nbsp;<\/p>\n<p>Die Lieferung erfolgt durch einen privaten Spediteur, so dass wir garantieren, dass die Ware ohne Transportsch\u00e4den geliefert wird.<br \/>\nBitte beachten Sie: Der Fahrer ist nicht verpflichtet, die Ware ins Haus\/zur Wohnung zu bringen!<\/p>","protected":false},"excerpt":{"rendered":"<p>Materac Grenada Premium to materac zapewniaj\u0105cy wysoki komfort snu. Ten 24 centymetrowy model wyposa\u017cono w profilowany w 7 stref wk\u0142ad spr\u0119\u017cynowy typu multipocket zapewniaj\u0105cy optymaln\u0105 elastyczno\u015b\u0107 punktow\u0105. Takie rozwi\u0105zanie, w po\u0142\u0105czeniu z\u00a0 4 centymetrow\u0105 profilowan\u0105 siedmiostrefow\u0105 piank\u0105 T3550 oraz 5 centymetrow\u0105 poliuretanow\u0105 piank\u0105 T2552 sprawia, \u017ce materac doskonale wsp\u00f3\u0142pracuje z cia\u0142em zapewniaj\u0105c mu wysoce spersonalizowane [&hellip;]<\/p>\n","protected":false},"featured_media":51704,"comment_status":"closed","ping_status":"closed","template":"","meta":{"_acf_changed":false},"product_brand":[],"product_cat":[1260,1281,1282,1283,1284,1285,1280,1293,1294,1291],"product_tag":[],"class_list":{"0":"post-51298","1":"product","2":"type-product","3":"status-publish","4":"has-post-thumbnail","6":"product_cat-materace","7":"product_cat-materace-120x200","8":"product_cat-materace-140x200","9":"product_cat-materace-160x200","10":"product_cat-materace-180x200","11":"product_cat-materace-200x200","12":"product_cat-materace-90x200","13":"product_cat-materace-srednio-twarde-h3","14":"product_cat-materace-twarde-h4","15":"product_cat-twardosc-materaca","16":"tm-has-options","18":"first","19":"instock","20":"sale","21":"shipping-taxable","22":"purchasable","23":"product-type-simple"},"acf":[],"_links":{"self":[{"href":"https:\/\/davhonmeble.pl\/de\/wp-json\/wp\/v2\/product\/51298","targetHints":{"allow":["GET"]}}],"collection":[{"href":"https:\/\/davhonmeble.pl\/de\/wp-json\/wp\/v2\/product"}],"about":[{"href":"https:\/\/davhonmeble.pl\/de\/wp-json\/wp\/v2\/types\/product"}],"replies":[{"embeddable":true,"href":"https:\/\/davhonmeble.pl\/de\/wp-json\/wp\/v2\/comments?post=51298"}],"wp:featuredmedia":[{"embeddable":true,"href":"https:\/\/davhonmeble.pl\/de\/wp-json\/wp\/v2\/media\/51704"}],"wp:attachment":[{"href":"https:\/\/davhonmeble.pl\/de\/wp-json\/wp\/v2\/media?parent=51298"}],"wp:term":[{"taxonomy":"product_brand","embeddable":true,"href":"https:\/\/davhonmeble.pl\/de\/wp-json\/wp\/v2\/product_brand?post=51298"},{"taxonomy":"product_cat","embeddable":true,"href":"https:\/\/davhonmeble.pl\/de\/wp-json\/wp\/v2\/product_cat?post=51298"},{"taxonomy":"product_tag","embeddable":true,"href":"https:\/\/davhonmeble.pl\/de\/wp-json\/wp\/v2\/product_tag?post=51298"}],"curies":[{"name":"wp","href":"https:\/\/api.w.org\/{rel}","templated":true}]}}