{"id":51292,"date":"2026-01-17T01:17:37","date_gmt":"2026-01-16T23:17:37","guid":{"rendered":"https:\/\/davhonmeble.pl\/?post_type=product&#038;p=51292"},"modified":"2026-03-20T20:09:26","modified_gmt":"2026-03-20T19:09:26","slug":"materac-salvador-premium","status":"publish","type":"product","link":"https:\/\/davhonmeble.pl\/de\/produkt\/materac-salvador-premium\/","title":{"rendered":"Matratze Salvador Premium"},"content":{"rendered":"<p><strong>Matratze Salvador Premium\u00a0<\/strong>wurde f\u00fcr anspruchsvolle Nutzer entwickelt - von Kindern \u00fcber Singles bis hin zu Partnern, die im selben Bett schlafen. Dank ihrer Schichten aus innovativen Schaumstoffen und einer Mehrfach-Taschenfederkerneinlage bietet sie eine optimale Punktflexibilit\u00e4t, so dass sie sich perfekt an das Gewicht, die K\u00f6rperform und die bevorzugte Position der Person anpassen kann und somit in jedem Fall eine ungest\u00f6rte Erholung unter Bedingungen gew\u00e4hrleistet, die der vollst\u00e4ndigen Entspannung f\u00f6rderlich sind. Diese Anschaffung wird all jene erfreuen, die von einer Matratze ein Gleichgewicht zwischen perfekter Unterst\u00fctzung des K\u00f6rpers w\u00e4hrend des Schlafs und der M\u00f6glichkeit eines freien Positionswechsels erwarten. Dieses Produkt ist auch f\u00fcr Allergiker und Besitzer von professionellen Lattenrosten mit verstellbarem Kopf- und Fu\u00dfteil zu empfehlen.<\/p>\n<p>Die in Standard-Taschenmatratzen verwendeten Taschenfedern enthalten etwa 272 Federn\/m2. Unsere Premium-Matratzen enthalten Taschenfedern des Multipocket-Typs, d.h. ca. 510 Federn\/m2, was die Lebensdauer der Matratze erheblich beeinflusst und den Schlafkomfort erh\u00f6ht, da es fast doppelt so viele St\u00fctzpunkte gibt.<\/p>\n<p><img fetchpriority=\"high\" decoding=\"async\" class=\"lazyloaded lazy-loaded alignnone wp-image-1620 size-full\" src=\"https:\/\/srv104004.seohost.com.pl\/wp-content\/uploads\/2021\/02\/Materac-Piankowy-Manhattan-PROFILOWANY-7-STREF-Rodzaj-materaca-Piankowy.jpg\" alt=\"\" width=\"864\" height=\"429\" data-srcset=\"https:\/\/srv104004.seohost.com.pl\/wp-content\/uploads\/2020\/10\/strefy_3.jpg 979w, https:\/\/srv104004.seohost.com.pl\/wp-content\/uploads\/2020\/10\/strefy_3-300x188.jpg 300w, https:\/\/srv104004.seohost.com.pl\/wp-content\/uploads\/2020\/10\/strefy_3-768x482.jpg 768w, https:\/\/srv104004.seohost.com.pl\/wp-content\/uploads\/2020\/10\/strefy_3-680x427.jpg 680w\" data-src=\"https:\/\/srv104004.seohost.com.pl\/wp-content\/uploads\/2020\/10\/strefy_3.jpg\" data-sizes=\"(max-width: 757px) 100vw, 757px\" \/><\/p>\n<p><strong><br \/>\nAUSF\u00dcHRUNG:<\/strong><\/p>\n<p><em>T3550 PROFILSCHAUM 7 ZONEN 4cm<\/em> - sorgt f\u00fcr die richtige Anpassung an die K\u00f6rperform. Die Sieben-Zonen-Profilierung sorgt f\u00fcr eine optimale Schlafposition und Ausrichtung der Wirbels\u00e4ule. Sie hat eine Massagefunktion. Dank der sehr hohen Dichte des Schaums, aus dem die oberste Schicht besteht, bleibt das Schaumprofil \u00fcber viele Jahre hinweg erhalten.<\/p>\n<p><em>Kokosnussmatte 1 cm<\/em> - Rohstoff in 100% organisch, abgeleitet von Kokosnussschalen. Es hat antiallergische Eigenschaften, sch\u00fctzt perfekt vor dem Wachstum von Hausstaubmilben und Mikroorganismen und ist elastisch und flexibel. Matratzen mit Kokosfasern sind langlebig, feuchtigkeits- und verformungsbest\u00e4ndig. Die Matte hat eine sehr hohe Dichte, so dass der K\u00f6rper nicht in der Matratze einsinkt.<\/p>\n<p><em>Polstermaterial 1mm<\/em> - Eine nat\u00fcrliche Zwischenschicht, die die Federschicht von der Schaumschicht trennt. Naturfilz kann die Lebensdauer der Matratze erheblich verl\u00e4ngern und st\u00e4rkt au\u00dferdem ihre Struktur. Filz hat au\u00dferdem den Vorteil, dass er sehr elastisch ist und an der Oberfl\u00e4che haftet. Er wird zwischen den Taschenfedern und der n\u00e4chsten Schicht verwendet. Er ist ein sehr wichtiges, verst\u00e4rkendes Element der Matratze.<\/p>\n<p><em>ZELLENFEDERN 12 cm<\/em> - Die Federn unterteilen die Matratze in 7 Zonen, die jeweils eine bestimmte K\u00f6rperpartie st\u00fctzen. Zusammen mit dem Profilschaum, der als oberste Schicht der Matratze verwendet wird, sorgen die in der Matratze verwendeten zonierten Taschenfedern f\u00fcr einen noch angenehmeren Schlaf. Die Federn arbeiten unabh\u00e4ngig voneinander, so dass zwei Personen, die nebeneinander schlafen, nicht durch das Zappeln der anderen Person gest\u00f6rt werden. Die Matratze eignet sich auch hervorragend f\u00fcr Personen mit unterschiedlichem K\u00f6rpergewicht, da die Taschenfedern daf\u00fcr sorgen, dass sich die Matratze nicht in Richtung der anderen Person biegt.<\/p>\n<p><em>Polstermaterial 1mm<\/em> - Eine nat\u00fcrliche Zwischenschicht, die die Federschicht von der Schaumschicht trennt. Naturfilz kann die Lebensdauer der Matratze erheblich verl\u00e4ngern und st\u00e4rkt au\u00dferdem ihre Struktur. Filz hat au\u00dferdem den Vorteil, dass er sehr elastisch ist und an der Oberfl\u00e4che haftet. Er wird zwischen den Taschenfedern und der n\u00e4chsten Schicht verwendet. Er ist ein sehr wichtiges, verst\u00e4rkendes Element der Matratze.<\/p>\n<p><em>THERMOELASTISCHER SCHAUM<\/em> - Das Kissen besteht aus einem 2 cm dicken Polster (auch bekannt als VISCO-, MEMORY- oder SLOW-Schaum). Es passt sich perfekt an die Form und das Gewicht des K\u00f6rpers an und bietet ihm eine angemessene Unterst\u00fctzung und eine gute Blutzirkulation. Unter dem Einfluss der K\u00f6rpertemperatur erh\u00f6ht er seine Elastizit\u00e4t und R\u00fcckstellkraft. Dieser Schaumstoff ist f\u00fcr Menschen mit verschiedenen Wirbels\u00e4ulenbeschwerden geeignet.<\/p>\n<p><em>T3550 PROFILSCHAUM 7 ZONEN 4 cm<\/em> - sorgt f\u00fcr die richtige Anpassung an die K\u00f6rperform. Die Sieben-Zonen-Profilierung sorgt f\u00fcr eine optimale Schlafposition und Ausrichtung der Wirbels\u00e4ule. Sie hat eine Massagefunktion. Dank der sehr hohen Dichte des Schaums, aus dem die oberste Schicht besteht, bleibt das Schaumprofil \u00fcber viele Jahre hinweg erhalten.<\/p>\n<p><em>SILBERNE BORFEAUX GESTEPPTE ABDECKUNG<\/em> - Gestepptes Gestrick mit Silberionen, hat Anti-Pilz-Eigenschaften. Antiallergisch und mit einem Rei\u00dfverschluss versehen, der zur Aufrechterhaltung der Hygiene beitr\u00e4gt. Verhindert das Eindringen von Schmutz in die Matratze, sch\u00fctzt vor dem Eindringen von Bakterien, Pilzen, Schimmel und Hausstaubmilben.<\/p>\n<p><strong><br \/>\nHALTEN SIE IHREN R\u00dcCKEN GESUND!<\/strong><\/p>\n<p>Es ist wichtig, eine sehr gute Matratze f\u00fcr die Wirbels\u00e4ule zu w\u00e4hlen, denn sie erm\u00f6glicht es uns, uns besser zu erholen und zu entspannen. Der H\u00e4rtegrad der Matratze sollte an das Gewicht, die K\u00f6rpergr\u00f6\u00dfe und die pers\u00f6nlichen Vorlieben der darauf schlafenden Person angepasst werden, um die Wirbels\u00e4ule zu entlasten, eine gute Durchblutung und Muskelentspannung zu gew\u00e4hrleisten. Aus diesem Grund hat unsere Matratze zwei H\u00e4rtegrade; Sie k\u00f6nnen die Seite Ihren Bed\u00fcrfnissen anpassen.<\/p>\n<p><strong><br \/>\nHARDNESS:<\/strong><\/p>\n<p><img decoding=\"async\" class=\"lazyloaded lazy-loaded alignnone wp-image-1434 size-full\" src=\"https:\/\/srv104004.seohost.com.pl\/wp-content\/uploads\/2020\/10\/h2-h3.jpg\" alt=\"\" width=\"607\" height=\"134\" data-srcset=\"https:\/\/srv104004.seohost.com.pl\/wp-content\/uploads\/2020\/10\/h3h3.jpg 607w, https:\/\/srv104004.seohost.com.pl\/wp-content\/uploads\/2020\/10\/h3h3-300x66.jpg 300w\" data-src=\"https:\/\/srv104004.seohost.com.pl\/wp-content\/uploads\/2020\/10\/h3h3.jpg\" data-sizes=\"(max-width: 607px) 100vw, 607px\" \/><\/p>\n<p><strong><br \/>\nVERSAND:<\/strong><\/p>\n<p>- kostenloser bundesweiter Versand<\/p>\n<p>- Nachnahme (Zahlung erst bei Erhalt der Ware)<\/p>\n<p>- pers\u00f6nliche Abholung m\u00f6glich<\/p>\n<p>- die Matratzen werden im Ganzen geliefert, d.h. sie sind nicht anf\u00e4llig f\u00fcr Sch\u00e4den durch Rollen<\/p>\n<p>&nbsp;<\/p>\n<p>Die Lieferung erfolgt durch einen privaten Spediteur, so dass wir garantieren, dass die Ware ohne Transportsch\u00e4den geliefert wird.<br \/>\nBitte beachten Sie: Der Fahrer ist nicht verpflichtet, die Ware ins Haus\/zur Wohnung zu bringen!<\/p>","protected":false},"excerpt":{"rendered":"<p>Materac Salvador Premium\u00a0powsta\u0142 z my\u015bl\u0105 o wymagaj\u0105cych u\u017cytkownikach &#8211; od dzieci, przez singli, a\u017c po partner\u00f3w \u015bpi\u0105cych w jednym \u0142\u00f3\u017cku. Dzi\u0119ki warstwom wykonanym z innowacyjnych pianek i wk\u0142adowi spr\u0119\u017cynowemu typu multipocket zapewnia optymaln\u0105 elastyczno\u015b\u0107 punktow\u0105, dzi\u0119ki czemu potrafi doskonale dopasowa\u0107 si\u0119 do wagi, kszta\u0142tu cia\u0142a oraz ulubionej pozycji danej osoby, dlatego w ka\u017cdym przypadku zapewnia [&hellip;]<\/p>\n","protected":false},"featured_media":51722,"comment_status":"closed","ping_status":"closed","template":"","meta":{"_acf_changed":false},"product_brand":[],"product_cat":[1260,1281,1282,1283,1284,1285,1280,1292,1293,1291],"product_tag":[],"class_list":{"0":"post-51292","1":"product","2":"type-product","3":"status-publish","4":"has-post-thumbnail","6":"product_cat-materace","7":"product_cat-materace-120x200","8":"product_cat-materace-140x200","9":"product_cat-materace-160x200","10":"product_cat-materace-180x200","11":"product_cat-materace-200x200","12":"product_cat-materace-90x200","13":"product_cat-materace-srednio-miekkie-h2","14":"product_cat-materace-srednio-twarde-h3","15":"product_cat-twardosc-materaca","16":"tm-has-options","18":"first","19":"instock","20":"sale","21":"shipping-taxable","22":"purchasable","23":"product-type-simple"},"acf":[],"_links":{"self":[{"href":"https:\/\/davhonmeble.pl\/de\/wp-json\/wp\/v2\/product\/51292","targetHints":{"allow":["GET"]}}],"collection":[{"href":"https:\/\/davhonmeble.pl\/de\/wp-json\/wp\/v2\/product"}],"about":[{"href":"https:\/\/davhonmeble.pl\/de\/wp-json\/wp\/v2\/types\/product"}],"replies":[{"embeddable":true,"href":"https:\/\/davhonmeble.pl\/de\/wp-json\/wp\/v2\/comments?post=51292"}],"wp:featuredmedia":[{"embeddable":true,"href":"https:\/\/davhonmeble.pl\/de\/wp-json\/wp\/v2\/media\/51722"}],"wp:attachment":[{"href":"https:\/\/davhonmeble.pl\/de\/wp-json\/wp\/v2\/media?parent=51292"}],"wp:term":[{"taxonomy":"product_brand","embeddable":true,"href":"https:\/\/davhonmeble.pl\/de\/wp-json\/wp\/v2\/product_brand?post=51292"},{"taxonomy":"product_cat","embeddable":true,"href":"https:\/\/davhonmeble.pl\/de\/wp-json\/wp\/v2\/product_cat?post=51292"},{"taxonomy":"product_tag","embeddable":true,"href":"https:\/\/davhonmeble.pl\/de\/wp-json\/wp\/v2\/product_tag?post=51292"}],"curies":[{"name":"wp","href":"https:\/\/api.w.org\/{rel}","templated":true}]}}