{"id":51290,"date":"2026-01-17T01:17:37","date_gmt":"2026-01-16T23:17:37","guid":{"rendered":"https:\/\/davhonmeble.pl\/?post_type=product&#038;p=51290"},"modified":"2026-03-11T20:00:35","modified_gmt":"2026-03-11T19:00:35","slug":"lozko-kontynentalne-barry-z-dwoma-pojemnikami","status":"publish","type":"product","link":"https:\/\/davhonmeble.pl\/de\/produkt\/lozko-kontynentalne-barry-z-dwoma-pojemnikami\/","title":{"rendered":"Kontinentalbett BARRY mit zwei K\u00e4sten"},"content":{"rendered":"<p>Kontinentales Bett <strong>BARRY<\/strong> ist eine Kombination aus Design, Perfektion und Komfort. Das High-End-Bett ist die perfekte Wahl f\u00fcr jeden. Entworfen und hergestellt mit der h\u00f6chsten Aufmerksamkeit f\u00fcr Details. Das Bett zieht die Blicke auf sich und begeistert durch sein au\u00dfergew\u00f6hnliches Design, bei dem das charmante Kopfteil die Hauptrolle spielt. Barry wurde aus hochwertigen Materialien hergestellt. Das Bett wird standardm\u00e4\u00dfig mit einer sehr hochwertigen Bonellfederkernmatratze geliefert.<\/p>\n<p><strong><br \/>\nAUSF\u00dcHRUNG:<\/strong><\/p>\n<p>- das Bett ist serienm\u00e4\u00dfig mit zwei seitlich zu \u00f6ffnenden Bettzeugbeh\u00e4ltern ausgestattet<\/p>\n<p>- automatischer Bett\u00f6ffner<\/p>\n<p>- Untermatratze aus Bonellfedern und T-25-Schaum, H\u00f6he 20 cm<\/p>\n<p>- Rahmen: Holz + wei\u00dfe Tafel<\/p>\n<p><strong><br \/>\nZUS\u00c4TZLICHE OPTIONEN (kostenpflichtig):<\/strong><\/p>\n<p>- Austausch einer Bonellmatratze gegen eine Taschenfederkernmatratze (eine Taschenfederkernmatratze, auch Pouch-Matratze genannt, besteht aus herk\u00f6mmlichen Federn, die in separaten Taschen aus Stoff untergebracht sind. Durch diese Konstruktion arbeiten die Federn v\u00f6llig unabh\u00e4ngig voneinander - Druck auf eine Feder f\u00fchrt nicht automatisch zu einer Verformung der anderen. Dadurch ist die Matratze leise, passt sich perfekt an die K\u00f6rperform an und die Positionierung einer anderen Person auf dem Bett ist praktisch nicht wahrnehmbar. Eine Bonellmatratze hingegen ist ein System aus einzelnen Federn, die durch einen Spiraldraht miteinander verbunden sind. Dadurch wird das Gewicht der schlafenden Person, das auf die Matratze einwirkt, auf die gesamte Fl\u00e4che verteilt. So kann die Matratze verschiedenen Menschen mit unterschiedlichem K\u00f6rpergewicht und Schlafgewohnheiten gerecht werden. Dies hat jedoch auch den Effekt, dass, wenn zwei Personen auf der Matratze schlafen, jede Positionsver\u00e4nderung der einen Person von der anderen stark wahrgenommen wird).<\/p>\n<p>- Obere Matratze (Topper) gesteppt mit T25-Schaum<\/p>\n<p>- Eine Matratzenauflage (Topper) mit VISCO-Schaum (auch thermoelastischer Schaum genannt) ist oft ein grundlegendes Element moderner Matratzen. Denn seine innovativen Eigenschaften sorgen f\u00fcr einen gesunden und gleichzeitig sehr angenehmen Schlaf.)<\/p>\n<p><strong><br \/>\nABMESSUNGEN:<\/strong><\/p>\n<p>- Gesamtl\u00e4nge 208 cm<\/p>\n<p>- Gesamtbreite 140\/160\/180 (je nach gew\u00e4hlter Gr\u00f6\u00dfe)<\/p>\n<p>- H\u00f6he der Kopfst\u00fctze \u00fcber dem Boden 112 cm<\/p>\n<p>- Bettseitenh\u00f6he (Liegefl\u00e4che) 52 cm<\/p>\n<p><strong><br \/>\nVERSAND:<\/strong><\/p>\n<p>- landesweiter Versand in H\u00f6he von 200 PLN<\/p>\n<p>- Nachnahme (Zahlung erst bei Erhalt der Ware)<\/p>\n<p>- pers\u00f6nliche Abholung m\u00f6glich<\/p>\n<p>&nbsp;<\/p>\n<p>Das Bett wird in Paketen zur Selbstmontage versandt und die Montage selbst ist sehr einfach und schnell. Die Lieferung erfolgt durch eine private Spedition, so dass wir garantieren, dass das Bett ohne Transportsch\u00e4den geliefert wird.<br \/>\nBitte beachten Sie: Der Fahrer ist nicht verpflichtet, die M\u00f6bel in das Haus\/die Wohnung zu bringen!<\/p>","protected":false},"excerpt":{"rendered":"<p>\u0141\u00f3\u017cko kontynentalne BARRY to po\u0142\u0105czenie designu, perfekcji i wygody. Wysokiej klasy \u0142\u00f3\u017cko to idealny wyb\u00f3r dla ka\u017cdego. Zaprojektowane i produkowane z najwy\u017csz\u0105 dba\u0142o\u015bci\u0105 o detale. \u0141\u00f3\u017cko przyci\u0105ga uwag\u0119 i zachwyca swoim nietuzinkowym wygl\u0105dem, w kt\u00f3rym g\u0142\u00f3wn\u0105 rol\u0119 odgrywa urokliwy zag\u0142\u00f3wek. Barry zosta\u0142o wykonane z wysokich jako\u015bciowo materia\u0142\u00f3w. \u0141\u00f3\u017cko posiada w standardzie materac ze spr\u0119\u017cynami bonell [&hellip;]<\/p>\n","protected":false},"featured_media":51361,"comment_status":"closed","ping_status":"closed","template":"","meta":{"_acf_changed":false},"product_brand":[],"product_cat":[1258,1272,1273,1274],"product_tag":[],"class_list":{"0":"post-51290","1":"product","2":"type-product","3":"status-publish","4":"has-post-thumbnail","6":"product_cat-lozka-kontynentalne","7":"product_cat-lozka-kontynentalne-140x200","8":"product_cat-lozka-kontynentalne-160x200","9":"product_cat-lozka-kontynentalne-180x200","10":"tm-has-options","12":"first","13":"instock","14":"shipping-taxable","15":"purchasable","16":"product-type-simple"},"acf":[],"_links":{"self":[{"href":"https:\/\/davhonmeble.pl\/de\/wp-json\/wp\/v2\/product\/51290","targetHints":{"allow":["GET"]}}],"collection":[{"href":"https:\/\/davhonmeble.pl\/de\/wp-json\/wp\/v2\/product"}],"about":[{"href":"https:\/\/davhonmeble.pl\/de\/wp-json\/wp\/v2\/types\/product"}],"replies":[{"embeddable":true,"href":"https:\/\/davhonmeble.pl\/de\/wp-json\/wp\/v2\/comments?post=51290"}],"wp:featuredmedia":[{"embeddable":true,"href":"https:\/\/davhonmeble.pl\/de\/wp-json\/wp\/v2\/media\/51361"}],"wp:attachment":[{"href":"https:\/\/davhonmeble.pl\/de\/wp-json\/wp\/v2\/media?parent=51290"}],"wp:term":[{"taxonomy":"product_brand","embeddable":true,"href":"https:\/\/davhonmeble.pl\/de\/wp-json\/wp\/v2\/product_brand?post=51290"},{"taxonomy":"product_cat","embeddable":true,"href":"https:\/\/davhonmeble.pl\/de\/wp-json\/wp\/v2\/product_cat?post=51290"},{"taxonomy":"product_tag","embeddable":true,"href":"https:\/\/davhonmeble.pl\/de\/wp-json\/wp\/v2\/product_tag?post=51290"}],"curies":[{"name":"wp","href":"https:\/\/api.w.org\/{rel}","templated":true}]}}