{"id":51289,"date":"2026-01-17T01:17:37","date_gmt":"2026-01-16T23:17:37","guid":{"rendered":"https:\/\/davhonmeble.pl\/?post_type=product&#038;p=51289"},"modified":"2026-03-13T11:19:19","modified_gmt":"2026-03-13T10:19:19","slug":"fotel-ergo","status":"publish","type":"product","link":"https:\/\/davhonmeble.pl\/de\/produkt\/fotel-ergo\/","title":{"rendered":"ERGO Sessel"},"content":{"rendered":"<div class=\"_1voj4 _z9prt _1xzdi _ai5yc _5d6n2 _15lj1\">\n<div class=\"_2d49e_5pK0q\">\n<p>Die kompakte Gr\u00f6\u00dfe macht <b>ERGO <\/b>Er passt \u00fcberall hin, ist extrem leicht und bietet gleichzeitig einen bequemen Sitz f\u00fcr die sitzende Person. Der robuste Stoffbezug und der Naturholzrahmen sorgen f\u00fcr ausreichende Stabilit\u00e4t und leichte Reinigung. Das Sofa verspr\u00fcht Retro-Charme und passt perfekt in Vintage-, moderne oder skandinavische Einrichtungsstile.<\/p>\n<p><strong><br \/>\nPRODUKTMERKMALE:<\/strong><\/p>\n<p>- Soft-Touch-Gewebe<\/p>\n<p>- Holzbeine<\/p>\n<p>- solide Wertarbeit<\/p>\n<p>- sehr komfortables Design<\/p>\n<p>- R\u00fcckenlehne mit dem gleichen Material gepolstert<\/p>\n<p>- gewellte Feder auf dem Sitz<\/p>\n<p><strong><br \/>\nABMESSUNGEN:<\/strong><\/p>\n<p>- Gesamtbreite: 73 cm<\/p>\n<p>- Gesamth\u00f6he: 70 cm<\/p>\n<p>- Gesamttiefe: 57 cm<\/p>\n<p>- Sitzbreite: 42 cm<\/p>\n<p>- Sitztiefe 42 cm<\/p>\n<p>- H\u00f6he der F\u00fc\u00dfe: 21cm<\/p>\n<p><strong><br \/>\nVERSAND:<\/strong><\/p>\n<p>- landesweiter Versand von \u00a390<\/p>\n<p>- Nachnahme (Zahlung erst bei Erhalt der Ware)<\/p>\n<p>- pers\u00f6nliche Abholung m\u00f6glich<\/p>\n<p>&nbsp;<\/p>\n<p>Das Sofa wird im Ganzen geliefert, die einzigen Teile, die angeschraubt werden m\u00fcssen, sind die Holzbeine. Die Lieferung erfolgt durch einen privaten Spediteur, so dass wir garantieren, dass das Sofa ohne Transportsch\u00e4den geliefert wird.<br \/>\nBitte beachten Sie: Der Fahrer ist nicht verpflichtet, die M\u00f6bel in das Haus\/die Wohnung zu bringen!<\/p>\n<\/div>\n<\/div>","protected":false},"excerpt":{"rendered":"<p>Kompaktowy rozmiar sprawia, \u017ce ERGO zmie\u015bci si\u0119 wsz\u0119dzie, a ca\u0142o\u015b\u0107 prezentuje si\u0119 niezwykle lekko, zapewniaj\u0105c przy tym komfortowe miejsce dla siedz\u0105cej osoby. Obicie z wytrzyma\u0142ej tkaniny i rama z drewna naturalnego zapewniaj\u0105 odpowiedni\u0105 stabilno\u015b\u0107 i \u0142atwo\u015b\u0107 czyszczenia. Sofa emanuje urokiem retro i doskonale wpasuje si\u0119 w aran\u017cacje wn\u0119trz w stylu vintage, nowoczesnym czy skandynawskim. CECHY [&hellip;]<\/p>\n","protected":false},"featured_media":52684,"comment_status":"closed","ping_status":"closed","template":"","meta":{"_acf_changed":false},"product_brand":[],"product_cat":[1270,1257],"product_tag":[],"class_list":{"0":"post-51289","1":"product","2":"type-product","3":"status-publish","4":"has-post-thumbnail","6":"product_cat-fotele","7":"product_cat-narozniki-sofy-i-fotele","8":"tm-has-options","10":"first","11":"instock","12":"sale","13":"shipping-taxable","14":"purchasable","15":"product-type-simple"},"acf":[],"_links":{"self":[{"href":"https:\/\/davhonmeble.pl\/de\/wp-json\/wp\/v2\/product\/51289","targetHints":{"allow":["GET"]}}],"collection":[{"href":"https:\/\/davhonmeble.pl\/de\/wp-json\/wp\/v2\/product"}],"about":[{"href":"https:\/\/davhonmeble.pl\/de\/wp-json\/wp\/v2\/types\/product"}],"replies":[{"embeddable":true,"href":"https:\/\/davhonmeble.pl\/de\/wp-json\/wp\/v2\/comments?post=51289"}],"wp:featuredmedia":[{"embeddable":true,"href":"https:\/\/davhonmeble.pl\/de\/wp-json\/wp\/v2\/media\/52684"}],"wp:attachment":[{"href":"https:\/\/davhonmeble.pl\/de\/wp-json\/wp\/v2\/media?parent=51289"}],"wp:term":[{"taxonomy":"product_brand","embeddable":true,"href":"https:\/\/davhonmeble.pl\/de\/wp-json\/wp\/v2\/product_brand?post=51289"},{"taxonomy":"product_cat","embeddable":true,"href":"https:\/\/davhonmeble.pl\/de\/wp-json\/wp\/v2\/product_cat?post=51289"},{"taxonomy":"product_tag","embeddable":true,"href":"https:\/\/davhonmeble.pl\/de\/wp-json\/wp\/v2\/product_tag?post=51289"}],"curies":[{"name":"wp","href":"https:\/\/api.w.org\/{rel}","templated":true}]}}