{"id":51287,"date":"2026-01-17T01:17:36","date_gmt":"2026-01-16T23:17:36","guid":{"rendered":"https:\/\/davhonmeble.pl\/?post_type=product&#038;p=51287"},"modified":"2026-03-13T11:21:10","modified_gmt":"2026-03-13T10:21:10","slug":"lozko-tapicerowane-kleo-z-pojemnikiem","status":"publish","type":"product","link":"https:\/\/davhonmeble.pl\/de\/produkt\/lozko-tapicerowane-kleo-z-pojemnikiem\/","title":{"rendered":"Polsterbett KLEO mit Staukasten"},"content":{"rendered":"<p>Bett <b>KLEO <\/b>Es hat eine Kopfst\u00fctze in der modernsten Form - get\u00e4felt, was es zu einem Modell macht, dem man nicht gleichg\u00fcltig gegen\u00fcberstehen kann. Es ist ein Vorschlag f\u00fcr Liebhaber des modernen Designs, die Komfort zu Hause zu sch\u00e4tzen wissen. Das gesamte Bett wurde aus soliden Materialien hergestellt, die eine jahrzehntelange Nutzung gew\u00e4hrleisten.<\/p>\n<p><strong><br \/>\nAUSF\u00dcHRUNG:<\/strong><\/p>\n<p>- hebbarer Metallrahmen<\/p>\n<p>- get\u00e4felte Kopfst\u00fctze<\/p>\n<p>- die M\u00f6glichkeit, die Farbe oder den Stoff Ihrer Tr\u00e4ume zu w\u00e4hlen<\/p>\n<p>- Der Basis-Metallrahmen ist mit 1000N Automatik-\/Gasantrieben und 34 Holzlatten im Set (17 pro Seite) ausgestattet. Es besteht die M\u00f6glichkeit, einen HEAVY-Rahmen mit 24 Latten auf einer Seite (48 Latten im gesamten Rahmen) zu kaufen, dessen Tragf\u00e4higkeit um \u00fcber 100 kg h\u00f6her ist und dessen Matratze sich durch eine h\u00f6here Dichte der Federleisten noch besser an den K\u00f6rper anpasst.<\/p>\n<p>- Das Bett ist ohne Matratze im Set enthalten. F\u00fcr maximalen Schlafkomfort empfehlen wir, ein passendes Modell aus unserem Sortiment zu w\u00e4hlen:<em> <a style=\"font-weight: normal;\" href=\"https:\/\/davhonmeble.pl\/de\/produkt-kategorie\/materace\/\" target=\"_blank\" rel=\"noopener\">siehe passende Matratzen f\u00fcr Polsterbetten<\/a><\/em><\/p>\n<p>- einfache und schnelle Montage. Jedes Bett und jeder Rahmen wird mit einem Montagesatz und einer Anleitung geliefert<\/p>\n<p><strong><br \/>\nZUS\u00c4TZLICHE OPTIONEN<\/strong> (kostenpflichtig) - rufen Sie an und erfahren Sie mehr:<\/p>\n<p>- Option zum Kauf eines REINFORCED-Rahmens mit 48 Latten im gesamten Bett (der Abstand zwischen den Federleisten betr\u00e4gt beim verst\u00e4rkten Rahmen 2,5 cm, w\u00e4hrend er bei der Basisversion 6 cm betr\u00e4gt)<\/p>\n<p>- Ver\u00e4nderung der Seiten-\/Kopffreiheitsma\u00dfe (1 Platte = 25 cm)<\/p>\n<p>- Verwendung eines aufklappbaren Metallrahmens an der L\u00e4ngsseite (links\/rechts)<\/p>\n<p><strong><br \/>\nABMESSUNGEN<\/strong>:<\/p>\n<p>- Gesamtl\u00e4nge 214 cm<\/p>\n<p>- Gesamtbreite 98\/128\/148\/168\/188\/208 (je nach gew\u00e4hlter Gr\u00f6\u00dfe)<\/p>\n<p>- H\u00f6he der Kopfst\u00fctze \u00fcber dem Boden 90 cm<\/p>\n<p>- H\u00f6he des Rahmens vom Boden 30 cm<\/p>\n<p><strong><br \/>\nVERSAND:<\/strong><\/p>\n<p>- landesweiter Versand in H\u00f6he von 160 PLN<\/p>\n<p>- Nachnahme (Zahlung erst bei Erhalt der Ware)<\/p>\n<p>- pers\u00f6nliche Abholung m\u00f6glich<\/p>\n<p>&nbsp;<\/p>\n<p>Das Bett wird in Paketen zur Selbstmontage versandt und die Montage selbst ist sehr einfach und schnell. Die Lieferung erfolgt durch eine private Spedition, so dass wir garantieren, dass das Bett ohne Transportsch\u00e4den geliefert wird.<br \/>\nBitte beachten Sie: Der Fahrer ist nicht verpflichtet, die M\u00f6bel in das Haus\/die Wohnung zu bringen!<\/p>","protected":false},"excerpt":{"rendered":"<p>\u0141\u00f3\u017cko KLEO posiada wezg\u0142owie w najmodniejszej formie &#8211; panelowej, co sprawia, \u017ce to model na kt\u00f3ry, nie mo\u017cna by\u0107 oboj\u0119tnym. To propozycja stworzona do mi\u0142o\u015bnik\u00f3w nowoczesnego designu, kt\u00f3rzy ceni\u0105 wygod\u0119 w domowym zaciszu. Ca\u0142o\u015b\u0107 \u0142\u00f3\u017cka zosta\u0142a wykonana z solidnych materia\u0142\u00f3w, kt\u00f3re zapewni\u0105 jego u\u017cyteczno\u015b\u0107 na dekady. WYKONANIE: \u2013 podnoszony metalowy stela\u017c \u2013 panelowe wezg\u0142owie \u2013 [&hellip;]<\/p>\n","protected":false},"featured_media":51540,"comment_status":"closed","ping_status":"closed","template":"","meta":{"_acf_changed":false},"product_brand":[],"product_cat":[1259,1289,1276,1277,1278,1279,1290],"product_tag":[],"class_list":{"0":"post-51287","1":"product","2":"type-product","3":"status-publish","4":"has-post-thumbnail","6":"product_cat-lozka-tapicerowane","7":"product_cat-lozka-tapicerowane-120x200","8":"product_cat-lozka-tapicerowane-140x200","9":"product_cat-lozka-tapicerowane-160x200","10":"product_cat-lozka-tapicerowane-180x200","11":"product_cat-lozka-tapicerowane-200x200","12":"product_cat-lozka-tapicerowane-90x200","13":"tm-has-options","15":"first","16":"instock","17":"shipping-taxable","18":"purchasable","19":"product-type-simple"},"acf":[],"_links":{"self":[{"href":"https:\/\/davhonmeble.pl\/de\/wp-json\/wp\/v2\/product\/51287","targetHints":{"allow":["GET"]}}],"collection":[{"href":"https:\/\/davhonmeble.pl\/de\/wp-json\/wp\/v2\/product"}],"about":[{"href":"https:\/\/davhonmeble.pl\/de\/wp-json\/wp\/v2\/types\/product"}],"replies":[{"embeddable":true,"href":"https:\/\/davhonmeble.pl\/de\/wp-json\/wp\/v2\/comments?post=51287"}],"wp:featuredmedia":[{"embeddable":true,"href":"https:\/\/davhonmeble.pl\/de\/wp-json\/wp\/v2\/media\/51540"}],"wp:attachment":[{"href":"https:\/\/davhonmeble.pl\/de\/wp-json\/wp\/v2\/media?parent=51287"}],"wp:term":[{"taxonomy":"product_brand","embeddable":true,"href":"https:\/\/davhonmeble.pl\/de\/wp-json\/wp\/v2\/product_brand?post=51287"},{"taxonomy":"product_cat","embeddable":true,"href":"https:\/\/davhonmeble.pl\/de\/wp-json\/wp\/v2\/product_cat?post=51287"},{"taxonomy":"product_tag","embeddable":true,"href":"https:\/\/davhonmeble.pl\/de\/wp-json\/wp\/v2\/product_tag?post=51287"}],"curies":[{"name":"wp","href":"https:\/\/api.w.org\/{rel}","templated":true}]}}