{"id":51286,"date":"2026-01-17T01:17:36","date_gmt":"2026-01-16T23:17:36","guid":{"rendered":"https:\/\/davhonmeble.pl\/?post_type=product&#038;p=51286"},"modified":"2026-03-20T20:04:20","modified_gmt":"2026-03-20T19:04:20","slug":"materac-ankara-premium","status":"publish","type":"product","link":"https:\/\/davhonmeble.pl\/de\/produkt\/materac-ankara-premium\/","title":{"rendered":"Matratze Ankara Premium"},"content":{"rendered":"<p style=\"text-align: left;\"><strong>Matratze Ankara Premium<\/strong> wird aus erstklassigen Rohstoffen hergestellt, darunter Polyurethanschaum T3550 mit sehr hoher Dichte, was sie sehr langlebig macht. Der profilierte Sieben-Zonen-Schaum macht die Matratze sehr bequem und sorgt f\u00fcr ein massierendes Gef\u00fchl und vor allem f\u00fcr eine optimale Positionierung des K\u00f6rpers w\u00e4hrend des Schlafs, wodurch R\u00fcckenprobleme weitestgehend vermieden werden. Bei einer Matratze mit sieben H\u00e4rtezonen handelt es sich um eine Matratze, deren Inneres in mehrere solcher \u201eStufen\u201d, d. h. in Fragmente mit unterschiedlicher H\u00e4rte, unterteilt ist. Dies dient einer ergonomischeren Positionierung des K\u00f6rpers auf der Matratze.<\/p>\n<p><img fetchpriority=\"high\" decoding=\"async\" class=\"alignnone wp-image-1463\" src=\"https:\/\/srv104004.seohost.com.pl\/wp-content\/uploads\/2020\/10\/strefy_3.jpg\" alt=\"\" width=\"757\" height=\"476\" \/><\/p>\n<p><strong><br \/>\nAUSF\u00dcHRUNG:<\/strong><\/p>\n<p>\u2013 <em>T3550 PROFILSCHAUM 7 ZONEN 4 cm<\/em> - sorgt f\u00fcr die richtige Anpassung an die K\u00f6rperform. Die Sieben-Zonen-Profilierung sorgt f\u00fcr eine optimale Schlafposition und Ausrichtung der Wirbels\u00e4ule.<\/p>\n<p>\u2013 <em>Kokosnussmatte 1 cm<\/em> - Rohstoff in 100% organischen, aus Kokosnussschalen abgeleitet. Es hat antiallergische Eigenschaften, sch\u00fctzt perfekt vor dem Wachstum von Hausstaubmilben und Mikroorganismen und ist elastisch und flexibel. Matratzen mit Kokosfasern sind langlebig, resistent gegen Feuchtigkeit und Verformung.<\/p>\n<p>\u2013 <em>POLYURETAN-Schaumstoff T3550 13 cm<\/em> - Der Kern der Matratze besteht aus zertifiziertem Polyurethanschaum mit erh\u00f6htem H\u00e4rtegrad und Raumgewicht T3550. Dies ist einer der dichtesten Schaumstoffe, die auf dem Markt verwendet werden. Dieser Schaumstoff wurde speziell f\u00fcr Matratzen entwickelt und sorgt mit seiner por\u00f6sen Struktur f\u00fcr ausreichende Elastizit\u00e4t und Luftzirkulation, was die Entwicklung von Hausstaubmilben und Allergenen verhindert.<\/p>\n<p>\u2013 <em>COVER<\/em> - Enth\u00e4lt keine allergenen Stoffe, aus gestepptem Stoff. Sie hat einen Rei\u00dfverschluss zum einfachen Abnehmen des Bezugs und kann bei bis zu 40\u00b0 C gewaschen werden.<\/p>\n<p><strong><br \/>\nHARDNESS:<\/strong><\/p>\n<p>&nbsp;<\/p>\n<p><img decoding=\"async\" class=\"alignnone size-full wp-image-1468\" src=\"https:\/\/srv104004.seohost.com.pl\/wp-content\/uploads\/2020\/10\/h3h3.jpg\" alt=\"\" width=\"607\" height=\"134\" \/><\/p>\n<p><strong><br \/>\nVERSAND:<\/strong><\/p>\n<p>- kostenloser bundesweiter Versand<\/p>\n<p>- Nachnahme (Zahlung erst bei Erhalt der Ware)<\/p>\n<p>- pers\u00f6nliche Abholung m\u00f6glich<\/p>\n<p>- die Matratzen werden im Ganzen geliefert, d.h. sie sind nicht anf\u00e4llig f\u00fcr Sch\u00e4den durch Rollen<\/p>\n<p>&nbsp;<\/p>\n<p>Die Lieferung erfolgt durch einen privaten Spediteur, so dass wir garantieren, dass die Ware ohne Transportsch\u00e4den geliefert wird.<br \/>\nBitte beachten Sie: Der Fahrer ist nicht verpflichtet, die Ware ins Haus\/zur Wohnung zu bringen!<\/p>","protected":false},"excerpt":{"rendered":"<p>Materac Ankara Premium zosta\u0142 wykonany z surowc\u00f3w pierwszego gatunku, m.in z pianki poliuretanowej T3550 o bardzo du\u017cej g\u0119sto\u015bci, co sprawia, \u017ce jest bardzo wytrzyma\u0142y. Profilowana pianka siedmiostrefowa sprawia, \u017ce materac jest bardzo wygodny i daje uczucie masa\u017cu, a przede wszystkim zapewnia najlepsze u\u0142o\u017cenie cia\u0142a podczas snu &#8211; maksymalnie eliminuj\u0105c problemy z kr\u0119gos\u0142upem. Materac o siedmiu [&hellip;]<\/p>\n","protected":false},"featured_media":51700,"comment_status":"closed","ping_status":"closed","template":"","meta":{"_acf_changed":false},"product_brand":[],"product_cat":[1260,1281,1282,1283,1284,1285,1280,1293,1291],"product_tag":[],"class_list":{"0":"post-51286","1":"product","2":"type-product","3":"status-publish","4":"has-post-thumbnail","6":"product_cat-materace","7":"product_cat-materace-120x200","8":"product_cat-materace-140x200","9":"product_cat-materace-160x200","10":"product_cat-materace-180x200","11":"product_cat-materace-200x200","12":"product_cat-materace-90x200","13":"product_cat-materace-srednio-twarde-h3","14":"product_cat-twardosc-materaca","15":"tm-has-options","17":"first","18":"instock","19":"sale","20":"shipping-taxable","21":"purchasable","22":"product-type-simple"},"acf":[],"_links":{"self":[{"href":"https:\/\/davhonmeble.pl\/de\/wp-json\/wp\/v2\/product\/51286","targetHints":{"allow":["GET"]}}],"collection":[{"href":"https:\/\/davhonmeble.pl\/de\/wp-json\/wp\/v2\/product"}],"about":[{"href":"https:\/\/davhonmeble.pl\/de\/wp-json\/wp\/v2\/types\/product"}],"replies":[{"embeddable":true,"href":"https:\/\/davhonmeble.pl\/de\/wp-json\/wp\/v2\/comments?post=51286"}],"wp:featuredmedia":[{"embeddable":true,"href":"https:\/\/davhonmeble.pl\/de\/wp-json\/wp\/v2\/media\/51700"}],"wp:attachment":[{"href":"https:\/\/davhonmeble.pl\/de\/wp-json\/wp\/v2\/media?parent=51286"}],"wp:term":[{"taxonomy":"product_brand","embeddable":true,"href":"https:\/\/davhonmeble.pl\/de\/wp-json\/wp\/v2\/product_brand?post=51286"},{"taxonomy":"product_cat","embeddable":true,"href":"https:\/\/davhonmeble.pl\/de\/wp-json\/wp\/v2\/product_cat?post=51286"},{"taxonomy":"product_tag","embeddable":true,"href":"https:\/\/davhonmeble.pl\/de\/wp-json\/wp\/v2\/product_tag?post=51286"}],"curies":[{"name":"wp","href":"https:\/\/api.w.org\/{rel}","templated":true}]}}