{"id":51285,"date":"2026-01-17T01:17:36","date_gmt":"2026-01-16T23:17:36","guid":{"rendered":"https:\/\/davhonmeble.pl\/?post_type=product&#038;p=51285"},"modified":"2026-03-20T20:09:09","modified_gmt":"2026-03-20T19:09:09","slug":"materac-prada","status":"publish","type":"product","link":"https:\/\/davhonmeble.pl\/de\/produkt\/materac-prada\/","title":{"rendered":"Prada-Matratze"},"content":{"rendered":"<p>Taschenmatratze <strong>PRADA<\/strong> ist eine perfekte Kombination aus Latex- und Kokosschichten, dank derer wir zwei extreme H\u00e4rtegrade der Matratze erhalten. Die Taschenfedern passen sich perfekt an Ihre Wirbels\u00e4ule an und st\u00fctzen Sie im Schlaf. Die Kombination aus Latex und Taschenfedern bewirkt, dass sich die Matratze perfekt an die K\u00f6rperform anpasst und eine gesunde und anatomische Haltung der Wirbels\u00e4ule unterst\u00fctzt. Wenn Druck auf die Oberfl\u00e4che der Matratze ausge\u00fcbt wird, passt sie sich automatisch an Sie an, unabh\u00e4ngig von Ihrem Gewicht oder Ihrer bevorzugten Schlafposition. Dies wird durch den punktuellen Druck auf die Taschenfedern und die sorgf\u00e4ltig ausgew\u00e4hlten Matratzenschichten erreicht. Der Kern der PRADA Matratze besteht aus Taschenfedern. In der Matratze befinden sich 272 davon. Jede einzelne Feder ist in eine Tasche aus einem speziellen, gegen mechanische Bewegungen resistenten Material eingewickelt. Die hier vorgestellte Matratze hat einen gesteppten, hypoallergenen Bezug mit Rei\u00dfverschluss, der sich leicht abnehmen l\u00e4sst und die Reinigung erleichtert. Die Prada ist eine doppelseitige Matratze, so dass Sie bei einmaliger Bezahlung Zugang zu zwei verschiedenen H\u00e4rtegraden der Schlafoberfl\u00e4che haben. Diese Matratze hat eine Dicke von 19 cm, es ist auch m\u00f6glich, dieses Modell in einer Dicke von 24 cm zu kaufen.<\/p>\n<p><strong><br \/>\nLatex - was ist das und was sind seine Vorteile?<\/strong><\/p>\n<p>Latex ist ein v\u00f6llig nat\u00fcrliches Material, das aus dem Kautschukbaum gewonnen wird. Seine gesundheitsf\u00f6rdernden Eigenschaften wurden von vielen Industriezweigen anerkannt, die Produkte von h\u00f6chster Qualit\u00e4t herstellen. Latex hat:<\/p>\n<p>- hypoallergene Eigenschaften, die das Eindringen und die Vermehrung von Milben, die eine Quelle von Allergien sind, erheblich reduzieren<\/p>\n<p>- antibakterielle Eigenschaften Latex schafft eine Umgebung, die das Wachstum von Bakterien verhindert<\/p>\n<p>- antimykotische Eigenschaften verhindern das Wachstum von Pilzen und Schimmel in der Matratzenstruktur<\/p>\n<p><strong><br \/>\nAUSF\u00dcHRUNG:<\/strong><\/p>\n<p>- mit Schafsfell gesteppter Stoff und Fiseline (2 cm)<\/p>\n<p>- Latexschaum-Format (2cm)<\/p>\n<p>- Polstermaterial (1mm)<\/p>\n<p>- Taschenfedern 272 Federn\/m2 (12cm)<\/p>\n<p>- Polstermaterial (1mm)<\/p>\n<p>- Schaumstoffpolsterung (2cm)<\/p>\n<p>- Kokosnuss-Matte (1cm)<\/p>\n<p><strong>HARDNESS:<\/strong><\/p>\n<p>&nbsp;<\/p>\n<p><img fetchpriority=\"high\" decoding=\"async\" class=\"alignnone size-full wp-image-1434\" src=\"https:\/\/srv104004.seohost.com.pl\/wp-content\/uploads\/2020\/10\/h2-h3.jpg\" alt=\"\" width=\"607\" height=\"134\" \/><\/p>\n<p style=\"text-align: left;\"><strong><br \/>\nVERSAND:<\/strong><\/p>\n<p>- kostenloser bundesweiter Versand<\/p>\n<p>- Nachnahme (Zahlung erst bei Erhalt der Ware)<\/p>\n<p>- pers\u00f6nliche Abholung m\u00f6glich<\/p>\n<p>- die Matratzen werden im Ganzen geliefert, d.h. sie sind nicht anf\u00e4llig f\u00fcr Sch\u00e4den durch Rollen<\/p>\n<p>&nbsp;<\/p>\n<p style=\"text-align: left;\">Die Lieferung erfolgt durch einen privaten Spediteur, so dass wir garantieren, dass die Ware ohne Transportsch\u00e4den geliefert wird.<br \/>\nBitte beachten Sie: Der Fahrer ist nicht verpflichtet, die Ware ins Haus\/zur Wohnung zu bringen!<\/p>","protected":false},"excerpt":{"rendered":"<p>Materac kieszeniowy PRADA to doskona\u0142e po\u0142\u0105czenie warstw lateksowej oraz kokosowej, dzi\u0119ki czemu uzyskujemy dwie skrajne twardo\u015bci materaca. Spr\u0119\u017cyny kieszeniowe idealnie dopasowuj\u0105 si\u0119 do kr\u0119gos\u0142upa stanowi\u0105c jego podparcie podczas snu. Po\u0142\u0105czenie lateksu i spr\u0119\u017cyn kieszeniowych powoduje idealne dopasowanie si\u0119 materaca do linii Twojego cia\u0142a, jednocze\u015bnie podtrzymuj\u0105c zdrow\u0105 i anatomiczn\u0105 pozycj\u0119 kr\u0119gos\u0142upa. Pod wp\u0142ywem nacisku wywieranego na [&hellip;]<\/p>\n","protected":false},"featured_media":51718,"comment_status":"closed","ping_status":"closed","template":"","meta":{"_acf_changed":false},"product_brand":[],"product_cat":[1260,1281,1282,1283,1284,1285,1280,1292,1293,1291],"product_tag":[],"class_list":{"0":"post-51285","1":"product","2":"type-product","3":"status-publish","4":"has-post-thumbnail","6":"product_cat-materace","7":"product_cat-materace-120x200","8":"product_cat-materace-140x200","9":"product_cat-materace-160x200","10":"product_cat-materace-180x200","11":"product_cat-materace-200x200","12":"product_cat-materace-90x200","13":"product_cat-materace-srednio-miekkie-h2","14":"product_cat-materace-srednio-twarde-h3","15":"product_cat-twardosc-materaca","16":"tm-has-options","18":"first","19":"instock","20":"sale","21":"shipping-taxable","22":"purchasable","23":"product-type-simple"},"acf":[],"_links":{"self":[{"href":"https:\/\/davhonmeble.pl\/de\/wp-json\/wp\/v2\/product\/51285","targetHints":{"allow":["GET"]}}],"collection":[{"href":"https:\/\/davhonmeble.pl\/de\/wp-json\/wp\/v2\/product"}],"about":[{"href":"https:\/\/davhonmeble.pl\/de\/wp-json\/wp\/v2\/types\/product"}],"replies":[{"embeddable":true,"href":"https:\/\/davhonmeble.pl\/de\/wp-json\/wp\/v2\/comments?post=51285"}],"wp:featuredmedia":[{"embeddable":true,"href":"https:\/\/davhonmeble.pl\/de\/wp-json\/wp\/v2\/media\/51718"}],"wp:attachment":[{"href":"https:\/\/davhonmeble.pl\/de\/wp-json\/wp\/v2\/media?parent=51285"}],"wp:term":[{"taxonomy":"product_brand","embeddable":true,"href":"https:\/\/davhonmeble.pl\/de\/wp-json\/wp\/v2\/product_brand?post=51285"},{"taxonomy":"product_cat","embeddable":true,"href":"https:\/\/davhonmeble.pl\/de\/wp-json\/wp\/v2\/product_cat?post=51285"},{"taxonomy":"product_tag","embeddable":true,"href":"https:\/\/davhonmeble.pl\/de\/wp-json\/wp\/v2\/product_tag?post=51285"}],"curies":[{"name":"wp","href":"https:\/\/api.w.org\/{rel}","templated":true}]}}