{"id":51284,"date":"2026-01-17T01:17:36","date_gmt":"2026-01-16T23:17:36","guid":{"rendered":"https:\/\/davhonmeble.pl\/?post_type=product&#038;p=51284"},"modified":"2026-03-20T20:09:53","modified_gmt":"2026-03-20T19:09:53","slug":"materac-valetta","status":"publish","type":"product","link":"https:\/\/davhonmeble.pl\/de\/produkt\/materac-valetta\/","title":{"rendered":"Valetta-Matratze"},"content":{"rendered":"<p>Taschenmatratze <strong>VALETTA<\/strong> ist eine hervorragende Kombination aus zwei Schichten Kokosmatten, die auf einer Seite eine sehr feste Oberfl\u00e4che ergeben. Die Taschenfedern passen sich perfekt an Ihre Wirbels\u00e4ule an und st\u00fctzen Sie beim Schlafen. Auf der anderen Seite ergibt die Kombination aus Schaumstoff und Taschenfedern eine Matratze, die sich perfekt an die K\u00f6rperlinie anpasst und eine gesunde und anatomische Position der Wirbels\u00e4ule unterst\u00fctzt. Unter dem Druck, der auf die Oberfl\u00e4che der Matratze ausge\u00fcbt wird, passt sie sich automatisch an Sie an, unabh\u00e4ngig von Ihrem Gewicht oder Ihrer bevorzugten Schlafposition. Dies wird durch den punktuellen Druck auf die Taschenfedern und die sorgf\u00e4ltig ausgew\u00e4hlten Matratzenschichten erreicht. Der Kern der Matratze besteht aus Taschenfedern. In der Matratze befinden sich 272 davon. Jede einzelne Feder ist in eine Tasche aus einem speziellen, gegen mechanische Bewegungen resistenten Material eingewickelt. Die hier vorgestellte Matratze hat einen gesteppten, hypoallergenen Bezug mit Rei\u00dfverschluss, der sich leicht abnehmen l\u00e4sst und die Reinigung erleichtert. Valetta ist eine doppelseitige Matratze, so dass Sie bei einmaliger Bezahlung Zugang zu zwei verschiedenen H\u00e4rtegraden der Schlafoberfl\u00e4che haben. Diese Matratze hat eine Dicke von 20 cm, es ist auch m\u00f6glich, dieses Modell mit einer Dicke von 24 cm zu kaufen.<\/p>\n<p><strong><br \/>\nAUSF\u00dcHRUNG:<\/strong><\/p>\n<p>- mit Schafsfell gesteppter Stoff und Fiseline (2 cm)<\/p>\n<p>- Kokosnuss-Matte (1cm)<\/p>\n<p>- Kokosnuss-Matte (1cm)<\/p>\n<p>- Polstermaterial (1mm)<\/p>\n<p>- Taschenfedern 272 Federn\/m2 (12cm)<\/p>\n<p>- Polstermaterial (1mm)<\/p>\n<p>- Schaumstoffpolsterung (2cm)<\/p>\n<p><strong><br \/>\nHARDNESS:<\/strong><\/p>\n<p>&nbsp;<\/p>\n<p><img fetchpriority=\"high\" decoding=\"async\" class=\"alignnone size-full wp-image-1454\" src=\"https:\/\/srv104004.seohost.com.pl\/wp-content\/uploads\/2020\/10\/h2-h4.jpg\" alt=\"\" width=\"607\" height=\"134\" \/><\/p>\n<p style=\"text-align: left;\"><strong><br \/>\nVERSAND:<\/strong><\/p>\n<p>- kostenloser bundesweiter Versand<\/p>\n<p>- Nachnahme (Zahlung erst bei Erhalt der Ware)<\/p>\n<p>- pers\u00f6nliche Abholung m\u00f6glich<\/p>\n<p>- die Matratzen werden im Ganzen geliefert, d.h. sie sind nicht anf\u00e4llig f\u00fcr Sch\u00e4den durch Rollen<\/p>\n<p>&nbsp;<\/p>\n<p style=\"text-align: left;\">Die Lieferung erfolgt durch einen privaten Spediteur, so dass wir garantieren, dass die Ware ohne Transportsch\u00e4den geliefert wird.<br \/>\nBitte beachten Sie: Der Fahrer ist nicht verpflichtet, die Ware ins Haus\/zur Wohnung zu bringen!<\/p>","protected":false},"excerpt":{"rendered":"<p>Materac kieszeniowy VALETTA to doskona\u0142e po\u0142\u0105czenie dw\u00f3ch warstw maty kokosowej, dzi\u0119ki czemu uzyskujemy po jednej stronie bardzo tward\u0105 powierzchni\u0119. Spr\u0119\u017cyny kieszeniowe idealnie dopasowuj\u0105 si\u0119 do kr\u0119gos\u0142upa stanowi\u0105c jego podparcie podczas snu. Z drugiej strony po\u0142\u0105czenie pianki i spr\u0119\u017cyn kieszeniowych powoduje idealne dopasowanie si\u0119 materaca do linii Twojego cia\u0142a, jednocze\u015bnie podtrzymuj\u0105c zdrow\u0105 i anatomiczn\u0105 pozycj\u0119 kr\u0119gos\u0142upa. [&hellip;]<\/p>\n","protected":false},"featured_media":51729,"comment_status":"closed","ping_status":"closed","template":"","meta":{"_acf_changed":false},"product_brand":[],"product_cat":[1260,1281,1282,1283,1284,1285,1280,1292,1294,1291],"product_tag":[],"class_list":{"0":"post-51284","1":"product","2":"type-product","3":"status-publish","4":"has-post-thumbnail","6":"product_cat-materace","7":"product_cat-materace-120x200","8":"product_cat-materace-140x200","9":"product_cat-materace-160x200","10":"product_cat-materace-180x200","11":"product_cat-materace-200x200","12":"product_cat-materace-90x200","13":"product_cat-materace-srednio-miekkie-h2","14":"product_cat-materace-twarde-h4","15":"product_cat-twardosc-materaca","16":"tm-has-options","18":"first","19":"instock","20":"sale","21":"shipping-taxable","22":"purchasable","23":"product-type-simple"},"acf":[],"_links":{"self":[{"href":"https:\/\/davhonmeble.pl\/de\/wp-json\/wp\/v2\/product\/51284","targetHints":{"allow":["GET"]}}],"collection":[{"href":"https:\/\/davhonmeble.pl\/de\/wp-json\/wp\/v2\/product"}],"about":[{"href":"https:\/\/davhonmeble.pl\/de\/wp-json\/wp\/v2\/types\/product"}],"replies":[{"embeddable":true,"href":"https:\/\/davhonmeble.pl\/de\/wp-json\/wp\/v2\/comments?post=51284"}],"wp:featuredmedia":[{"embeddable":true,"href":"https:\/\/davhonmeble.pl\/de\/wp-json\/wp\/v2\/media\/51729"}],"wp:attachment":[{"href":"https:\/\/davhonmeble.pl\/de\/wp-json\/wp\/v2\/media?parent=51284"}],"wp:term":[{"taxonomy":"product_brand","embeddable":true,"href":"https:\/\/davhonmeble.pl\/de\/wp-json\/wp\/v2\/product_brand?post=51284"},{"taxonomy":"product_cat","embeddable":true,"href":"https:\/\/davhonmeble.pl\/de\/wp-json\/wp\/v2\/product_cat?post=51284"},{"taxonomy":"product_tag","embeddable":true,"href":"https:\/\/davhonmeble.pl\/de\/wp-json\/wp\/v2\/product_tag?post=51284"}],"curies":[{"name":"wp","href":"https:\/\/api.w.org\/{rel}","templated":true}]}}