{"id":51283,"date":"2026-01-17T01:17:36","date_gmt":"2026-01-16T23:17:36","guid":{"rendered":"https:\/\/davhonmeble.pl\/?post_type=product&#038;p=51283"},"modified":"2026-03-20T20:08:41","modified_gmt":"2026-03-20T19:08:41","slug":"materac-nikozja","status":"publish","type":"product","link":"https:\/\/davhonmeble.pl\/de\/produkt\/materac-nikozja\/","title":{"rendered":"Matratze Nikosia"},"content":{"rendered":"<p><strong>Nikosia<\/strong> ist die universellste Matratze und zudem zu einem mega-niedrigen Preis in ihrer Klasse. Die doppelseitige Taschenmatratze beseitigt Schmerzen im oberen R\u00fccken, bietet Komfort und eine gesunde Erholung. Ideal f\u00fcr Menschen, die ihre Wirbels\u00e4ule in guter Form halten wollen. Die Kombination aus Latex und Taschenfedern f\u00fchrt zu einer perfekten Anpassung der Matratze an die K\u00f6rperform und unterst\u00fctzt gleichzeitig eine gesunde und anatomische Haltung der Wirbels\u00e4ule. Die vorgestellte Matratze hat einen gesteppten, hypoallergenen Bezug mit einem Rei\u00dfverschluss, der leicht abgenommen werden kann und somit einfach zu reinigen ist. Die Nicosia ist eine doppelseitige Matratze, so dass Sie durch einmaliges Bezahlen Zugang zu zwei verschiedenen H\u00e4rtegraden der Schlafoberfl\u00e4che haben. Diese Matratze hat eine Dicke von 20 cm, es ist auch m\u00f6glich, dieses Modell in einer Dicke von 24 cm zu kaufen.<\/p>\n<p><strong><br \/>\nLatex - was ist das und was sind seine Vorteile?<\/strong><\/p>\n<p>Latex ist ein v\u00f6llig nat\u00fcrliches Material, das aus dem Kautschukbaum gewonnen wird. Seine gesundheitsf\u00f6rdernden Eigenschaften wurden von vielen Industriezweigen anerkannt, die Produkte von h\u00f6chster Qualit\u00e4t herstellen. Vorteile:<\/p>\n<p>- hypoallergene Eigenschaften<\/p>\n<p>- reduziert deutlich das Eindringen und die Vermehrung von Milben, die eine Quelle der Allergiebildung sind<\/p>\n<p>- antibakterielle Eigenschaften<\/p>\n<p>- Latex schafft eine Umgebung, die das Wachstum von Bakterien verhindert<\/p>\n<p>- antimykotische Eigenschaften<\/p>\n<p>- verhindert das Wachstum von Pilzen und Schimmel in der Matratzenstruktur<\/p>\n<p><strong><br \/>\nAUSF\u00dcHRUNG:<\/strong><\/p>\n<p>- mit Schafsfell gesteppter Stoff und Fiseline (2 cm)<\/p>\n<p>- thermoelastischer Schaum (2cm)<\/p>\n<p>- Latexschaum-Format (4cm)<\/p>\n<p>- Polstermaterial (1mm)<\/p>\n<p>- Taschenfedern 272 Federn\/m2 (12cm)<\/p>\n<p>- Polstermaterial (1mm)<\/p>\n<p>- Schaumstoffpolsterung (2cm)<\/p>\n<p><strong><br \/>\nHARDNESS:<\/strong><\/p>\n<p>&nbsp;<\/p>\n<p><img fetchpriority=\"high\" decoding=\"async\" class=\"alignnone size-full wp-image-1440\" src=\"https:\/\/srv104004.seohost.com.pl\/wp-content\/uploads\/2020\/10\/h1-h2.jpg\" alt=\"\" width=\"609\" height=\"120\" \/><\/p>\n<p><strong><br \/>\nVERSAND:<\/strong><\/p>\n<p>- kostenloser bundesweiter Versand<\/p>\n<p>- Nachnahme (Zahlung erst bei Erhalt der Ware)<\/p>\n<p>- pers\u00f6nliche Abholung m\u00f6glich<\/p>\n<p>- die Matratzen werden im Ganzen geliefert, d.h. sie sind nicht anf\u00e4llig f\u00fcr Sch\u00e4den durch Rollen<\/p>\n<p>&nbsp;<\/p>\n<p>Die Lieferung erfolgt durch einen privaten Spediteur, so dass wir garantieren, dass die Ware ohne Transportsch\u00e4den geliefert wird.<br \/>\nBitte beachten Sie: Der Fahrer ist nicht verpflichtet, die Ware ins Haus\/zur Wohnung zu bringen!<\/p>","protected":false},"excerpt":{"rendered":"<p>Nikozja jest materacem najbardziej uniwersalnym, a do tego w mega niskiej cenie w swojej klasie. Dwustronny materac kieszeniowy niweluje b\u00f3le g\u00f3rnych partii kr\u0119gos\u0142upa, zapewnia komfort i zdrowy wypoczynek. Idealny dla os\u00f3b, kt\u00f3re chc\u0105 utrzyma\u0107 sw\u00f3j kr\u0119gos\u0142up w dobrej formie. Po\u0142\u0105czenie lateksu i spr\u0119\u017cyn kieszeniowych powoduje idealne dopasowanie si\u0119 materaca do linii Twojego cia\u0142a, jednocze\u015bnie podtrzymuj\u0105c [&hellip;]<\/p>\n","protected":false},"featured_media":51702,"comment_status":"closed","ping_status":"closed","template":"","meta":{"_acf_changed":false},"product_brand":[],"product_cat":[1260,1281,1282,1283,1284,1285,1280,1301,1292,1291],"product_tag":[],"class_list":{"0":"post-51283","1":"product","2":"type-product","3":"status-publish","4":"has-post-thumbnail","6":"product_cat-materace","7":"product_cat-materace-120x200","8":"product_cat-materace-140x200","9":"product_cat-materace-160x200","10":"product_cat-materace-180x200","11":"product_cat-materace-200x200","12":"product_cat-materace-90x200","13":"product_cat-materace-miekkie-h1","14":"product_cat-materace-srednio-miekkie-h2","15":"product_cat-twardosc-materaca","16":"tm-has-options","18":"first","19":"instock","20":"sale","21":"shipping-taxable","22":"purchasable","23":"product-type-simple"},"acf":[],"_links":{"self":[{"href":"https:\/\/davhonmeble.pl\/de\/wp-json\/wp\/v2\/product\/51283","targetHints":{"allow":["GET"]}}],"collection":[{"href":"https:\/\/davhonmeble.pl\/de\/wp-json\/wp\/v2\/product"}],"about":[{"href":"https:\/\/davhonmeble.pl\/de\/wp-json\/wp\/v2\/types\/product"}],"replies":[{"embeddable":true,"href":"https:\/\/davhonmeble.pl\/de\/wp-json\/wp\/v2\/comments?post=51283"}],"wp:featuredmedia":[{"embeddable":true,"href":"https:\/\/davhonmeble.pl\/de\/wp-json\/wp\/v2\/media\/51702"}],"wp:attachment":[{"href":"https:\/\/davhonmeble.pl\/de\/wp-json\/wp\/v2\/media?parent=51283"}],"wp:term":[{"taxonomy":"product_brand","embeddable":true,"href":"https:\/\/davhonmeble.pl\/de\/wp-json\/wp\/v2\/product_brand?post=51283"},{"taxonomy":"product_cat","embeddable":true,"href":"https:\/\/davhonmeble.pl\/de\/wp-json\/wp\/v2\/product_cat?post=51283"},{"taxonomy":"product_tag","embeddable":true,"href":"https:\/\/davhonmeble.pl\/de\/wp-json\/wp\/v2\/product_tag?post=51283"}],"curies":[{"name":"wp","href":"https:\/\/api.w.org\/{rel}","templated":true}]}}