{"id":51282,"date":"2026-01-17T01:17:36","date_gmt":"2026-01-16T23:17:36","guid":{"rendered":"https:\/\/davhonmeble.pl\/?post_type=product&#038;p=51282"},"modified":"2026-03-20T20:08:34","modified_gmt":"2026-03-20T19:08:34","slug":"materac-haga","status":"publish","type":"product","link":"https:\/\/davhonmeble.pl\/de\/produkt\/materac-haga\/","title":{"rendered":"Haga-Matratze"},"content":{"rendered":"<p>Professionell hergestellte Matratze <strong>HAGA<\/strong>, ist ein Vorschlag f\u00fcr Menschen, die Wert auf eine hohe Schlafqualit\u00e4t und die damit verbundene Erholung legen. Die Verwendung von Kokosmatte wird bei hochwertigen Matratzen schon lange nicht mehr gesch\u00e4tzt, daher lohnt es sich umso mehr, in sie zu investieren. Die hier vorgestellte Matratze hat einen hypoallergenen, gesteppten Bezug und einen Rei\u00dfverschluss zum einfachen Abnehmen, wodurch sie leicht sauber zu halten ist. Diese Matratze hat eine Dicke von 19 cm, es ist auch m\u00f6glich, dieses Modell mit einer Dicke von 24 cm zu kaufen.<\/p>\n<p><strong><br \/>\nAUSF\u00dcHRUNG:<\/strong><\/p>\n<p>- mit Schafsfell gesteppter Stoff und Fiseline (2 cm)<\/p>\n<p>- thermoelastischer Schaum (2cm)<\/p>\n<p>- Kokosnuss-Matte (1cm)<\/p>\n<p>- Polstermaterial (1mm)<\/p>\n<p>- Taschenfedern 272 Federn\/m2 (12cm)<\/p>\n<p>- Polstermaterial (1mm)<\/p>\n<p>- Schaumstoffpolsterung (2cm)<\/p>\n<p><strong><br \/>\nHARDNESS:<\/strong><\/p>\n<p>&nbsp;<\/p>\n<p><img fetchpriority=\"high\" decoding=\"async\" class=\"alignnone size-full wp-image-1438\" src=\"https:\/\/srv104004.seohost.com.pl\/wp-content\/uploads\/2020\/10\/h2-h2.jpg\" alt=\"\" width=\"595\" height=\"131\" \/><\/p>\n<p><strong><br \/>\nVERSAND:<\/strong><\/p>\n<p>- kostenloser bundesweiter Versand<\/p>\n<p>- Nachnahme (Zahlung erst bei Erhalt der Ware)<\/p>\n<p>- pers\u00f6nliche Abholung m\u00f6glich<\/p>\n<p>- die Matratzen werden im Ganzen geliefert, d.h. sie sind nicht anf\u00e4llig f\u00fcr Sch\u00e4den durch Rollen<\/p>\n<p>&nbsp;<\/p>\n<p>Die Lieferung erfolgt durch einen privaten Spediteur, so dass wir garantieren, dass die Ware ohne Transportsch\u00e4den geliefert wird.<br \/>\nBitte beachten Sie: Der Fahrer ist nicht verpflichtet, die Ware ins Haus\/zur Wohnung zu bringen!<\/p>","protected":false},"excerpt":{"rendered":"<p>Profesjonalnie wykonany materac HAGA, to propozycja dla os\u00f3b, kt\u00f3re ceni\u0105 sobie wysok\u0105 jako\u015b\u0107 snu i odpoczynku z tym zwi\u0105zanym. Zastosowanie maty kokosowej nie od dzi\u015b spotyka si\u0119 z du\u017cym uznaniem, je\u015bli chodzi o najwy\u017cszej jako\u015bci materace, dlatego tym bardziej warto w niego zainwestowa\u0107. Prezentowany materac posiada pokrowiec hypoalergiczny pikowany oraz zamek b\u0142yskawiczny, umo\u017cliwiaj\u0105cy \u0142atwe zdejmowanie, [&hellip;]<\/p>\n","protected":false},"featured_media":51710,"comment_status":"closed","ping_status":"closed","template":"","meta":{"_acf_changed":false},"product_brand":[],"product_cat":[1260,1281,1282,1283,1284,1285,1280,1292,1291],"product_tag":[],"class_list":{"0":"post-51282","1":"product","2":"type-product","3":"status-publish","4":"has-post-thumbnail","6":"product_cat-materace","7":"product_cat-materace-120x200","8":"product_cat-materace-140x200","9":"product_cat-materace-160x200","10":"product_cat-materace-180x200","11":"product_cat-materace-200x200","12":"product_cat-materace-90x200","13":"product_cat-materace-srednio-miekkie-h2","14":"product_cat-twardosc-materaca","15":"tm-has-options","17":"first","18":"instock","19":"sale","20":"shipping-taxable","21":"purchasable","22":"product-type-simple"},"acf":[],"_links":{"self":[{"href":"https:\/\/davhonmeble.pl\/de\/wp-json\/wp\/v2\/product\/51282","targetHints":{"allow":["GET"]}}],"collection":[{"href":"https:\/\/davhonmeble.pl\/de\/wp-json\/wp\/v2\/product"}],"about":[{"href":"https:\/\/davhonmeble.pl\/de\/wp-json\/wp\/v2\/types\/product"}],"replies":[{"embeddable":true,"href":"https:\/\/davhonmeble.pl\/de\/wp-json\/wp\/v2\/comments?post=51282"}],"wp:featuredmedia":[{"embeddable":true,"href":"https:\/\/davhonmeble.pl\/de\/wp-json\/wp\/v2\/media\/51710"}],"wp:attachment":[{"href":"https:\/\/davhonmeble.pl\/de\/wp-json\/wp\/v2\/media?parent=51282"}],"wp:term":[{"taxonomy":"product_brand","embeddable":true,"href":"https:\/\/davhonmeble.pl\/de\/wp-json\/wp\/v2\/product_brand?post=51282"},{"taxonomy":"product_cat","embeddable":true,"href":"https:\/\/davhonmeble.pl\/de\/wp-json\/wp\/v2\/product_cat?post=51282"},{"taxonomy":"product_tag","embeddable":true,"href":"https:\/\/davhonmeble.pl\/de\/wp-json\/wp\/v2\/product_tag?post=51282"}],"curies":[{"name":"wp","href":"https:\/\/api.w.org\/{rel}","templated":true}]}}