{"id":51281,"date":"2026-01-17T01:17:36","date_gmt":"2026-01-16T23:17:36","guid":{"rendered":"https:\/\/davhonmeble.pl\/?post_type=product&#038;p=51281"},"modified":"2026-03-20T20:08:15","modified_gmt":"2026-03-20T19:08:15","slug":"materac-atena","status":"publish","type":"product","link":"https:\/\/davhonmeble.pl\/de\/produkt\/materac-atena\/","title":{"rendered":"Atena-Matratze"},"content":{"rendered":"<p>Matratze <strong>ATENA<\/strong> ist eine Kombination aus einem attraktiven Preis, der guten Qualit\u00e4t der verwendeten Komponenten und der Sorgfalt bei der Herstellung. Die Verwendung der drei wichtigsten Materialien - Polyurethanschaum, thermoelastischer Schaum und Taschenfedern - gew\u00e4hrleistet hohe Qualit\u00e4t und hohen Komfort. Dank der Verwendung des thermoelastischen Schaums VISCO passt sich die Matratze unter dem Einfluss der K\u00f6rpertemperatur perfekt an die Form des K\u00f6rpers an. Der thermoelastische Schaum wird wegen seiner langsamen Verformung auch \u201efauler Schaum\u201d genannt - in der Matratze angewendet, gibt er den Effekt des angenehmen \u201eEinsinkens\u201d in die Oberfl\u00e4che. Die hier vorgestellte Matratze hat einen gesteppten, hypoallergenen Bezug mit Rei\u00dfverschluss, der leicht abgenommen werden kann und somit leicht sauber zu halten ist. Die Athena ist eine zweiseitige Matratze, so dass Sie bei einmaliger Bezahlung Zugang zu zwei verschiedenen H\u00e4rtegraden der Schlafoberfl\u00e4che haben. Diese Matratze hat eine Dicke von 18 cm, es ist auch m\u00f6glich, dieses Modell in einer Dicke von 24 cm zu kaufen.<\/p>\n<p><strong><br \/>\nAUSF\u00dcHRUNG:<\/strong><\/p>\n<p>- mit Schafsfell gesteppter Stoff und Fiseline (2 cm)<\/p>\n<p>- thermoelastischer Schaum (2cm)<\/p>\n<p>- Polstervlies (1 mm)<\/p>\n<p>- Taschenfedern 272 Federn\/m2 (12cm)<\/p>\n<p>- Polstermaterial (1mm)<\/p>\n<p>- Schaumstoffpolsterung (2cm)<\/p>\n<p><strong><br \/>\nHARDNESS:<\/strong><\/p>\n<p>&nbsp;<\/p>\n<p><img fetchpriority=\"high\" decoding=\"async\" class=\"alignnone size-full wp-image-1440\" src=\"https:\/\/srv104004.seohost.com.pl\/wp-content\/uploads\/2020\/10\/h1-h2.jpg\" alt=\"\" width=\"609\" height=\"120\" \/><\/p>\n<p><strong><br \/>\nVERSAND:<\/strong><\/p>\n<p>- kostenloser bundesweiter Versand<\/p>\n<p>- Nachnahme (Zahlung erst bei Erhalt der Ware)<\/p>\n<p>- pers\u00f6nliche Abholung m\u00f6glich<\/p>\n<p>- die Matratzen werden im Ganzen geliefert, d.h. sie sind nicht anf\u00e4llig f\u00fcr Sch\u00e4den durch Rollen<\/p>\n<p>&nbsp;<\/p>\n<p>Die Lieferung erfolgt durch einen privaten Spediteur, so dass wir garantieren, dass die Ware ohne Transportsch\u00e4den geliefert wird.<br \/>\nBitte beachten Sie: Der Fahrer ist nicht verpflichtet, die Ware ins Haus\/zur Wohnung zu bringen!<\/p>","protected":false},"excerpt":{"rendered":"<p>Materac ATENA to po\u0142\u0105czenie atrakcyjnej ceny, dobrej jako\u015bci u\u017cytych komponent\u00f3w oraz staranno\u015bci wykonania. Wykorzystanie trzech kluczowych materia\u0142\u00f3w, jakimi jest pianka poliuretanowa, pianka termo elastyczna i spr\u0119\u017cyny kieszonkowe zapewnia wysok\u0105 jako\u015b\u0107 i wygod\u0119 u\u017cytkowania. Dzi\u0119ki zastosowaniu pianki termoelastycznej VISCO, materac idealnie dopasowuje si\u0119 do kszta\u0142t\u00f3w cia\u0142a pod wp\u0142ywem jego temperatury. Piank\u0119 termoelastyczna nazywa si\u0119 tak\u017ce \u201eleniw\u0105 [&hellip;]<\/p>\n","protected":false},"featured_media":51702,"comment_status":"closed","ping_status":"closed","template":"","meta":{"_acf_changed":false},"product_brand":[],"product_cat":[1260,1281,1282,1283,1284,1285,1280,1301,1292,1291],"product_tag":[],"class_list":{"0":"post-51281","1":"product","2":"type-product","3":"status-publish","4":"has-post-thumbnail","6":"product_cat-materace","7":"product_cat-materace-120x200","8":"product_cat-materace-140x200","9":"product_cat-materace-160x200","10":"product_cat-materace-180x200","11":"product_cat-materace-200x200","12":"product_cat-materace-90x200","13":"product_cat-materace-miekkie-h1","14":"product_cat-materace-srednio-miekkie-h2","15":"product_cat-twardosc-materaca","16":"tm-has-options","18":"first","19":"instock","20":"sale","21":"shipping-taxable","22":"purchasable","23":"product-type-simple"},"acf":[],"_links":{"self":[{"href":"https:\/\/davhonmeble.pl\/de\/wp-json\/wp\/v2\/product\/51281","targetHints":{"allow":["GET"]}}],"collection":[{"href":"https:\/\/davhonmeble.pl\/de\/wp-json\/wp\/v2\/product"}],"about":[{"href":"https:\/\/davhonmeble.pl\/de\/wp-json\/wp\/v2\/types\/product"}],"replies":[{"embeddable":true,"href":"https:\/\/davhonmeble.pl\/de\/wp-json\/wp\/v2\/comments?post=51281"}],"wp:featuredmedia":[{"embeddable":true,"href":"https:\/\/davhonmeble.pl\/de\/wp-json\/wp\/v2\/media\/51702"}],"wp:attachment":[{"href":"https:\/\/davhonmeble.pl\/de\/wp-json\/wp\/v2\/media?parent=51281"}],"wp:term":[{"taxonomy":"product_brand","embeddable":true,"href":"https:\/\/davhonmeble.pl\/de\/wp-json\/wp\/v2\/product_brand?post=51281"},{"taxonomy":"product_cat","embeddable":true,"href":"https:\/\/davhonmeble.pl\/de\/wp-json\/wp\/v2\/product_cat?post=51281"},{"taxonomy":"product_tag","embeddable":true,"href":"https:\/\/davhonmeble.pl\/de\/wp-json\/wp\/v2\/product_tag?post=51281"}],"curies":[{"name":"wp","href":"https:\/\/api.w.org\/{rel}","templated":true}]}}