{"id":51279,"date":"2026-01-17T01:17:36","date_gmt":"2026-01-16T23:17:36","guid":{"rendered":"https:\/\/davhonmeble.pl\/?post_type=product&#038;p=51279"},"modified":"2026-03-20T20:09:39","modified_gmt":"2026-03-20T19:09:39","slug":"materac-sofia","status":"publish","type":"product","link":"https:\/\/davhonmeble.pl\/de\/produkt\/materac-sofia\/","title":{"rendered":"Sofia Matratze"},"content":{"rendered":"<p><strong>SOFIA Matratze<\/strong> ist eine Kombination aus einem attraktiven Preis, guter Qualit\u00e4t der verwendeten Komponenten und sorgf\u00e4ltiger Verarbeitung. Die Verwendung von drei Hauptmaterialien - Polyurethanschaum, Kokosmatte und Taschenfedern - gew\u00e4hrleistet eine hohe Qualit\u00e4t und einen hohen Liegekomfort Die vorgestellte Matratze passt sich der Form und dem Gewicht des K\u00f6rpers an und bietet eine punktuelle Verschiebung. Die 9 Zonen der Federn sorgen f\u00fcr eine korrekte Ausrichtung der Wirbels\u00e4ule. Die hier vorgestellte Matratze hat einen gesteppten, hypoallergenen Bezug mit Rei\u00dfverschluss, der leicht abgenommen werden kann und somit einfach zu reinigen ist. Sofia ist eine zweiseitige Matratze, so dass Sie bei einmaliger Bezahlung Zugang zu zwei verschiedenen H\u00e4rtegraden der Schlafoberfl\u00e4che haben. Diese Matratze hat eine Dicke von 19 cm, es ist auch m\u00f6glich, dieses Modell in einer Dicke von 24 cm zu kaufen.<\/p>\n<p><strong><br \/>\nAUSF\u00dcHRUNG:<\/strong><\/p>\n<p>- mit Schafsfell gesteppter Stoff und Fiseline (2 cm)<\/p>\n<p>- Kokosnuss-Matte (1cm)<\/p>\n<p>- Schaumstoffpolsterung (2cm)<\/p>\n<p>- Polstervlies (1 mm)<\/p>\n<p>- Taschenfedern 272 Federn\/m2 (12cm)<\/p>\n<p>- Polstermaterial (1mm)<\/p>\n<p>- Schaumstoffpolsterung (2cm)<\/p>\n<p><strong><br \/>\nHARDNESS:<\/strong><\/p>\n<p>&nbsp;<\/p>\n<p><img fetchpriority=\"high\" decoding=\"async\" class=\"alignnone size-full wp-image-1423\" src=\"https:\/\/srv104004.seohost.com.pl\/wp-content\/uploads\/2020\/10\/h2-h3.jpg\" alt=\"\" width=\"607\" height=\"134\" \/><\/p>\n<p><strong><br \/>\nVERSAND:<\/strong><\/p>\n<p>- kostenloser bundesweiter Versand<\/p>\n<p>- Nachnahme (Zahlung erst bei Erhalt der Ware)<\/p>\n<p>- pers\u00f6nliche Abholung m\u00f6glich<\/p>\n<p>- die Matratzen werden im Ganzen geliefert, d.h. sie sind nicht anf\u00e4llig f\u00fcr Sch\u00e4den durch Rollen<\/p>\n<p>&nbsp;<\/p>\n<p>Die Lieferung erfolgt durch einen privaten Spediteur, so dass wir garantieren, dass die Ware ohne Transportsch\u00e4den geliefert wird.<br \/>\nBitte beachten Sie: Der Fahrer ist nicht verpflichtet, die Ware ins Haus\/zur Wohnung zu bringen!<\/p>","protected":false},"excerpt":{"rendered":"<p>Materac SOFIA to po\u0142\u0105czenie atrakcyjnej ceny, dobrej jako\u015bci u\u017cytych komponent\u00f3w oraz staranno\u015bci wykonania. Wykorzystanie trzech kluczowych materia\u0142\u00f3w, jakimi jest pianka poliuretanowa, mata kokosowa i spr\u0119\u017cyny kieszonkowe zapewnia wysok\u0105 jako\u015b\u0107 i wygod\u0119 u\u017cytkowania Prezentowany materac dostosowuje si\u0119 do kszta\u0142tu i masy cia\u0142a oferuj\u0105c wyporno\u015b\u0107 punktow\u0105. 9 stref spr\u0119\u017cyn zapewnia w\u0142a\u015bciwe u\u0142o\u017cenie kr\u0119gos\u0142upa. Prezentowany materac posiada pikowany [&hellip;]<\/p>\n","protected":false},"featured_media":51725,"comment_status":"closed","ping_status":"closed","template":"","meta":{"_acf_changed":false},"product_brand":[],"product_cat":[1260,1281,1282,1283,1284,1285,1280,1292,1293,1291],"product_tag":[],"class_list":{"0":"post-51279","1":"product","2":"type-product","3":"status-publish","4":"has-post-thumbnail","6":"product_cat-materace","7":"product_cat-materace-120x200","8":"product_cat-materace-140x200","9":"product_cat-materace-160x200","10":"product_cat-materace-180x200","11":"product_cat-materace-200x200","12":"product_cat-materace-90x200","13":"product_cat-materace-srednio-miekkie-h2","14":"product_cat-materace-srednio-twarde-h3","15":"product_cat-twardosc-materaca","16":"tm-has-options","18":"first","19":"instock","20":"sale","21":"shipping-taxable","22":"purchasable","23":"product-type-simple"},"acf":[],"_links":{"self":[{"href":"https:\/\/davhonmeble.pl\/de\/wp-json\/wp\/v2\/product\/51279","targetHints":{"allow":["GET"]}}],"collection":[{"href":"https:\/\/davhonmeble.pl\/de\/wp-json\/wp\/v2\/product"}],"about":[{"href":"https:\/\/davhonmeble.pl\/de\/wp-json\/wp\/v2\/types\/product"}],"replies":[{"embeddable":true,"href":"https:\/\/davhonmeble.pl\/de\/wp-json\/wp\/v2\/comments?post=51279"}],"wp:featuredmedia":[{"embeddable":true,"href":"https:\/\/davhonmeble.pl\/de\/wp-json\/wp\/v2\/media\/51725"}],"wp:attachment":[{"href":"https:\/\/davhonmeble.pl\/de\/wp-json\/wp\/v2\/media?parent=51279"}],"wp:term":[{"taxonomy":"product_brand","embeddable":true,"href":"https:\/\/davhonmeble.pl\/de\/wp-json\/wp\/v2\/product_brand?post=51279"},{"taxonomy":"product_cat","embeddable":true,"href":"https:\/\/davhonmeble.pl\/de\/wp-json\/wp\/v2\/product_cat?post=51279"},{"taxonomy":"product_tag","embeddable":true,"href":"https:\/\/davhonmeble.pl\/de\/wp-json\/wp\/v2\/product_tag?post=51279"}],"curies":[{"name":"wp","href":"https:\/\/api.w.org\/{rel}","templated":true}]}}