{"id":51277,"date":"2026-01-17T01:17:36","date_gmt":"2026-01-16T23:17:36","guid":{"rendered":"https:\/\/davhonmeble.pl\/?post_type=product&#038;p=51277"},"modified":"2026-04-19T19:26:53","modified_gmt":"2026-04-19T18:26:53","slug":"sofa-dwuosobowa-ergo","status":"publish","type":"product","link":"https:\/\/davhonmeble.pl\/de\/produkt\/sofa-dwuosobowa-ergo\/","title":{"rendered":"Zweisitziges Sofa ERGO"},"content":{"rendered":"<div class=\"_1voj4 _z9prt _1xzdi _ai5yc _5d6n2 _15lj1\">\n<div class=\"_2d49e_5pK0q\">\n<p>Die kompakte Gr\u00f6\u00dfe macht <b>ERGO <\/b>Er passt \u00fcberall hin und sieht extrem leicht aus, bietet aber dennoch bequemen Sitzkomfort f\u00fcr zwei Personen. Der robuste Stoffbezug und der Naturholzrahmen sorgen f\u00fcr ausreichende Stabilit\u00e4t und leichte Reinigung. Das Sofa verspr\u00fcht Retro-Charme und passt perfekt in eine Einrichtung im Vintage-, modernen oder skandinavischen Stil.<\/p>\n<p><strong><br \/>\nPRODUKTMERKMALE:<\/strong><\/p>\n<p>- Soft-Touch-Gewebe<\/p>\n<p>- Holzbeine<\/p>\n<p>- solide Wertarbeit<\/p>\n<p>- sehr komfortables Design<\/p>\n<p>- R\u00fcckenlehne mit dem gleichen Material gepolstert<\/p>\n<p>- gewellte Feder auf dem Sitz<\/p>\n<p><strong><br \/>\nABMESSUNGEN:<\/strong><\/p>\n<p>- Gesamtbreite: 136 cm<\/p>\n<p>- Gesamth\u00f6he: 70 cm<\/p>\n<p>- Gesamttiefe: 57 cm<\/p>\n<p>- Sitzbreite: 105 cm<\/p>\n<p>- Sitztiefe 42 cm<\/p>\n<p>- H\u00f6he der F\u00fc\u00dfe: 21cm<\/p>\n<p><strong><br \/>\nVERSAND:<\/strong><\/p>\n<p>- landesweiter Versand von \u00a3160<\/p>\n<p>- Nachnahme (Zahlung erst bei Erhalt der Ware)<\/p>\n<p>- pers\u00f6nliche Abholung m\u00f6glich<\/p>\n<p>&nbsp;<\/p>\n<p>Das Sofa wird im Ganzen geliefert, die einzigen Teile, die angeschraubt werden m\u00fcssen, sind die Holzbeine. Die Lieferung erfolgt durch einen privaten Spediteur, so dass wir garantieren, dass das Sofa ohne Transportsch\u00e4den geliefert wird.<br \/>\nBitte beachten Sie: Der Fahrer ist nicht verpflichtet, die M\u00f6bel in das Haus\/die Wohnung zu bringen!<\/p>\n<\/div>\n<\/div>","protected":false},"excerpt":{"rendered":"<p>Kompaktowy rozmiar sprawia, \u017ce ERGO zmie\u015bci si\u0119 wsz\u0119dzie, a ca\u0142o\u015b\u0107 prezentuje si\u0119 niezwykle lekko, zapewniaj\u0105c przy tym komfortowe miejsce dla dw\u00f3ch os\u00f3b. Obicie z wytrzyma\u0142ej tkaniny i rama z drewna naturalnego zapewniaj\u0105 odpowiedni\u0105 stabilno\u015b\u0107 i \u0142atwo\u015b\u0107 czyszczenia. Sofa emanuje urokiem retro i doskonale wpasuje si\u0119 w aran\u017cacje wn\u0119trz w stylu vintage, nowoczesnym czy skandynawskim. CECHY [&hellip;]<\/p>\n","protected":false},"featured_media":52685,"comment_status":"closed","ping_status":"closed","template":"","meta":{"_acf_changed":false},"product_brand":[],"product_cat":[1257,1269],"product_tag":[1303],"class_list":{"0":"post-51277","1":"product","2":"type-product","3":"status-publish","4":"has-post-thumbnail","6":"product_cat-narozniki-sofy-i-fotele","7":"product_cat-sofy","8":"product_tag-davhon","9":"tm-has-options","11":"first","12":"instock","13":"sale","14":"shipping-taxable","15":"purchasable","16":"product-type-simple"},"acf":[],"_links":{"self":[{"href":"https:\/\/davhonmeble.pl\/de\/wp-json\/wp\/v2\/product\/51277","targetHints":{"allow":["GET"]}}],"collection":[{"href":"https:\/\/davhonmeble.pl\/de\/wp-json\/wp\/v2\/product"}],"about":[{"href":"https:\/\/davhonmeble.pl\/de\/wp-json\/wp\/v2\/types\/product"}],"replies":[{"embeddable":true,"href":"https:\/\/davhonmeble.pl\/de\/wp-json\/wp\/v2\/comments?post=51277"}],"wp:featuredmedia":[{"embeddable":true,"href":"https:\/\/davhonmeble.pl\/de\/wp-json\/wp\/v2\/media\/52685"}],"wp:attachment":[{"href":"https:\/\/davhonmeble.pl\/de\/wp-json\/wp\/v2\/media?parent=51277"}],"wp:term":[{"taxonomy":"product_brand","embeddable":true,"href":"https:\/\/davhonmeble.pl\/de\/wp-json\/wp\/v2\/product_brand?post=51277"},{"taxonomy":"product_cat","embeddable":true,"href":"https:\/\/davhonmeble.pl\/de\/wp-json\/wp\/v2\/product_cat?post=51277"},{"taxonomy":"product_tag","embeddable":true,"href":"https:\/\/davhonmeble.pl\/de\/wp-json\/wp\/v2\/product_tag?post=51277"}],"curies":[{"name":"wp","href":"https:\/\/api.w.org\/{rel}","templated":true}]}}