{"id":51275,"date":"2026-01-17T01:17:36","date_gmt":"2026-01-16T23:17:36","guid":{"rendered":"https:\/\/davhonmeble.pl\/?post_type=product&#038;p=51275"},"modified":"2026-03-13T11:20:32","modified_gmt":"2026-03-13T10:20:32","slug":"lozko-tapicerowane-jula-z-pojemnikiem","status":"publish","type":"product","link":"https:\/\/davhonmeble.pl\/de\/produkt\/lozko-tapicerowane-jula-z-pojemnikiem\/","title":{"rendered":"Polsterbett JULA mit Staukasten"},"content":{"rendered":"<p><strong>Jula-Bett<\/strong> ist ein wundersch\u00f6nes Polsterbett mit einem Kopfteil, das tief in symmetrischen Rauten versteppt ist und dank der ausdrucksstarken Steppung die Aufmerksamkeit auf sich zieht. Dieses Modell ist mit einem Metallrahmen mit Gasdruckfedern\/Automatik eines polnischen Herstellers und einem Aufbewahrungskasten ausgestattet, der dem Benutzer eine zufriedenstellende Qualit\u00e4t zu einem sehr g\u00fcnstigen Preis bietet. Dar\u00fcber hinaus ist dieses au\u00dfergew\u00f6hnlich funktionelle Modell nicht nur \u00e4u\u00dferst elegant und sorgf\u00e4ltig verarbeitet, sondern eignet sich dank seiner geringen Gr\u00f6\u00dfe auch perfekt f\u00fcr kleinere Schlafzimmer. Dank der praktischen Aufbewahrungsbox kann es viele Sch\u00e4tze im Schlafzimmer aufnehmen.<\/p>\n<p><strong><br \/>\nAUSF\u00dcHRUNG:<\/strong><\/p>\n<p>- hebbarer Metallrahmen<\/p>\n<p>- gestepptes Kopfteil<\/p>\n<p>- Gestell ausgestattet mit Gasautomaten (Gasflaschen) + M\u00f6belplatte<\/p>\n<p>- Streubeh\u00e4lter (keine H\u00f6chstlast!)<\/p>\n<p>- die M\u00f6glichkeit, die Farbe oder den Stoff Ihrer Tr\u00e4ume zu w\u00e4hlen<\/p>\n<p>- Der Basis-Metallrahmen ist mit 1000N Automatik-\/Gasantrieben und 34 Holzlatten im Set (17 pro Seite) ausgestattet. Es besteht die M\u00f6glichkeit, einen HEAVY-Rahmen mit 24 Latten auf einer Seite (48 Latten im gesamten Rahmen) zu kaufen, dessen Tragf\u00e4higkeit um \u00fcber 100 kg h\u00f6her ist und dessen Matratze sich durch eine h\u00f6here Dichte der Federleisten noch besser an den K\u00f6rper anpasst.<\/p>\n<p>- Das Bett ist ohne Matratze im Set enthalten. F\u00fcr maximalen Schlafkomfort empfehlen wir, ein passendes Modell aus unserem Sortiment zu w\u00e4hlen:<em> <a style=\"font-weight: normal;\" href=\"https:\/\/davhonmeble.pl\/de\/produkt-kategorie\/materace\/\" target=\"_blank\" rel=\"noopener\">siehe passende Matratzen f\u00fcr Polsterbetten<\/a><\/em><\/p>\n<p>- einfache und schnelle Montage. Jedes Bett und jeder Rahmen wird mit einem Montagesatz und einer Anleitung geliefert<\/p>\n<p><strong><br \/>\nZUS\u00c4TZLICHE OPTIONEN<\/strong> (kostenpflichtig) - rufen Sie an und erfahren Sie mehr:<\/p>\n<p>- es besteht die M\u00f6glichkeit, einen REINFORCED-Rahmen mit 48 Latten im ganzen Bett zu kaufen (der Abstand zwischen den Federleisten betr\u00e4gt beim verst\u00e4rkten Rahmen 2,5 cm und bei der Basisversion 6 cm)<\/p>\n<p>- Ver\u00e4nderung der Seiten-\/Kopffreiheitsma\u00dfe<\/p>\n<p>- Verwendung eines aufklappbaren Metallrahmens an der L\u00e4ngsseite (links\/rechts)<\/p>\n<p>- Gipfelbildung mit Kristallen<\/p>\n<p><strong><br \/>\nABMESSUNGEN<\/strong>:<\/p>\n<p>- Gesamtl\u00e4nge 214 cm<\/p>\n<p>- Gesamtbreite 98\/128\/148\/168\/188\/208 (je nach gew\u00e4hlter Gr\u00f6\u00dfe)<\/p>\n<p>- H\u00f6he der Kopfst\u00fctze \u00fcber dem Boden 100 cm<\/p>\n<p>- H\u00f6he des Rahmens vom Boden 30 cm<\/p>\n<p><strong><br \/>\nVERSAND:<\/strong><\/p>\n<p>- landesweiter Versand in H\u00f6he von 160 PLN<\/p>\n<p>- Nachnahme (Zahlung erst bei Erhalt der Ware)<\/p>\n<p>- pers\u00f6nliche Abholung m\u00f6glich<\/p>\n<p>&nbsp;<\/p>\n<p>Das Bett wird in Paketen zur Selbstmontage versandt und die Montage selbst ist sehr einfach und schnell. Die Lieferung erfolgt durch eine private Spedition, so dass wir garantieren, dass das Bett ohne Transportsch\u00e4den geliefert wird.<br \/>\nBitte beachten Sie: Der Fahrer ist nicht verpflichtet, die M\u00f6bel in das Haus\/die Wohnung zu bringen!<\/p>","protected":false},"excerpt":{"rendered":"<p>\u0141\u00f3\u017cko Jula to pi\u0119kne tapicerowane \u0142\u00f3\u017cko z wezg\u0142owiem g\u0142\u0119boko pikowanym w symetryczne romby, kt\u00f3re zwraca na siebie uwag\u0119 dzi\u0119ki wyrazistym przeszyciom. Model ten wyposa\u017cony jest w metalowy stela\u017c z si\u0142ownikami\/automatami gazowymi polskiego producenta wraz z pojemnikiem zapewniaj\u0105cym u\u017cytkownikowi zadowalaj\u0105c\u0105 jako\u015b\u0107 przy zachowaniu bardzo przyst\u0119pnej ceny. Ponadto ten wyj\u0105tkowo funkcjonalny model, a przy tym niezwykle elegancki [&hellip;]<\/p>\n","protected":false},"featured_media":51504,"comment_status":"closed","ping_status":"closed","template":"","meta":{"_acf_changed":false},"product_brand":[],"product_cat":[1259,1289,1276,1277,1278,1279,1290],"product_tag":[],"class_list":{"0":"post-51275","1":"product","2":"type-product","3":"status-publish","4":"has-post-thumbnail","6":"product_cat-lozka-tapicerowane","7":"product_cat-lozka-tapicerowane-120x200","8":"product_cat-lozka-tapicerowane-140x200","9":"product_cat-lozka-tapicerowane-160x200","10":"product_cat-lozka-tapicerowane-180x200","11":"product_cat-lozka-tapicerowane-200x200","12":"product_cat-lozka-tapicerowane-90x200","13":"tm-has-options","15":"first","16":"instock","17":"shipping-taxable","18":"purchasable","19":"product-type-simple"},"acf":[],"_links":{"self":[{"href":"https:\/\/davhonmeble.pl\/de\/wp-json\/wp\/v2\/product\/51275","targetHints":{"allow":["GET"]}}],"collection":[{"href":"https:\/\/davhonmeble.pl\/de\/wp-json\/wp\/v2\/product"}],"about":[{"href":"https:\/\/davhonmeble.pl\/de\/wp-json\/wp\/v2\/types\/product"}],"replies":[{"embeddable":true,"href":"https:\/\/davhonmeble.pl\/de\/wp-json\/wp\/v2\/comments?post=51275"}],"wp:featuredmedia":[{"embeddable":true,"href":"https:\/\/davhonmeble.pl\/de\/wp-json\/wp\/v2\/media\/51504"}],"wp:attachment":[{"href":"https:\/\/davhonmeble.pl\/de\/wp-json\/wp\/v2\/media?parent=51275"}],"wp:term":[{"taxonomy":"product_brand","embeddable":true,"href":"https:\/\/davhonmeble.pl\/de\/wp-json\/wp\/v2\/product_brand?post=51275"},{"taxonomy":"product_cat","embeddable":true,"href":"https:\/\/davhonmeble.pl\/de\/wp-json\/wp\/v2\/product_cat?post=51275"},{"taxonomy":"product_tag","embeddable":true,"href":"https:\/\/davhonmeble.pl\/de\/wp-json\/wp\/v2\/product_tag?post=51275"}],"curies":[{"name":"wp","href":"https:\/\/api.w.org\/{rel}","templated":true}]}}