{"id":51273,"date":"2026-01-17T01:17:36","date_gmt":"2026-01-16T23:17:36","guid":{"rendered":"https:\/\/davhonmeble.pl\/?post_type=product&#038;p=51273"},"modified":"2026-03-13T11:20:05","modified_gmt":"2026-03-13T10:20:05","slug":"lozko-tapicerowane-roko-z-pojemnikiem","status":"publish","type":"product","link":"https:\/\/davhonmeble.pl\/de\/produkt\/lozko-tapicerowane-roko-z-pojemnikiem\/","title":{"rendered":"ROKO Polsterbett mit Staukasten"},"content":{"rendered":"<p style=\"text-align: left;\"><strong>ROKO-Bett <\/strong>ist ein \u00e4u\u00dferst komfortables Bett, das sich durch sein au\u00dfergew\u00f6hnliches Kopfteil und seine Front im Retrostil auszeichnet. Die ideale H\u00f6he, die perfekte Konturierung und die vertikalen N\u00e4hte mit weicher F\u00fcllung schm\u00fccken das Bett und bieten eine bequeme Unterst\u00fctzung f\u00fcr den R\u00fccken. Roko ist eine fantastische Wahl f\u00fcr alle, die sich f\u00fcr skandinavische M\u00f6bel interessieren, die sich durch ihr klassisches Design in Kombination mit modernen L\u00f6sungen und ihrem universellen Charakter auszeichnen. Au\u00dferdem ist dieses Modell mit einem Metallrahmen mit Gasdruckfeder und automatischem Hub sowie einem Bettzeugkasten ausgestattet.<\/p>\n<p style=\"text-align: left;\"><strong><br \/>\nAUSF\u00dcHRUNG:<\/strong><\/p>\n<p>- hebbarer Metallrahmen<\/p>\n<p>- eingen\u00e4htes Bettkopfteil<\/p>\n<p>- Gestell ausgestattet mit Gasautomaten (Gasflaschen) + M\u00f6belplatte<\/p>\n<p>- Streubeh\u00e4lter (keine H\u00f6chstlast!)<\/p>\n<p>- die M\u00f6glichkeit, die Farbe oder den Stoff Ihrer Tr\u00e4ume zu w\u00e4hlen<\/p>\n<p>- Der Basis-Metallrahmen ist mit 1000N Automatik-\/Gasantrieben und 34 Holzlatten im Set (17 pro Seite) ausgestattet. Es besteht die M\u00f6glichkeit, einen HEAVY-Rahmen mit 24 Latten auf einer Seite (48 Latten im gesamten Rahmen) zu kaufen, dessen Tragf\u00e4higkeit um \u00fcber 100 kg h\u00f6her ist und dessen Matratze sich durch eine h\u00f6here Dichte der Federleisten noch besser an den K\u00f6rper anpasst.<\/p>\n<p>- Das Bett ist ohne Matratze im Set enthalten. F\u00fcr maximalen Schlafkomfort empfehlen wir, ein passendes Modell aus unserem Sortiment zu w\u00e4hlen:<em> <a style=\"font-weight: normal;\" href=\"https:\/\/davhonmeble.pl\/de\/produkt-kategorie\/materace\/\" target=\"_blank\" rel=\"noopener\">siehe passende Matratzen f\u00fcr Polsterbetten<\/a><\/em><\/p>\n<p>- einfache und schnelle Montage. Jedes Bett und jeder Rahmen wird mit einem Montagesatz und einer Anleitung geliefert<\/p>\n<p><strong><br \/>\nZUS\u00c4TZLICHE OPTIONEN<\/strong> (kostenpflichtig) - rufen Sie an und erfahren Sie mehr:<\/p>\n<p>- es besteht die M\u00f6glichkeit, einen REINFORCED-Rahmen mit 48 Latten im ganzen Bett zu kaufen (der Abstand zwischen den Federleisten betr\u00e4gt beim verst\u00e4rkten Rahmen 2,5 cm und bei der Basisversion 6 cm)<\/p>\n<p>- Ver\u00e4nderung der Seiten-\/Kopffreiheitsma\u00dfe<\/p>\n<p>- Verwendung eines aufklappbaren Metallrahmens an der L\u00e4ngsseite (links\/rechts)<\/p>\n<p><strong><br \/>\nABMESSUNGEN<\/strong>:<\/p>\n<p>- Gesamtl\u00e4nge 214 cm<\/p>\n<p>- Gesamtbreite 98\/128\/148\/168\/188\/208 (je nach gew\u00e4hlter Gr\u00f6\u00dfe)<\/p>\n<p>- H\u00f6he der Kopfst\u00fctze \u00fcber dem Boden 85 cm<\/p>\n<p>- H\u00f6he des Rahmens vom Boden 30 cm<\/p>\n<p><strong><br \/>\nVERSAND:<\/strong><\/p>\n<p>- landesweiter Versand in H\u00f6he von 160 PLN<\/p>\n<p>- Nachnahme (Zahlung erst bei Erhalt der Ware)<\/p>\n<p>- pers\u00f6nliche Abholung m\u00f6glich<\/p>\n<p>&nbsp;<\/p>\n<p style=\"text-align: left;\">Das Bett wird in Paketen zur Selbstmontage versandt und die Montage selbst ist sehr einfach und schnell. Die Lieferung erfolgt durch eine private Spedition, so dass wir garantieren, dass das Bett ohne Transportsch\u00e4den geliefert wird.<br \/>\nBitte beachten Sie: Der Fahrer ist nicht verpflichtet, die M\u00f6bel in das Haus\/die Wohnung zu bringen!<\/p>","protected":false},"excerpt":{"rendered":"<p>\u0141\u00f3\u017cko ROKO to niezwykle wygodne \u0142\u00f3\u017cko wyr\u00f3\u017cniaj\u0105ce si\u0119 nietuzinkowym wezg\u0142owiem oraz przodem w stylu retro. Idealna wysoko\u015b\u0107, doskona\u0142e wyprofilowanie oraz pionowe przeszycia z mi\u0119kkim wype\u0142nieniem, stanowi\u0105 ozdob\u0119 \u0142\u00f3\u017cka i wygodne wsparcie dla plec\u00f3w. Roko jest fantastycznym wyborem dla os\u00f3b zainteresowanych meblami skandynawskimi, wyr\u00f3\u017cnia je klasyczny design po\u0142\u0105czony z nowoczesnymi rozwi\u0105zaniami i uniwersalny charakter. Ponadto model [&hellip;]<\/p>\n","protected":false},"featured_media":51609,"comment_status":"closed","ping_status":"closed","template":"","meta":{"_acf_changed":false},"product_brand":[],"product_cat":[1259,1289,1276,1277,1278,1279,1290],"product_tag":[],"class_list":{"0":"post-51273","1":"product","2":"type-product","3":"status-publish","4":"has-post-thumbnail","6":"product_cat-lozka-tapicerowane","7":"product_cat-lozka-tapicerowane-120x200","8":"product_cat-lozka-tapicerowane-140x200","9":"product_cat-lozka-tapicerowane-160x200","10":"product_cat-lozka-tapicerowane-180x200","11":"product_cat-lozka-tapicerowane-200x200","12":"product_cat-lozka-tapicerowane-90x200","13":"tm-has-options","15":"first","16":"instock","17":"shipping-taxable","18":"purchasable","19":"product-type-simple"},"acf":[],"_links":{"self":[{"href":"https:\/\/davhonmeble.pl\/de\/wp-json\/wp\/v2\/product\/51273","targetHints":{"allow":["GET"]}}],"collection":[{"href":"https:\/\/davhonmeble.pl\/de\/wp-json\/wp\/v2\/product"}],"about":[{"href":"https:\/\/davhonmeble.pl\/de\/wp-json\/wp\/v2\/types\/product"}],"replies":[{"embeddable":true,"href":"https:\/\/davhonmeble.pl\/de\/wp-json\/wp\/v2\/comments?post=51273"}],"wp:featuredmedia":[{"embeddable":true,"href":"https:\/\/davhonmeble.pl\/de\/wp-json\/wp\/v2\/media\/51609"}],"wp:attachment":[{"href":"https:\/\/davhonmeble.pl\/de\/wp-json\/wp\/v2\/media?parent=51273"}],"wp:term":[{"taxonomy":"product_brand","embeddable":true,"href":"https:\/\/davhonmeble.pl\/de\/wp-json\/wp\/v2\/product_brand?post=51273"},{"taxonomy":"product_cat","embeddable":true,"href":"https:\/\/davhonmeble.pl\/de\/wp-json\/wp\/v2\/product_cat?post=51273"},{"taxonomy":"product_tag","embeddable":true,"href":"https:\/\/davhonmeble.pl\/de\/wp-json\/wp\/v2\/product_tag?post=51273"}],"curies":[{"name":"wp","href":"https:\/\/api.w.org\/{rel}","templated":true}]}}