{"id":53173,"date":"2026-04-08T08:33:22","date_gmt":"2026-04-08T07:33:22","guid":{"rendered":"https:\/\/davhonmeble.pl\/?page_id=53173"},"modified":"2026-04-09T05:27:22","modified_gmt":"2026-04-09T04:27:22","slug":"gwarancja-i-warunki-uzytkowania-mebli","status":"publish","type":"page","link":"https:\/\/davhonmeble.pl\/de\/gwarancja-i-warunki-uzytkowania-mebli\/","title":{"rendered":"Garantie und Bedingungen f\u00fcr die Nutzung der M\u00f6bel"},"content":{"rendered":"<div data-elementor-type=\"wp-page\" data-elementor-id=\"53173\" class=\"elementor elementor-53173\" data-elementor-post-type=\"page\">\n\t\t\t\t<div class=\"elementor-element elementor-element-9c96b35 e-flex e-con-boxed e-con e-parent\" data-id=\"9c96b35\" data-element_type=\"container\" data-e-type=\"container\" data-settings=\"{&quot;background_background&quot;:&quot;classic&quot;,&quot;animation&quot;:&quot;none&quot;}\">\n\t\t\t\t\t<div class=\"e-con-inner\">\n\t\t<div class=\"elementor-element elementor-element-9b7c882 e-con-full e-flex e-con e-child\" data-id=\"9b7c882\" data-element_type=\"container\" data-e-type=\"container\">\n\t\t<div class=\"elementor-element elementor-element-1dc6744 e-con-full e-flex e-con e-child\" data-id=\"1dc6744\" data-element_type=\"container\" data-e-type=\"container\" data-settings=\"{&quot;background_background&quot;:&quot;classic&quot;,&quot;animation&quot;:&quot;none&quot;}\">\n\t\t<div class=\"elementor-element elementor-element-73d785a e-flex e-con-boxed e-con e-child\" data-id=\"73d785a\" data-element_type=\"container\" data-e-type=\"container\">\n\t\t\t\t\t<div class=\"e-con-inner\">\n\t\t<div class=\"elementor-element elementor-element-9b22629 e-con-full breadcrumbs-list-page e-flex e-con e-child\" data-id=\"9b22629\" data-element_type=\"container\" data-e-type=\"container\">\n\t\t\t\t<div class=\"elementor-element elementor-element-31cd6fd elementor-view-default elementor-widget elementor-widget-icon\" data-id=\"31cd6fd\" data-element_type=\"widget\" data-e-type=\"widget\" data-widget_type=\"icon.default\">\n\t\t\t\t\t\t\t<div class=\"elementor-icon-wrapper\">\n\t\t\t<a class=\"elementor-icon\" href=\"https:\/\/davhonmeble.pl\/de\/\">\n\t\t\t<svg aria-hidden=\"true\" class=\"e-font-icon-svg e-fas-home\" viewbox=\"0 0 576 512\" xmlns=\"http:\/\/www.w3.org\/2000\/svg\"><path d=\"M280.37 148.26L96 300.11V464a16 16 0 0 0 16 16l112.06-.29a16 16 0 0 0 15.92-16V368a16 16 0 0 1 16-16h64a16 16 0 0 1 16 16v95.64a16 16 0 0 0 16 16.05L464 480a16 16 0 0 0 16-16V300L295.67 148.26a12.19 12.19 0 0 0-15.3 0zM571.6 251.47L488 182.56V44.05a12 12 0 0 0-12-12h-56a12 12 0 0 0-12 12v72.61L318.47 43a48 48 0 0 0-61 0L4.34 251.47a12 12 0 0 0-1.6 16.9l25.5 31A12 12 0 0 0 45.15 301l235.22-193.74a12.19 12.19 0 0 1 15.3 0L530.9 301a12 12 0 0 0 16.9-1.6l25.5-31a12 12 0 0 0-1.7-16.93z\"><\/path><\/svg>\t\t\t<\/a>\n\t\t<\/div>\n\t\t\t\t\t\t<\/div>\n\t\t\t\t<div class=\"elementor-element elementor-element-19fe4f0 elementor-widget elementor-widget-shortcode\" data-id=\"19fe4f0\" data-element_type=\"widget\" data-e-type=\"widget\" data-widget_type=\"shortcode.default\">\n\t\t\t\t\t\t\t<div class=\"elementor-shortcode\"><nav aria-label=\"Semmelbr\u00f6sel\" class=\"rank-math-breadcrumb\"><p><span class=\"last\">Homepage<\/span><\/p><\/nav><\/div>\n\t\t\t\t\t\t<\/div>\n\t\t\t\t<\/div>\n\t\t\t\t<div class=\"elementor-element elementor-element-07686d4 heading-title-2 elementor-widget elementor-widget-heading\" data-id=\"07686d4\" data-element_type=\"widget\" data-e-type=\"widget\" data-widget_type=\"heading.default\">\n\t\t\t\t\t<h1 class=\"elementor-heading-title elementor-size-default\">Garantie und Bedingungen f\u00fcr die Nutzung der M\u00f6bel<\/h1>\t\t\t\t<\/div>\n\t\t\t\t<div class=\"elementor-element elementor-element-7ddc82d elementor-widget-divider--view-line elementor-widget elementor-widget-divider\" data-id=\"7ddc82d\" data-element_type=\"widget\" data-e-type=\"widget\" data-widget_type=\"divider.default\">\n\t\t\t\t\t\t\t<div class=\"elementor-divider\">\n\t\t\t<span class=\"elementor-divider-separator\">\n\t\t\t\t\t\t<\/span>\n\t\t<\/div>\n\t\t\t\t\t\t<\/div>\n\t\t\t\t\t<\/div>\n\t\t\t\t<\/div>\n\t\t\t\t<\/div>\n\t\t\t\t<\/div>\n\t\t<div class=\"elementor-element elementor-element-509044b e-con-full e-flex e-con e-child\" data-id=\"509044b\" data-element_type=\"container\" data-e-type=\"container\">\n\t\t\t\t<div class=\"elementor-element elementor-element-5bece0e elementor-widget elementor-widget-text-editor\" data-id=\"5bece0e\" data-element_type=\"widget\" data-e-type=\"widget\" data-widget_type=\"text-editor.default\">\n\t\t\t\t\t\t\t\t\t<p data-start=\"197\" data-end=\"347\">Niniejszy dokument okre\u015bla zasady gwarancji oraz warunki prawid\u0142owego u\u017cytkowania produkt\u00f3w oferowanych w sklepie internetowym\u00a0<strong>www.davhonmeble.pl.<\/strong><\/p><h3 data-section-id=\"1fi7mt8\" data-start=\"349\" data-end=\"371\">\u00a71 Okres gwarancji<\/h3><ol data-start=\"373\" data-end=\"686\"><li data-section-id=\"xt9o80\" data-start=\"373\" data-end=\"500\">Wszystkie produkty oferowane w naszym sklepie obj\u0119te s\u0105 gwarancj\u0105 przez okres <strong data-start=\"454\" data-end=\"463\">2 lat<\/strong> od dnia wydania produktu Kupuj\u0105cemu.<\/li><li data-section-id=\"bx7gg2\" data-start=\"501\" data-end=\"686\">Gwarancja obejmuje wady wynikaj\u0105ce z przyczyn tkwi\u0105cych w sprzedanym produkcie, ujawnione w okresie gwarancyjnym podczas prawid\u0142owego u\u017cytkowania, zgodnego z przeznaczeniem produktu.<\/li><\/ol><h3 data-section-id=\"qhrryy\" data-start=\"688\" data-end=\"713\">\u00a72 Meble tapicerowane<\/h3><ol data-start=\"715\" data-end=\"834\"><li data-section-id=\"nn9ex\" data-start=\"715\" data-end=\"834\">Do mebli tapicerowanych zalicza si\u0119 w szczeg\u00f3lno\u015bci sofy, naro\u017cniki, fotele oraz \u0142\u00f3\u017cka tapicerowane i kontynentalne.<\/li><\/ol><h3 data-section-id=\"kr985f\" data-start=\"836\" data-end=\"896\">\u00a73 Warunki prawid\u0142owego u\u017cytkowania mebli tapicerowanych<\/h3><ol data-start=\"898\" data-end=\"2345\"><li data-section-id=\"1czldl\" data-start=\"898\" data-end=\"1054\">Meble tapicerowane nale\u017cy u\u017cytkowa\u0107 zgodnie z ich przeznaczeniem, wy\u0142\u0105cznie w warunkach domowych, w pomieszczeniach suchych, zamkni\u0119tych i wentylowanych.<\/li><li data-section-id=\"1ng85ni\" data-start=\"1055\" data-end=\"1385\">Nie nale\u017cy nara\u017ca\u0107 mebli tapicerowanych na nadmierne obci\u0105\u017cenia, obci\u0105\u017cenia punktowe, skakanie, stawanie lub siadanie na elementach do tego nieprzeznaczonych, dzia\u0142anie wilgoci, wody lub innych cieczy, d\u0142ugotrwa\u0142e dzia\u0142anie promieni s\u0142onecznych oraz bezpo\u015bredni\u0105 blisko\u015b\u0107 \u017ar\u00f3de\u0142 ciep\u0142a, takich jak grzejniki, piece czy kominki.<\/li><li data-section-id=\"1iru639\" data-start=\"1386\" data-end=\"1514\">Meble tapicerowane powinny by\u0107 u\u017cytkowane i piel\u0119gnowane z uwzgl\u0119dnieniem w\u0142a\u015bciwo\u015bci materia\u0142\u00f3w, z kt\u00f3rych zosta\u0142y wykonane.<\/li><li data-section-id=\"zrw8fo\" data-start=\"1515\" data-end=\"1917\">W trakcie normalnego u\u017cytkowania mog\u0105 wyst\u0119powa\u0107 naturalne zjawiska, takie jak marszczenie tkaniny, uk\u0142adanie si\u0119 wype\u0142nie\u0144, zmiany mi\u0119kko\u015bci, odkszta\u0142cenia wynikaj\u0105ce z eksploatacji, a w przypadku tkanin welurowych lub pluszowych tak\u017ce cieniowanie, zmiana u\u0142o\u017cenia w\u0142osa oraz r\u00f3\u017cnice w odbiorze koloru w zale\u017cno\u015bci od \u015bwiat\u0142a i k\u0105ta patrzenia. Zjawiska te s\u0105 naturalne i nie stanowi\u0105 wady produktu.<\/li><li data-section-id=\"12t5v4e\" data-start=\"1918\" data-end=\"2171\">Meble nale\u017cy czy\u015bci\u0107 i konserwowa\u0107 \u015brodkami przeznaczonymi do danego rodzaju materia\u0142u, zgodnie z zaleceniami producenta. Nie nale\u017cy stosowa\u0107 \u015brodk\u00f3w \u017cr\u0105cych, wybielaj\u0105cych, zawieraj\u0105cych rozpuszczalniki lub mog\u0105cych uszkodzi\u0107 powierzchni\u0119 materia\u0142u.<\/li><li data-section-id=\"ljgyxn\" data-start=\"2172\" data-end=\"2345\">U\u017cytkownik powinien okresowo kontrolowa\u0107 stan techniczny mebla oraz element\u00f3w monta\u017cowych i w razie potrzeby dokr\u0119ca\u0107 po\u0142\u0105czenia, je\u017celi konstrukcja produktu tego wymaga.<\/li><\/ol><h3 data-section-id=\"12g34bh\" data-start=\"2347\" data-end=\"2362\">\u00a74 Materace<\/h3><ol data-start=\"2364\" data-end=\"3205\"><li data-section-id=\"1whvbv9\" data-start=\"2364\" data-end=\"2468\">Materace nale\u017cy u\u017cytkowa\u0107 zgodnie z ich przeznaczeniem oraz zaleceniami dotycz\u0105cymi ich eksploatacji.<\/li><li data-section-id=\"io64yb\" data-start=\"2469\" data-end=\"2607\">Materac powinien by\u0107 u\u017cytkowany na odpowiednio dobranym pod\u0142o\u017cu lub stela\u017cu, zapewniaj\u0105cym w\u0142a\u015bciwe podparcie oraz wentylacj\u0119 produktu.<\/li><li data-section-id=\"119y035\" data-start=\"2608\" data-end=\"2781\">Nie nale\u017cy dopuszcza\u0107 do d\u0142ugotrwa\u0142ego zawilgocenia materaca ani przechowywa\u0107 go w warunkach mog\u0105cych prowadzi\u0107 do deformacji lub pogorszenia jego w\u0142a\u015bciwo\u015bci u\u017cytkowych.<\/li><li data-section-id=\"1lvyr8g\" data-start=\"2782\" data-end=\"3059\">W trakcie normalnego u\u017cytkowania materaca mog\u0105 wyst\u0119powa\u0107 naturalne zmiany wynikaj\u0105ce z eksploatacji materia\u0142\u00f3w, w tym stopniowe dopasowanie si\u0119 powierzchni do cia\u0142a u\u017cytkownika. Zjawiska te, o ile mieszcz\u0105 si\u0119 w granicach normalnego u\u017cytkowania, nie stanowi\u0105 wady produktu.<\/li><li data-section-id=\"1m80jfo\" data-start=\"3060\" data-end=\"3205\">Dla zachowania w\u0142a\u015bciwo\u015bci u\u017cytkowych zaleca si\u0119 regularne wietrzenie materaca oraz jego obracanie, je\u017celi konstrukcja produktu na to pozwala.<\/li><\/ol><h3 data-section-id=\"69sx3b\" data-start=\"3207\" data-end=\"3236\">\u00a75 Gwarancja nie obejmuje<\/h3><ol data-start=\"3238\" data-end=\"3907\"><li data-section-id=\"1dunue5\" data-start=\"3238\" data-end=\"3907\">Gwarancja nie obejmuje uszkodze\u0144 i wad powsta\u0142ych w szczeg\u00f3lno\u015bci na skutek u\u017cytkowania produktu niezgodnie z jego przeznaczeniem, niew\u0142a\u015bciwego monta\u017cu, niew\u0142a\u015bciwej piel\u0119gnacji lub konserwacji, uszkodze\u0144 mechanicznych, zabrudze\u0144, przetar\u0107, przeci\u0119\u0107, rozdar\u0107, przepale\u0144 i zala\u0144, dzia\u0142ania zwierz\u0105t, nadmiernych lub punktowych obci\u0105\u017ce\u0144, samodzielnych napraw, przer\u00f3bek lub ingerencji w konstrukcj\u0119 produktu, dzia\u0142ania wilgoci, wysokiej temperatury, intensywnego nas\u0142onecznienia lub innych czynnik\u00f3w zewn\u0119trznych, naturalnego zu\u017cycia produktu wynikaj\u0105cego z normalnej eksploatacji oraz naturalnych cech materia\u0142\u00f3w i komponent\u00f3w w\u0142a\u015bciwych dla danego rodzaju produktu.<\/li><\/ol><h3 data-section-id=\"uo5ili\" data-start=\"3909\" data-end=\"3926\">\u00a76 Reklamationen<\/h3><ol data-start=\"3928\" data-end=\"4101\"><li data-section-id=\"t08rs9\" data-start=\"3928\" data-end=\"4101\">Szczeg\u00f3\u0142owe informacje dotycz\u0105ce zasad sk\u0142adania oraz rozpatrywania reklamacji znajduj\u0105 si\u0119 w zak\u0142adce <strong data-start=\"4034\" data-end=\"4059\">\u201eZwroty i reklamacje\u201d<\/strong> dost\u0119pnej na naszej stronie internetowej.<\/li><\/ol>\t\t\t\t\t\t\t\t<\/div>\n\t\t\t\t<\/div>\n\t\t\t\t\t<\/div>\n\t\t\t\t<\/div>\n\t\t\t\t<\/div>","protected":false},"excerpt":{"rendered":"<p>Niniejszy dokument okre\u015bla zasady gwarancji oraz warunki prawid\u0142owego u\u017cytkowania produkt\u00f3w oferowanych w sklepie internetowym\u00a0www.davhonmeble.pl. \u00a71 Okres gwarancji Wszystkie produkty oferowane w naszym sklepie obj\u0119te s\u0105 gwarancj\u0105 przez okres 2 lat od dnia wydania produktu Kupuj\u0105cemu. Gwarancja obejmuje wady wynikaj\u0105ce z przyczyn tkwi\u0105cych w sprzedanym produkcie, ujawnione w okresie gwarancyjnym podczas prawid\u0142owego u\u017cytkowania, zgodnego z przeznaczeniem [&hellip;]<\/p>\n","protected":false},"author":2,"featured_media":0,"parent":0,"menu_order":0,"comment_status":"closed","ping_status":"closed","template":"","meta":{"_acf_changed":false,"footnotes":""},"class_list":["post-53173","page","type-page","status-publish","hentry"],"acf":[],"_links":{"self":[{"href":"https:\/\/davhonmeble.pl\/de\/wp-json\/wp\/v2\/pages\/53173","targetHints":{"allow":["GET"]}}],"collection":[{"href":"https:\/\/davhonmeble.pl\/de\/wp-json\/wp\/v2\/pages"}],"about":[{"href":"https:\/\/davhonmeble.pl\/de\/wp-json\/wp\/v2\/types\/page"}],"author":[{"embeddable":true,"href":"https:\/\/davhonmeble.pl\/de\/wp-json\/wp\/v2\/users\/2"}],"replies":[{"embeddable":true,"href":"https:\/\/davhonmeble.pl\/de\/wp-json\/wp\/v2\/comments?post=53173"}],"version-history":[{"count":29,"href":"https:\/\/davhonmeble.pl\/de\/wp-json\/wp\/v2\/pages\/53173\/revisions"}],"predecessor-version":[{"id":53240,"href":"https:\/\/davhonmeble.pl\/de\/wp-json\/wp\/v2\/pages\/53173\/revisions\/53240"}],"wp:attachment":[{"href":"https:\/\/davhonmeble.pl\/de\/wp-json\/wp\/v2\/media?parent=53173"}],"curies":[{"name":"wp","href":"https:\/\/api.w.org\/{rel}","templated":true}]}}